{"id":6302,"date":"2024-10-23T17:34:42","date_gmt":"2024-10-23T15:34:42","guid":{"rendered":"http:\/\/billigtrikots.com\/?post_type=product&#038;p=6302"},"modified":"2024-10-23T17:36:58","modified_gmt":"2024-10-23T15:36:58","slug":"lewandowski-9-kinder-fc-barcelona-22-23-auswaertstrikot-goldene-grundfarbe-trikotsatz","status":"publish","type":"product","link":"https:\/\/www.billigtrikotde.com\/sv\/lewandowski-9-kinder-fc-barcelona-22-23-auswaertstrikot-goldene-grundfarbe-trikotsatz\/","title":{"rendered":"LEWANDOWSKI 9 Barn FC Barcelona 22-23 Bortatr\u00f6ja Golden Basic Colour Kit"},"content":{"rendered":"<p>FC Barcelona 22-23 borta tr\u00f6ja har en guldig grundf\u00e4rg som v\u00e4cker minnen fr\u00e5n b\u00f6rjan av 2000-talet. Alla logotyper \u00e4r i m\u00f6rk marinbl\u00e5 f\u00e4rg. F\u00e4rgen och \u00e4rmdesignen p\u00e5 den nya tr\u00f6jan \u00e4r en h\u00e4nvisning till de guldmedaljer som idrottare f\u00e5r vid Olympiska spelen, 30 \u00e5r efter att Olympiska spelen 1992 h\u00f6lls i Barcelona. Spelen invigdes den 25 juli 1992. Dessutom kan f\u00e4rgerna p\u00e5 de fem olympiska ringarna ses p\u00e5 \u00e4rmkanterna och p\u00e5 strumporna.<\/p>\n<p>Precis som andra tr\u00f6jor fr\u00e5n v\u00e5r Stadium-kollektion ger denna tr\u00f6ja med replika-design och svettabsorberande teknologi ett spelklart utseende som \u00e4r inspirerat av ditt favoritlag.<\/p>\n<p>Tips f\u00f6r utskrift: Om namn och nummer p\u00e5 bilden \u00e4r exakt vad du vill ha, beh\u00f6ver du inte ange dem igen. Om inte, ska du ange \u00f6nskat namn och nummer.<\/p>\n<p>Tips f\u00f6r tv\u00e4tt: Det \u00e4r rekommenderat att tv\u00e4tta fotbollstr\u00f6jor f\u00f6r hand. Om du vill anv\u00e4nda tv\u00e4ttmaskinen ska du komma ih\u00e5g att v\u00e4nda fotbollstr\u00f6jorna ut och in och sedan tv\u00e4tta dem. Fyll maskinen med kallt vatten och anv\u00e4nd ett skonsamt program f\u00f6r att b\u00e4ttre skydda f\u00e4rgerna.<\/p>","protected":false},"excerpt":{"rendered":"<p>Das FC Barcelona 22-23 Ausw\u00e4rtstrikot hat eine goldene Grundfarbe, die Erinnerungen an die fr\u00fchen 2000er Jahre weckt. Alle Logos sind in dunklem Marineblau gehalten.Die Farbe und das \u00c4rmeldesign des neuen Trikots sind eine Anspielung auf die Goldmedaillen, die die Athleten bei den Olympischen Spielen erhalten, 30 Jahre nachdem die Olympischen Spiele 1992 in Barcelona stattfanden. [&hellip;]<\/p>","protected":false},"featured_media":6334,"comment_status":"open","ping_status":"closed","template":"","meta":[],"product_brand":[],"product_cat":[146],"product_tag":[147,20,279,280,33,35,21,22,23,24,94],"class_list":{"0":"post-6302","1":"product","2":"type-product","3":"status-publish","4":"has-post-thumbnail","6":"product_cat-barcelona-kindertrikot","7":"product_tag-barcelona-trikotsatz-fuer-kinder","8":"product_tag-coole-fussballtrikots","9":"product_tag-fc-barcelona-2022-23-trikot-kaufen","10":"product_tag-fc-barcelona-2022-23-trikot-kinder","11":"product_tag-fc-barcelona-trikots","12":"product_tag-fussball-torwarttrikots","13":"product_tag-fussballtrikot-fuer-herren","14":"product_tag-fussballtrikot-guenstig-kaufen","15":"product_tag-fussballtrikot-kurzarm","16":"product_tag-guenstiges-fussballtrikot","17":"product_tag-kinder-fussball-trikotsatz","19":"first","20":"instock","21":"shipping-taxable","22":"purchasable","23":"product-type-variable"},"_links":{"self":[{"href":"https:\/\/www.billigtrikotde.com\/sv\/wp-json\/wp\/v2\/product\/6302","targetHints":{"allow":["GET"]}}],"collection":[{"href":"https:\/\/www.billigtrikotde.com\/sv\/wp-json\/wp\/v2\/product"}],"about":[{"href":"https:\/\/www.billigtrikotde.com\/sv\/wp-json\/wp\/v2\/types\/product"}],"replies":[{"embeddable":true,"href":"https:\/\/www.billigtrikotde.com\/sv\/wp-json\/wp\/v2\/comments?post=6302"}],"wp:featuredmedia":[{"embeddable":true,"href":"https:\/\/www.billigtrikotde.com\/sv\/wp-json\/wp\/v2\/media\/6334"}],"wp:attachment":[{"href":"https:\/\/www.billigtrikotde.com\/sv\/wp-json\/wp\/v2\/media?parent=6302"}],"wp:term":[{"taxonomy":"product_brand","embeddable":true,"href":"https:\/\/www.billigtrikotde.com\/sv\/wp-json\/wp\/v2\/product_brand?post=6302"},{"taxonomy":"product_cat","embeddable":true,"href":"https:\/\/www.billigtrikotde.com\/sv\/wp-json\/wp\/v2\/product_cat?post=6302"},{"taxonomy":"product_tag","embeddable":true,"href":"https:\/\/www.billigtrikotde.com\/sv\/wp-json\/wp\/v2\/product_tag?post=6302"}],"curies":[{"name":"wp","href":"https:\/\/api.w.org\/{rel}","templated":true}]}}