{"id":6225,"date":"2024-10-23T17:30:42","date_gmt":"2024-10-23T15:30:42","guid":{"rendered":"http:\/\/billigtrikots.com\/?post_type=product&#038;p=6225"},"modified":"2024-10-23T17:32:54","modified_gmt":"2024-10-23T15:32:54","slug":"fc-barcelona-kinderheim-trikot-2022-23-trikotsatz-navy-blau-billige-fussballtrikots","status":"publish","type":"product","link":"https:\/\/www.billigtrikotde.com\/sv\/fc-barcelona-kinderheim-trikot-2022-23-trikotsatz-navy-blau-billige-fussballtrikots\/","title":{"rendered":"FC Barcelona Barn Hemmatr\u00f6ja 2022\/23 Kit Marinbl\u00e5 Billiga Fotbollstr\u00f6jor"},"content":{"rendered":"<p>FC Barcelona barnhem 2022\/23-tr\u00f6jan har de ikoniska Blaugrana-stripes i en b\u00f6jd riktning. Den kompletteras med ett m\u00f6rkbl\u00e5tt tema upptill, d\u00e4r Barcelonas nya sponsor Spotify syns i mitten. Som tidigare l\u00e4ckor f\u00f6rutsp\u00e5dde har Spotify-logotypen ett guldigt utseende som s\u00f6ml\u00f6st matchar tr\u00f6jans f\u00e4rger och ger den ett vintage-utseende. En majoritet av Barcelona-fansen skulle s\u00e4kert v\u00e4lkomna f\u00f6r\u00e4ndringen, s\u00e4rskilt efter den motreaktion som f\u00f6rra s\u00e4songens hemmatr\u00f6ja fick. Pokaltr\u00f6jan f\u00f6r Barcelona kanske inte kommer att leva upp till f\u00f6rv\u00e4ntningarna fr\u00e5n f\u00f6rra s\u00e4songen. Men den kan visa St. Georgs kors i Blaugrana-f\u00e4rger, som kompletterar en vit skjorta och ger den ett enkelt, klassiskt utseende.<\/p>\n<p>Tips f\u00f6r utskrift: Om namn och nummer p\u00e5 bilden \u00e4r exakt vad du vill ha, beh\u00f6ver du inte ange dem igen. Om inte, ska du ange \u00f6nskat namn och nummer.<\/p>\n<p>Tips f\u00f6r tv\u00e4tt: Det \u00e4r rekommenderat att tv\u00e4tta fotbollstr\u00f6jor f\u00f6r hand. Om du vill anv\u00e4nda tv\u00e4ttmaskinen ska du komma ih\u00e5g att v\u00e4nda fotbollstr\u00f6jorna ut och in och sedan tv\u00e4tta dem. Fyll maskinen med kallt vatten och anv\u00e4nd ett skonsamt program f\u00f6r att b\u00e4ttre skydda f\u00e4rgerna.<\/p>","protected":false},"excerpt":{"rendered":"<p>Das FC Barcelona Kinderheim 2022\/23 Trikot weist die ikonischen Blaugrana-Streifen in einer geschwungenen Ausrichtung auf. Es erg\u00e4nzt ein dunkelblaues Thema oben, wobei Barcelonas neuer Sponsor Spotify in der Mitte zu sehen ist.Wie von den Leaks vorhergesagt, hat das Spotify-Logo einen goldenen Look, der nahtlos zu den Trikotfarben passt und ihm einen Vintage-Look verleiht. Eine Mehrheit [&hellip;]<\/p>","protected":false},"featured_media":6263,"comment_status":"open","ping_status":"closed","template":"","meta":[],"product_brand":[],"product_cat":[146],"product_tag":[147,20,279,280,33,35,21,22,23,24,94],"class_list":{"0":"post-6225","1":"product","2":"type-product","3":"status-publish","4":"has-post-thumbnail","6":"product_cat-barcelona-kindertrikot","7":"product_tag-barcelona-trikotsatz-fuer-kinder","8":"product_tag-coole-fussballtrikots","9":"product_tag-fc-barcelona-2022-23-trikot-kaufen","10":"product_tag-fc-barcelona-2022-23-trikot-kinder","11":"product_tag-fc-barcelona-trikots","12":"product_tag-fussball-torwarttrikots","13":"product_tag-fussballtrikot-fuer-herren","14":"product_tag-fussballtrikot-guenstig-kaufen","15":"product_tag-fussballtrikot-kurzarm","16":"product_tag-guenstiges-fussballtrikot","17":"product_tag-kinder-fussball-trikotsatz","19":"first","20":"instock","21":"shipping-taxable","22":"purchasable","23":"product-type-variable"},"_links":{"self":[{"href":"https:\/\/www.billigtrikotde.com\/sv\/wp-json\/wp\/v2\/product\/6225","targetHints":{"allow":["GET"]}}],"collection":[{"href":"https:\/\/www.billigtrikotde.com\/sv\/wp-json\/wp\/v2\/product"}],"about":[{"href":"https:\/\/www.billigtrikotde.com\/sv\/wp-json\/wp\/v2\/types\/product"}],"replies":[{"embeddable":true,"href":"https:\/\/www.billigtrikotde.com\/sv\/wp-json\/wp\/v2\/comments?post=6225"}],"wp:featuredmedia":[{"embeddable":true,"href":"https:\/\/www.billigtrikotde.com\/sv\/wp-json\/wp\/v2\/media\/6263"}],"wp:attachment":[{"href":"https:\/\/www.billigtrikotde.com\/sv\/wp-json\/wp\/v2\/media?parent=6225"}],"wp:term":[{"taxonomy":"product_brand","embeddable":true,"href":"https:\/\/www.billigtrikotde.com\/sv\/wp-json\/wp\/v2\/product_brand?post=6225"},{"taxonomy":"product_cat","embeddable":true,"href":"https:\/\/www.billigtrikotde.com\/sv\/wp-json\/wp\/v2\/product_cat?post=6225"},{"taxonomy":"product_tag","embeddable":true,"href":"https:\/\/www.billigtrikotde.com\/sv\/wp-json\/wp\/v2\/product_tag?post=6225"}],"curies":[{"name":"wp","href":"https:\/\/api.w.org\/{rel}","templated":true}]}}