{"id":6149,"date":"2024-10-23T17:27:24","date_gmt":"2024-10-23T15:27:24","guid":{"rendered":"http:\/\/billigtrikots.com\/?post_type=product&#038;p=6149"},"modified":"2025-06-16T16:03:32","modified_gmt":"2025-06-16T14:03:32","slug":"kinder-juventus-fc-2022-23-heimtrikot-schwarz-weiss-kurzarm-kurze-hosen-ronaldo-7","status":"publish","type":"product","link":"https:\/\/www.billigtrikotde.com\/sv\/kinder-juventus-fc-2022-23-heimtrikot-schwarz-weiss-kurzarm-kurze-hosen-ronaldo-7\/","title":{"rendered":"Barn Juventus FC 2022-23 Hemmatr\u00f6ja Svart Vit Kort\u00e4rmad + Kortbyxor RONALDO 7"},"content":{"rendered":"<p>Debuten kan \u00e4ga rum i ett av de \u00e5terst\u00e5ende Serie A-matcherna eller till och med i Coppa Italia-finalen mot Inter \u2013 som f\u00f6rra \u00e5ret. Juventus 2022-23-tr\u00f6jan finns fr\u00e5n idag hos utvalda \u00e5terf\u00f6rs\u00e4ljare och fr\u00e5n den 27 maj \u00f6verallt och kommer att visas f\u00f6rsta g\u00e5ngen i Serie A-matchen mot Lazio den 16 maj.<\/p>\n<p>Adidas Juventus 2022-23 hemmatr\u00f6ja har en mycket unik tolkning av klubbens klassiska vitt- och svarta r\u00e4nder. R\u00e4nderna best\u00e5r av sm\u00e5 trianglar. Adidas anv\u00e4nder f\u00f6r Juventus-tr\u00f6jan 22-23 en enkel rund halskrage och svarta Tre Stripes. Efter att Juventus-tr\u00f6jorna 21-22 var utrustade med Jeep 4xe-logotypen kommer Juventus-tr\u00f6jan 22-23 med en \u201eelektrifierad\u201c Jeep-branding. Den inneh\u00e5ller blixtar.<\/p>\n<p>Tips f\u00f6r utskrift: Om namn och nummer p\u00e5 bilden \u00e4r exakt vad du vill ha, beh\u00f6ver du inte ange dem igen. Om inte, ska du ange \u00f6nskat namn och nummer.<\/p>\n<p>Tips f\u00f6r tv\u00e4tt: Det \u00e4r rekommenderat att tv\u00e4tta fotbollstr\u00f6jor f\u00f6r hand. Om du vill anv\u00e4nda tv\u00e4ttmaskinen ska du komma ih\u00e5g att v\u00e4nda fotbollstr\u00f6jorna ut och in och sedan tv\u00e4tta dem. Fyll maskinen med kallt vatten och anv\u00e4nd ett skonsamt program f\u00f6r att b\u00e4ttre skydda f\u00e4rgerna.<\/p>","protected":false},"excerpt":{"rendered":"<p>Debuten kan \u00e4ga rum i ett av de \u00e5terst\u00e5ende Serie A-matcherna eller till och med i Coppa Italia-finalen mot Inter \u2013 som f\u00f6rra \u00e5ret. Juventus 2022-23-tr\u00f6jan finns fr\u00e5n idag hos utvalda \u00e5terf\u00f6rs\u00e4ljare och fr\u00e5n den 27 maj \u00f6verallt och kommer att visas f\u00f6rsta g\u00e5ngen i Serie A-matchen mot Lazio den 16 maj.<\/p>","protected":false},"featured_media":6181,"comment_status":"open","ping_status":"closed","template":"","meta":[],"product_brand":[],"product_cat":[148],"product_tag":[20,38,24,276,149,94],"class_list":{"0":"post-6149","1":"product","2":"type-product","3":"status-publish","4":"has-post-thumbnail","6":"product_cat-juventus-kindertrikot","7":"product_tag-coole-fussballtrikots","8":"product_tag-fussball-trikot-langarm","9":"product_tag-guenstiges-fussballtrikot","10":"product_tag-juventus-2022-23-trikot","11":"product_tag-juventus-trikotsatz-fuer-kinder","12":"product_tag-kinder-fussball-trikotsatz","14":"first","15":"instock","16":"shipping-taxable","17":"purchasable","18":"product-type-variable"},"_links":{"self":[{"href":"https:\/\/www.billigtrikotde.com\/sv\/wp-json\/wp\/v2\/product\/6149","targetHints":{"allow":["GET"]}}],"collection":[{"href":"https:\/\/www.billigtrikotde.com\/sv\/wp-json\/wp\/v2\/product"}],"about":[{"href":"https:\/\/www.billigtrikotde.com\/sv\/wp-json\/wp\/v2\/types\/product"}],"replies":[{"embeddable":true,"href":"https:\/\/www.billigtrikotde.com\/sv\/wp-json\/wp\/v2\/comments?post=6149"}],"wp:featuredmedia":[{"embeddable":true,"href":"https:\/\/www.billigtrikotde.com\/sv\/wp-json\/wp\/v2\/media\/6181"}],"wp:attachment":[{"href":"https:\/\/www.billigtrikotde.com\/sv\/wp-json\/wp\/v2\/media?parent=6149"}],"wp:term":[{"taxonomy":"product_brand","embeddable":true,"href":"https:\/\/www.billigtrikotde.com\/sv\/wp-json\/wp\/v2\/product_brand?post=6149"},{"taxonomy":"product_cat","embeddable":true,"href":"https:\/\/www.billigtrikotde.com\/sv\/wp-json\/wp\/v2\/product_cat?post=6149"},{"taxonomy":"product_tag","embeddable":true,"href":"https:\/\/www.billigtrikotde.com\/sv\/wp-json\/wp\/v2\/product_tag?post=6149"}],"curies":[{"name":"wp","href":"https:\/\/api.w.org\/{rel}","templated":true}]}}