{"id":6123,"date":"2024-10-23T17:26:17","date_gmt":"2024-10-23T15:26:17","guid":{"rendered":"http:\/\/billigtrikots.com\/?post_type=product&#038;p=6123"},"modified":"2024-10-23T17:27:51","modified_gmt":"2024-10-23T15:27:51","slug":"kinder-manchester-city-fc-2022-23-heimtrikots-blau-weiss-trikotsatz-mit-aufdruck-bernardo-20","status":"publish","type":"product","link":"https:\/\/www.billigtrikotde.com\/sv\/kinder-manchester-city-fc-2022-23-heimtrikots-blau-weiss-trikotsatz-mit-aufdruck-bernardo-20\/","title":{"rendered":"Barn Manchester City FC 2022\/23 hemmatr\u00f6ja bl\u00e5 vit kit med tryck BERNARDO 20"},"content":{"rendered":"<p>Dessa shorts med normal passform i vit f\u00e4rg \u00e4r skurna av l\u00e4tt, andningsbart polyestermaterial f\u00f6r sval komfort. De har en elastisk midja och en justerbar dragsko f\u00f6r en avslappnad passform och \u00e4r utrustade med svettavledande dryCELL-teknologi f\u00f6r att h\u00e5lla dig torr och fr\u00e4sch. Avslutad med PUMA-logotypen och stadsvapnet p\u00e5 benet. Maskintv\u00e4ttbar.<\/p>\n<p>Tips f\u00f6r utskrift: Om namn och nummer p\u00e5 bilden \u00e4r exakt vad du vill ha, beh\u00f6ver du inte ange dem igen. Om inte, ska du ange \u00f6nskat namn och nummer.<\/p>\n<p>Tips f\u00f6r tv\u00e4tt: Det \u00e4r rekommenderat att tv\u00e4tta fotbollstr\u00f6jor f\u00f6r hand. Om du vill anv\u00e4nda tv\u00e4ttmaskinen ska du komma ih\u00e5g att v\u00e4nda fotbollstr\u00f6jorna ut och in och sedan tv\u00e4tta dem. Fyll maskinen med kallt vatten och anv\u00e4nd ett skonsamt program f\u00f6r att b\u00e4ttre skydda f\u00e4rgerna.<\/p>","protected":false},"excerpt":{"rendered":"<p>Dessa shorts med normal passform i vit f\u00e4rg \u00e4r skurna av l\u00e4tt, andningsbart polyestermaterial f\u00f6r sval komfort. De har en elastisk midja och en justerbar dragsko f\u00f6r en avslappnad passform och \u00e4r utrustade med svettavledande dryCELL-teknologi f\u00f6r att h\u00e5lla dig torr och fr\u00e4sch. Avslutad med PUMA-logotypen och stadsvapnet p\u00e5 benet. Maskintv\u00e4ttbar.<\/p>","protected":false},"featured_media":6156,"comment_status":"open","ping_status":"closed","template":"","meta":[],"product_brand":[],"product_cat":[144],"product_tag":[20,94,275,203,84,145],"class_list":{"0":"post-6123","1":"product","2":"type-product","3":"status-publish","4":"has-post-thumbnail","6":"product_cat-manchester-city-kindertrikot","7":"product_tag-coole-fussballtrikots","8":"product_tag-kinder-fussball-trikotsatz","9":"product_tag-kinder-trikot-manchester-city","10":"product_tag-manchester-city-ausweichtrikot","11":"product_tag-manchester-city-trikots","12":"product_tag-manchester-city-trikotsatz-fuer-kinder","14":"first","15":"instock","16":"shipping-taxable","17":"purchasable","18":"product-type-variable"},"_links":{"self":[{"href":"https:\/\/www.billigtrikotde.com\/sv\/wp-json\/wp\/v2\/product\/6123","targetHints":{"allow":["GET"]}}],"collection":[{"href":"https:\/\/www.billigtrikotde.com\/sv\/wp-json\/wp\/v2\/product"}],"about":[{"href":"https:\/\/www.billigtrikotde.com\/sv\/wp-json\/wp\/v2\/types\/product"}],"replies":[{"embeddable":true,"href":"https:\/\/www.billigtrikotde.com\/sv\/wp-json\/wp\/v2\/comments?post=6123"}],"wp:featuredmedia":[{"embeddable":true,"href":"https:\/\/www.billigtrikotde.com\/sv\/wp-json\/wp\/v2\/media\/6156"}],"wp:attachment":[{"href":"https:\/\/www.billigtrikotde.com\/sv\/wp-json\/wp\/v2\/media?parent=6123"}],"wp:term":[{"taxonomy":"product_brand","embeddable":true,"href":"https:\/\/www.billigtrikotde.com\/sv\/wp-json\/wp\/v2\/product_brand?post=6123"},{"taxonomy":"product_cat","embeddable":true,"href":"https:\/\/www.billigtrikotde.com\/sv\/wp-json\/wp\/v2\/product_cat?post=6123"},{"taxonomy":"product_tag","embeddable":true,"href":"https:\/\/www.billigtrikotde.com\/sv\/wp-json\/wp\/v2\/product_tag?post=6123"}],"curies":[{"name":"wp","href":"https:\/\/api.w.org\/{rel}","templated":true}]}}