{"id":5947,"date":"2024-10-23T17:17:58","date_gmt":"2024-10-23T15:17:58","guid":{"rendered":"http:\/\/billigtrikots.com\/?post_type=product&#038;p=5947"},"modified":"2025-10-16T16:04:14","modified_gmt":"2025-10-16T14:04:14","slug":"kroos-8-real-madrid-trikots-2022-23-heimtrikot-weiss-langarm-kurze-hosen","status":"publish","type":"product","link":"https:\/\/www.billigtrikotde.com\/sv\/kroos-8-real-madrid-trikots-2022-23-heimtrikot-weiss-langarm-kurze-hosen\/","title":{"rendered":"KROOS 8 Real Madrid Tr\u00f6jor 2022-23 Hemmatr\u00f6ja Vit L\u00e5ng\u00e4rmad + Shorts"},"content":{"rendered":"<p>Enkel, klassisk och skapad f\u00f6r att s\u00e4tta en milstolpe. Den tidl\u00f6sa looken p\u00e5 denna adidas l\u00e5ng\u00e4rmade Real Madrid-tr\u00f6ja accentueras av ljuslila detaljer och en upprepad, p\u00e5 den vita tyget pr\u00e4glad klubbemblem. Denna version av tr\u00f6jan ger fansen en bekv\u00e4m k\u00e4nsla tack vare den fukttransporterande AEROREADY-teknologin och de l\u00e5nga \u00e4rmarna.<\/p>\n<p>Tips f\u00f6r utskrift: Om namn och nummer p\u00e5 bilden \u00e4r exakt vad du vill ha, beh\u00f6ver du inte ange dem igen. Om inte, ska du ange \u00f6nskat namn och nummer.<\/p>\n<p>Tips f\u00f6r tv\u00e4tt: Det \u00e4r rekommenderat att tv\u00e4tta fotbollstr\u00f6jor f\u00f6r hand. Om du vill anv\u00e4nda tv\u00e4ttmaskinen ska du komma ih\u00e5g att v\u00e4nda fotbollstr\u00f6jorna ut och in och sedan tv\u00e4tta dem. Fyll maskinen med kallt vatten och anv\u00e4nd ett skonsamt program f\u00f6r att b\u00e4ttre skydda f\u00e4rgerna.<\/p>","protected":false},"excerpt":{"rendered":"<p>Enkel, klassisk och skapad f\u00f6r att s\u00e4tta en milstolpe. Den tidl\u00f6sa looken p\u00e5 denna adidas l\u00e5ng\u00e4rmade Real Madrid-tr\u00f6ja accentueras av ljuslila detaljer och en upprepad, p\u00e5 den vita tyget pr\u00e4glad klubbemblem. Denna version av tr\u00f6jan ger fansen en bekv\u00e4m k\u00e4nsla tack vare den fukttransporterande AEROREADY-teknologin och de l\u00e5nga \u00e4rmarna.<\/p>","protected":false},"featured_media":5986,"comment_status":"open","ping_status":"closed","template":"","meta":[],"product_brand":[],"product_cat":[45],"product_tag":[20,38,21,228,24,270,267,47,268],"class_list":{"0":"post-5947","1":"product","2":"type-product","3":"status-publish","4":"has-post-thumbnail","6":"product_cat-real-madrid","7":"product_tag-coole-fussballtrikots","8":"product_tag-fussball-trikot-langarm","9":"product_tag-fussballtrikot-fuer-herren","10":"product_tag-guenstige-fussballtrikot","11":"product_tag-guenstiges-fussballtrikot","12":"product_tag-real-madrid-trikot-deutschland","13":"product_tag-real-madrid-trikot-langarm-herren","14":"product_tag-real-madrid-trikots","15":"product_tag-real-madrid-trikots-22-23","17":"first","18":"instock","19":"shipping-taxable","20":"purchasable","21":"product-type-variable"},"_links":{"self":[{"href":"https:\/\/www.billigtrikotde.com\/sv\/wp-json\/wp\/v2\/product\/5947","targetHints":{"allow":["GET"]}}],"collection":[{"href":"https:\/\/www.billigtrikotde.com\/sv\/wp-json\/wp\/v2\/product"}],"about":[{"href":"https:\/\/www.billigtrikotde.com\/sv\/wp-json\/wp\/v2\/types\/product"}],"replies":[{"embeddable":true,"href":"https:\/\/www.billigtrikotde.com\/sv\/wp-json\/wp\/v2\/comments?post=5947"}],"wp:featuredmedia":[{"embeddable":true,"href":"https:\/\/www.billigtrikotde.com\/sv\/wp-json\/wp\/v2\/media\/5986"}],"wp:attachment":[{"href":"https:\/\/www.billigtrikotde.com\/sv\/wp-json\/wp\/v2\/media?parent=5947"}],"wp:term":[{"taxonomy":"product_brand","embeddable":true,"href":"https:\/\/www.billigtrikotde.com\/sv\/wp-json\/wp\/v2\/product_brand?post=5947"},{"taxonomy":"product_cat","embeddable":true,"href":"https:\/\/www.billigtrikotde.com\/sv\/wp-json\/wp\/v2\/product_cat?post=5947"},{"taxonomy":"product_tag","embeddable":true,"href":"https:\/\/www.billigtrikotde.com\/sv\/wp-json\/wp\/v2\/product_tag?post=5947"}],"curies":[{"name":"wp","href":"https:\/\/api.w.org\/{rel}","templated":true}]}}