{"id":5859,"date":"2024-10-23T17:14:03","date_gmt":"2024-10-23T15:14:03","guid":{"rendered":"http:\/\/billigtrikots.com\/?post_type=product&#038;p=5859"},"modified":"2025-06-16T16:03:49","modified_gmt":"2025-06-16T14:03:49","slug":"herren-juventus-2022-23-heimtrikot-schwarz-weiss-kaufen-mit-aufdruck-dybala-10","status":"publish","type":"product","link":"https:\/\/www.billigtrikotde.com\/sv\/herren-juventus-2022-23-heimtrikot-schwarz-weiss-kaufen-mit-aufdruck-dybala-10\/","title":{"rendered":"K\u00f6p Herr Juventus 2022-23 Hemmatr\u00f6ja Svart Vit med tryck DYBALA 10"},"content":{"rendered":"<p>Adidas Juventus 2022-23-tr\u00f6jan har en helt egen tolkning av klubbens klassiska vita och svarta r\u00e4nder. R\u00e4nderna best\u00e5r av sm\u00e5 trianglar. Adidas anv\u00e4nder f\u00f6r Juventus-tr\u00f6jan 22-23 en enkel rundhalskrage och svarta tre r\u00e4nder. Efter att Juventus-tr\u00f6jorna 21-22 var utrustade med Jeep 4xe-logotypen, kommer Juventus-tr\u00f6jan 22-23 med en \u201eelektrifierad\u201c Jeep-branding. Den inneh\u00e5ller blixtar.<\/p>\n<p>Tips f\u00f6r utskrift: Om namn och nummer p\u00e5 bilden \u00e4r exakt vad du vill ha, beh\u00f6ver du inte ange dem igen. Om inte, ska du ange \u00f6nskat namn och nummer.<\/p>\n<p>Tips f\u00f6r tv\u00e4tt: Det \u00e4r rekommenderat att tv\u00e4tta fotbollstr\u00f6jor f\u00f6r hand. Om du vill anv\u00e4nda tv\u00e4ttmaskinen ska du komma ih\u00e5g att v\u00e4nda fotbollstr\u00f6jorna ut och in och sedan tv\u00e4tta dem. Fyll maskinen med kallt vatten och anv\u00e4nd ett skonsamt program f\u00f6r att b\u00e4ttre skydda f\u00e4rgerna.<\/p>","protected":false},"excerpt":{"rendered":"<p>Das Adidas Juventus 2022-23 Trikot hat eine ganz eigene Interpretation der klassischen wei\u00dfen und schwarzen Streifen des Vereins. Die Streifen setzen sich aus kleinen Dreiecken zusammen.Adidas verwendet f\u00fcr das Juventus Trikot 22-23 einen einfachen Rundhalskragen und schwarze Drei Streifen. Nachdem die Juventus Trikots 21-22 mit dem Jeep 4xe Logo ausgestattet waren, kommt das Juventus Trikot [&hellip;]<\/p>","protected":false},"featured_media":5892,"comment_status":"open","ping_status":"closed","template":"","meta":[],"product_brand":[],"product_cat":[59],"product_tag":[20,38,43,21,22,24,265,266],"class_list":{"0":"post-5859","1":"product","2":"type-product","3":"status-publish","4":"has-post-thumbnail","6":"product_cat-juventus","7":"product_tag-coole-fussballtrikots","8":"product_tag-fussball-trikot-langarm","9":"product_tag-fussballkleidung","10":"product_tag-fussballtrikot-fuer-herren","11":"product_tag-fussballtrikot-guenstig-kaufen","12":"product_tag-guenstiges-fussballtrikot","13":"product_tag-juventus-2022-23-heimtrikot","14":"product_tag-juventus-trikots-set","16":"first","17":"instock","18":"shipping-taxable","19":"purchasable","20":"product-type-variable"},"_links":{"self":[{"href":"https:\/\/www.billigtrikotde.com\/sv\/wp-json\/wp\/v2\/product\/5859","targetHints":{"allow":["GET"]}}],"collection":[{"href":"https:\/\/www.billigtrikotde.com\/sv\/wp-json\/wp\/v2\/product"}],"about":[{"href":"https:\/\/www.billigtrikotde.com\/sv\/wp-json\/wp\/v2\/types\/product"}],"replies":[{"embeddable":true,"href":"https:\/\/www.billigtrikotde.com\/sv\/wp-json\/wp\/v2\/comments?post=5859"}],"wp:featuredmedia":[{"embeddable":true,"href":"https:\/\/www.billigtrikotde.com\/sv\/wp-json\/wp\/v2\/media\/5892"}],"wp:attachment":[{"href":"https:\/\/www.billigtrikotde.com\/sv\/wp-json\/wp\/v2\/media?parent=5859"}],"wp:term":[{"taxonomy":"product_brand","embeddable":true,"href":"https:\/\/www.billigtrikotde.com\/sv\/wp-json\/wp\/v2\/product_brand?post=5859"},{"taxonomy":"product_cat","embeddable":true,"href":"https:\/\/www.billigtrikotde.com\/sv\/wp-json\/wp\/v2\/product_cat?post=5859"},{"taxonomy":"product_tag","embeddable":true,"href":"https:\/\/www.billigtrikotde.com\/sv\/wp-json\/wp\/v2\/product_tag?post=5859"}],"curies":[{"name":"wp","href":"https:\/\/api.w.org\/{rel}","templated":true}]}}