{"id":5827,"date":"2024-10-23T17:12:25","date_gmt":"2024-10-23T15:12:25","guid":{"rendered":"http:\/\/billigtrikots.com\/?post_type=product&#038;p=5827"},"modified":"2024-10-23T17:14:32","modified_gmt":"2024-10-23T15:14:32","slug":"herren-kroatien-heimtrikot-wm-2022-weiss-rot-kaufen-kurzarm-kurze-hosen-anpassbare-name","status":"publish","type":"product","link":"https:\/\/www.billigtrikotde.com\/sv\/herren-kroatien-heimtrikot-wm-2022-weiss-rot-kaufen-kurzarm-kurze-hosen-anpassbare-name\/","title":{"rendered":"Herr Kroatien Hemmatr\u00f6ja World Cup 2022 Vit R\u00f6d K\u00f6p Shorts + Shorts Anpassningsbart Namn"},"content":{"rendered":"<p>Vi har f\u00e5tt ny information om Kroatiens tr\u00f6ja f\u00f6r VM 2022. Swoosh-f\u00e4rgen \"Battle Blue\" \u00e4r egentligen en kungabl\u00e5. Vi har gjort en mock-up av en m\u00f6jlig fullst\u00e4ndig look som baseras p\u00e5 Nike-mallen f\u00f6r VM 2022 och som inspirerats av de l\u00e4ckta 22-23-tr\u00f6jorna.<\/p>\n<p>Nike Kroatien 2022-tr\u00f6jan kombinerar bara tv\u00e5 huvudf\u00e4rger i Nikes interna data \u2013 vitt och Battle Blue. Den r\u00f6da f\u00e4rgen saknas, som anv\u00e4nds f\u00f6r den ber\u00f6mda rutiga m\u00f6nstret.Den Barcelona 22-23-tr\u00f6jan har i Nikes data inte heller n\u00e5gon r\u00f6d f\u00e4rg \u2013 det \u00e4r endast \u201dObsidian \/ Sesame\u201d. Den slutgiltiga Barcelona 22-23-tr\u00f6jan \u00e4r r\u00f6d, marinbl\u00e5 och bl\u00e5 randig. Battle Blue \u00e4r egentligen nytt f\u00f6r Kroatien. Det \u00e4r en n\u00e5got ljusare kungabl\u00e5 \u00e4n den bl\u00e5 f\u00e4rgen som anv\u00e4nds i tidigare hemmatr\u00f6jor.<br \/>\nDet verkar s\u00e4kert att vitt kommer att vara huvudf\u00e4rgen och Battle Blue anv\u00e4nds f\u00f6r logotyperna. Precis som p\u00e5 Barcelona-tr\u00f6jan kan \u00e4rmarna vara enf\u00e4rgade (vita).<\/p>\n<p>Tips f\u00f6r utskrift: Om namn och nummer p\u00e5 bilden \u00e4r exakt vad du vill ha, beh\u00f6ver du inte ange dem igen. Om inte, ska du ange \u00f6nskat namn och nummer.<\/p>\n<p>Tips f\u00f6r tv\u00e4tt: Det \u00e4r rekommenderat att tv\u00e4tta fotbollstr\u00f6jor f\u00f6r hand. Om du vill anv\u00e4nda tv\u00e4ttmaskinen ska du komma ih\u00e5g att v\u00e4nda fotbollstr\u00f6jorna ut och in och sedan tv\u00e4tta dem. Fyll maskinen med kallt vatten och anv\u00e4nd ett skonsamt program f\u00f6r att b\u00e4ttre skydda f\u00e4rgerna.<\/p>","protected":false},"excerpt":{"rendered":"<p>Vi har f\u00e5tt ny information om Kroatiens tr\u00f6ja inf\u00f6r VM 2022. Swoosh-f\u00e4rgen \u201eBattle Blue\u201c \u00e4r faktiskt en kungabl\u00e5. Vi har gjort en mock-up av en m\u00f6jlig komplett look som bygger p\u00e5 Nike:s mall f\u00f6r VM 2022 och som inspirerats av de l\u00e4ckta 22-23-tr\u00f6jorna. Nike Kroatien 2022-tr\u00f6jan kombinerar bara [\u2026]<\/p>","protected":false},"featured_media":5866,"comment_status":"open","ping_status":"closed","template":"","meta":[],"product_brand":[],"product_cat":[261],"product_tag":[20,35,21,22,23,24,262,263,264],"class_list":{"0":"post-5827","1":"product","2":"type-product","3":"status-publish","4":"has-post-thumbnail","6":"product_cat-kroatien-trikots","7":"product_tag-coole-fussballtrikots","8":"product_tag-fussball-torwarttrikots","9":"product_tag-fussballtrikot-fuer-herren","10":"product_tag-fussballtrikot-guenstig-kaufen","11":"product_tag-fussballtrikot-kurzarm","12":"product_tag-guenstiges-fussballtrikot","13":"product_tag-kroatien-heimtrikot","14":"product_tag-kroatien-trikot-herren","15":"product_tag-kroatien-trikots","17":"first","18":"instock","19":"shipping-taxable","20":"purchasable","21":"product-type-variable"},"_links":{"self":[{"href":"https:\/\/www.billigtrikotde.com\/sv\/wp-json\/wp\/v2\/product\/5827","targetHints":{"allow":["GET"]}}],"collection":[{"href":"https:\/\/www.billigtrikotde.com\/sv\/wp-json\/wp\/v2\/product"}],"about":[{"href":"https:\/\/www.billigtrikotde.com\/sv\/wp-json\/wp\/v2\/types\/product"}],"replies":[{"embeddable":true,"href":"https:\/\/www.billigtrikotde.com\/sv\/wp-json\/wp\/v2\/comments?post=5827"}],"wp:featuredmedia":[{"embeddable":true,"href":"https:\/\/www.billigtrikotde.com\/sv\/wp-json\/wp\/v2\/media\/5866"}],"wp:attachment":[{"href":"https:\/\/www.billigtrikotde.com\/sv\/wp-json\/wp\/v2\/media?parent=5827"}],"wp:term":[{"taxonomy":"product_brand","embeddable":true,"href":"https:\/\/www.billigtrikotde.com\/sv\/wp-json\/wp\/v2\/product_brand?post=5827"},{"taxonomy":"product_cat","embeddable":true,"href":"https:\/\/www.billigtrikotde.com\/sv\/wp-json\/wp\/v2\/product_cat?post=5827"},{"taxonomy":"product_tag","embeddable":true,"href":"https:\/\/www.billigtrikotde.com\/sv\/wp-json\/wp\/v2\/product_tag?post=5827"}],"curies":[{"name":"wp","href":"https:\/\/api.w.org\/{rel}","templated":true}]}}