{"id":5777,"date":"2024-10-23T17:10:10","date_gmt":"2024-10-23T15:10:10","guid":{"rendered":"http:\/\/billigtrikots.com\/?post_type=product&#038;p=5777"},"modified":"2024-10-23T17:12:15","modified_gmt":"2024-10-23T15:12:15","slug":"sergio-5-fc-barcelona-2020-2021-ausweichtrikot-set-rosa-kurzarm-schwarz-kurze-hosen","status":"publish","type":"product","link":"https:\/\/www.billigtrikotde.com\/sv\/sergio-5-fc-barcelona-2020-2021-ausweichtrikot-set-rosa-kurzarm-schwarz-kurze-hosen\/","title":{"rendered":"SERGIO 5 FC Barcelona 2020-2021 bortatr\u00f6ja set rosa kort\u00e4rmad + svarta shorts"},"content":{"rendered":"<p>Den nya Barcelona-tr\u00f6jan 2020-21 kombinerar en rosa (officiellt \u201ePink Beam\u201c) grund med svart och bl\u00e5gr\u00f6nt f\u00f6r logotyper och prydnader, vilket inspirerats av havet och stranden i staden. Under \u00e5ren har Barcelona haft m\u00e5nga rosa tr\u00f6jor (t.ex. Third 2018\/19), men de var oftast en blandning av rosa och orange, d\u00e4r FC Barcelona 2020-21 fotbollstr\u00f6ja kommer att vara klubbens f\u00f6rsta riktigt rosa.<br \/>\nB\u00e5de halsringen och \u00e4rmskydden \u00e4r halvt svarta och halvt bl\u00e5gr\u00f6nt. Swoosh-logotypen p\u00e5 h\u00f6ger br\u00f6st p\u00e5 den nya Barcelonas bortatr\u00f6ja \u00e4r svart, vilket avrundar den enkla men \u00e4nd\u00e5 ovanliga looken. P\u00e5 motsatt sida finns en svart-bl\u00e5gr\u00f6n version av f\u00f6reningsvapnet. Ett detaljer i det Katalanska flaggan finns p\u00e5 den \u00f6vre baksidan.<\/p>\n<p>Tips f\u00f6r utskrift: Om namn och nummer p\u00e5 bilden \u00e4r exakt vad du vill ha, beh\u00f6ver du inte ange dem igen. Om inte, ska du ange \u00f6nskat namn och nummer.<\/p>\n<p>Tips f\u00f6r tv\u00e4tt: Det \u00e4r rekommenderat att tv\u00e4tta fotbollstr\u00f6jor f\u00f6r hand. Om du vill anv\u00e4nda tv\u00e4ttmaskinen ska du komma ih\u00e5g att v\u00e4nda fotbollstr\u00f6jorna ut och in och sedan tv\u00e4tta dem. Fyll maskinen med kallt vatten och anv\u00e4nd ett skonsamt program f\u00f6r att b\u00e4ttre skydda f\u00e4rgerna.<\/p>","protected":false},"excerpt":{"rendered":"<p>Das neue Barcelona 2020-21 Trikot kombiniert eine rosa (offiziell \u201ePink Beam\u201c) Grundlage mit Schwarz und Blaugr\u00fcn f\u00fcr Logos und Verzierungen, was von Meer und Strand der Stadt inspiriert ist.W\u00e4hrend Barcelona im Laufe der Jahre viele rosa Trikots hatte (wie z.B. das Third 2018\/19), waren sie meist eine Mischung aus rosa und orange, wobei das FC [&hellip;]<\/p>","protected":false},"featured_media":5809,"comment_status":"open","ping_status":"closed","template":"","meta":[],"product_brand":[],"product_cat":[146],"product_tag":[260,147,20,33,35,21,22,23,24,94],"class_list":{"0":"post-5777","1":"product","2":"type-product","3":"status-publish","4":"has-post-thumbnail","6":"product_cat-barcelona-kindertrikot","7":"product_tag-barcelona-ausweichtrikot","8":"product_tag-barcelona-trikotsatz-fuer-kinder","9":"product_tag-coole-fussballtrikots","10":"product_tag-fc-barcelona-trikots","11":"product_tag-fussball-torwarttrikots","12":"product_tag-fussballtrikot-fuer-herren","13":"product_tag-fussballtrikot-guenstig-kaufen","14":"product_tag-fussballtrikot-kurzarm","15":"product_tag-guenstiges-fussballtrikot","16":"product_tag-kinder-fussball-trikotsatz","18":"first","19":"instock","20":"shipping-taxable","21":"purchasable","22":"product-type-variable"},"_links":{"self":[{"href":"https:\/\/www.billigtrikotde.com\/sv\/wp-json\/wp\/v2\/product\/5777","targetHints":{"allow":["GET"]}}],"collection":[{"href":"https:\/\/www.billigtrikotde.com\/sv\/wp-json\/wp\/v2\/product"}],"about":[{"href":"https:\/\/www.billigtrikotde.com\/sv\/wp-json\/wp\/v2\/types\/product"}],"replies":[{"embeddable":true,"href":"https:\/\/www.billigtrikotde.com\/sv\/wp-json\/wp\/v2\/comments?post=5777"}],"wp:featuredmedia":[{"embeddable":true,"href":"https:\/\/www.billigtrikotde.com\/sv\/wp-json\/wp\/v2\/media\/5809"}],"wp:attachment":[{"href":"https:\/\/www.billigtrikotde.com\/sv\/wp-json\/wp\/v2\/media?parent=5777"}],"wp:term":[{"taxonomy":"product_brand","embeddable":true,"href":"https:\/\/www.billigtrikotde.com\/sv\/wp-json\/wp\/v2\/product_brand?post=5777"},{"taxonomy":"product_cat","embeddable":true,"href":"https:\/\/www.billigtrikotde.com\/sv\/wp-json\/wp\/v2\/product_cat?post=5777"},{"taxonomy":"product_tag","embeddable":true,"href":"https:\/\/www.billigtrikotde.com\/sv\/wp-json\/wp\/v2\/product_tag?post=5777"}],"curies":[{"name":"wp","href":"https:\/\/api.w.org\/{rel}","templated":true}]}}