{"id":5739,"date":"2024-10-23T17:08:31","date_gmt":"2024-10-23T15:08:31","guid":{"rendered":"http:\/\/billigtrikots.com\/?post_type=product&#038;p=5739"},"modified":"2024-10-23T17:10:04","modified_gmt":"2024-10-23T15:10:04","slug":"spanien-heimtrikot-wm-2022-rot-trikotsatz-kurzarm-kurze-hosen-mit-aufdruck-more-no-9","status":"publish","type":"product","link":"https:\/\/www.billigtrikotde.com\/sv\/spanien-heimtrikot-wm-2022-rot-trikotsatz-kurzarm-kurze-hosen-mit-aufdruck-more-no-9\/","title":{"rendered":"Spanien hemma kit World Cup 2022 r\u00f6d tr\u00f6ja kort\u00e4rmad + shorts med tryck MER NO 9"},"content":{"rendered":"<p>Ungef\u00e4r fr\u00e5n sommaren 2022 kommer det svenska fotbollslandslaget att anv\u00e4nda en ny logotyp. Vi har f\u00f6rest\u00e4llt oss hur Sveriges tr\u00f6jor kan se ut med den nya logotypen. De nya logotyperna f\u00f6r RFEF (Spanska fotbollsf\u00f6rbundet) och det spanska fotbollslandslaget publicerades i mars 2021. De kommer att visas f\u00f6r f\u00f6rsta g\u00e5ngen p\u00e5 Sveriges fotbollslandslags tr\u00f6jor under VM 2022.<\/p>\n<p>Tips f\u00f6r utskrift: Om namn och nummer p\u00e5 bilden \u00e4r exakt vad du vill ha, beh\u00f6ver du inte ange dem igen. Om inte, ska du ange \u00f6nskat namn och nummer.<\/p>\n<p>Tips f\u00f6r tv\u00e4tt: Det \u00e4r rekommenderat att tv\u00e4tta fotbollstr\u00f6jor f\u00f6r hand. Om du vill anv\u00e4nda tv\u00e4ttmaskinen ska du komma ih\u00e5g att v\u00e4nda fotbollstr\u00f6jorna ut och in och sedan tv\u00e4tta dem. Fyll maskinen med kallt vatten och anv\u00e4nd ett skonsamt program f\u00f6r att b\u00e4ttre skydda f\u00e4rgerna.<\/p>","protected":false},"excerpt":{"rendered":"<p>Ungef\u00e4r fr\u00e5n sommaren 2022 kommer det svenska fotbollslandslaget att anv\u00e4nda en ny logotyp. Vi har f\u00f6rest\u00e4llt oss hur Sveriges tr\u00f6jor kan se ut med den nya logotypen. De nya logotyperna f\u00f6r RFEF (Spanska fotbollsf\u00f6rbundet) och det spanska fotbollslandslaget publicerades i mars 2021. De kommer att visas f\u00f6r f\u00f6rsta g\u00e5ngen p\u00e5 Sveriges fotbollslandslags tr\u00f6jor under VM 2022.<\/p>","protected":false},"featured_media":5772,"comment_status":"open","ping_status":"closed","template":"","meta":[],"product_brand":[],"product_cat":[131],"product_tag":[20,21,22,23,24,258,259],"class_list":{"0":"post-5739","1":"product","2":"type-product","3":"status-publish","4":"has-post-thumbnail","6":"product_cat-spanien-trikots","7":"product_tag-coole-fussballtrikots","8":"product_tag-fussballtrikot-fuer-herren","9":"product_tag-fussballtrikot-guenstig-kaufen","10":"product_tag-fussballtrikot-kurzarm","11":"product_tag-guenstiges-fussballtrikot","12":"product_tag-spanien-heimtrikot-wm-2022","13":"product_tag-spanien-heimtrikot-spanien-trikot-schwarz","15":"first","16":"instock","17":"shipping-taxable","18":"purchasable","19":"product-type-variable"},"_links":{"self":[{"href":"https:\/\/www.billigtrikotde.com\/sv\/wp-json\/wp\/v2\/product\/5739","targetHints":{"allow":["GET"]}}],"collection":[{"href":"https:\/\/www.billigtrikotde.com\/sv\/wp-json\/wp\/v2\/product"}],"about":[{"href":"https:\/\/www.billigtrikotde.com\/sv\/wp-json\/wp\/v2\/types\/product"}],"replies":[{"embeddable":true,"href":"https:\/\/www.billigtrikotde.com\/sv\/wp-json\/wp\/v2\/comments?post=5739"}],"wp:featuredmedia":[{"embeddable":true,"href":"https:\/\/www.billigtrikotde.com\/sv\/wp-json\/wp\/v2\/media\/5772"}],"wp:attachment":[{"href":"https:\/\/www.billigtrikotde.com\/sv\/wp-json\/wp\/v2\/media?parent=5739"}],"wp:term":[{"taxonomy":"product_brand","embeddable":true,"href":"https:\/\/www.billigtrikotde.com\/sv\/wp-json\/wp\/v2\/product_brand?post=5739"},{"taxonomy":"product_cat","embeddable":true,"href":"https:\/\/www.billigtrikotde.com\/sv\/wp-json\/wp\/v2\/product_cat?post=5739"},{"taxonomy":"product_tag","embeddable":true,"href":"https:\/\/www.billigtrikotde.com\/sv\/wp-json\/wp\/v2\/product_tag?post=5739"}],"curies":[{"name":"wp","href":"https:\/\/api.w.org\/{rel}","templated":true}]}}