{"id":571,"date":"2024-10-23T12:54:57","date_gmt":"2024-10-23T10:54:57","guid":{"rendered":"http:\/\/billigtrikots.com\/?post_type=product&#038;p=571"},"modified":"2024-10-23T12:56:29","modified_gmt":"2024-10-23T10:56:29","slug":"fussball-trikotsatz-psg-ausweichtrikot-2021-2022-schwarz-grau-mit-aufdruck-sergio-ramos-4","status":"publish","type":"product","link":"https:\/\/www.billigtrikotde.com\/sv\/fussball-trikotsatz-psg-ausweichtrikot-2021-2022-schwarz-grau-mit-aufdruck-sergio-ramos-4\/","title":{"rendered":"Fotbollskit PSG bortakit 2021\/2022 svart\/gr\u00e5 med tryck Sergio Ramos 4"},"content":{"rendered":"<p>Nike-tr\u00f6jan i svart visar din villkorsl\u00f6sa k\u00e4rlek och tillh\u00f6righet till din klubb. Denna Paris Saint-Germain-omg\u00e5ngstr\u00f6ja, som spelarna i Ligue 1 b\u00e4r, f\u00e5r inte saknas i n\u00e5gon supporterkollektion. Vi rekommenderar denna bekv\u00e4ma, andningsbara, svettavledande och l\u00e4tta modell med en behaglig b\u00e4rkomfort. Denna tr\u00f6ja \u00e4r den perfekta f\u00f6ljeslagaren f\u00f6r dina sportaktiviteter. Den utm\u00e4rker sig visuellt med en klubbvapen p\u00e5 br\u00f6stet.<\/p>\n<p>Tips f\u00f6r utskrift: Om namn och nummer p\u00e5 bilden \u00e4r exakt vad du vill ha, beh\u00f6ver du inte ange dem igen. Om inte, ska du ange \u00f6nskat namn och nummer.<\/p>\n<p>Tips f\u00f6r tv\u00e4tt: Det \u00e4r rekommenderat att tv\u00e4tta fotbollstr\u00f6jor f\u00f6r hand. Om du vill anv\u00e4nda tv\u00e4ttmaskinen ska du komma ih\u00e5g att v\u00e4nda fotbollstr\u00f6jorna ut och in och sedan tv\u00e4tta dem. Fyll maskinen med kallt vatten och anv\u00e4nd ett skonsamt program f\u00f6r att b\u00e4ttre skydda f\u00e4rgerna.<\/p>","protected":false},"excerpt":{"rendered":"<p>Das Trikot von Nike in Schwarz zeigt deine bedingungslose Liebe und Zugeh\u00f6rigkeit zu deinem Verein. In keiner Fan-Kollektion darf dieses Paris Saint-Germain-Ausweich-Trikot, wie es die Spieler in der Ligue 1 tragen, fehlen. Wir empfehlen dieses bequeme, atmungsaktive, schwei\u00dfableitende und leichte Modell mit dem angenehmen Tragegef\u00fchl. Dieses Trikot ist der ideale Begleiter f\u00fcr deine sportlichen Aktivit\u00e4ten. [&hellip;]<\/p>","protected":false},"featured_media":604,"comment_status":"open","ping_status":"closed","template":"","meta":[],"product_brand":[],"product_cat":[39],"product_tag":[20,21,22,23,24,42,41],"class_list":{"0":"post-571","1":"product","2":"type-product","3":"status-publish","4":"has-post-thumbnail","6":"product_cat-paris-saint-germain","7":"product_tag-coole-fussballtrikots","8":"product_tag-fussballtrikot-fuer-herren","9":"product_tag-fussballtrikot-guenstig-kaufen","10":"product_tag-fussballtrikot-kurzarm","11":"product_tag-guenstiges-fussballtrikot","12":"product_tag-paris-saint-germain-ausweichtrikot","13":"product_tag-paris-saint-germain-trikots","15":"first","16":"instock","17":"shipping-taxable","18":"purchasable","19":"product-type-variable"},"_links":{"self":[{"href":"https:\/\/www.billigtrikotde.com\/sv\/wp-json\/wp\/v2\/product\/571","targetHints":{"allow":["GET"]}}],"collection":[{"href":"https:\/\/www.billigtrikotde.com\/sv\/wp-json\/wp\/v2\/product"}],"about":[{"href":"https:\/\/www.billigtrikotde.com\/sv\/wp-json\/wp\/v2\/types\/product"}],"replies":[{"embeddable":true,"href":"https:\/\/www.billigtrikotde.com\/sv\/wp-json\/wp\/v2\/comments?post=571"}],"wp:featuredmedia":[{"embeddable":true,"href":"https:\/\/www.billigtrikotde.com\/sv\/wp-json\/wp\/v2\/media\/604"}],"wp:attachment":[{"href":"https:\/\/www.billigtrikotde.com\/sv\/wp-json\/wp\/v2\/media?parent=571"}],"wp:term":[{"taxonomy":"product_brand","embeddable":true,"href":"https:\/\/www.billigtrikotde.com\/sv\/wp-json\/wp\/v2\/product_brand?post=571"},{"taxonomy":"product_cat","embeddable":true,"href":"https:\/\/www.billigtrikotde.com\/sv\/wp-json\/wp\/v2\/product_cat?post=571"},{"taxonomy":"product_tag","embeddable":true,"href":"https:\/\/www.billigtrikotde.com\/sv\/wp-json\/wp\/v2\/product_tag?post=571"}],"curies":[{"name":"wp","href":"https:\/\/api.w.org\/{rel}","templated":true}]}}