{"id":5679,"date":"2024-10-23T17:05:51","date_gmt":"2024-10-23T15:05:51","guid":{"rendered":"http:\/\/billigtrikots.com\/?post_type=product&#038;p=5679"},"modified":"2024-10-23T17:07:21","modified_gmt":"2024-10-23T15:07:21","slug":"wales-heimtrikots-2022-rot-trikotsatz-kurzarm-kurze-hosen-herren-fussballtrikots","status":"publish","type":"product","link":"https:\/\/www.billigtrikotde.com\/sv\/wales-heimtrikots-2022-rot-trikotsatz-kurzarm-kurze-hosen-herren-fussballtrikots\/","title":{"rendered":"Wales Hemmatr\u00f6jor 2022 Red Kit Kort\u00e4rmad + Shorts Fotbollstr\u00f6jor f\u00f6r herrar"},"content":{"rendered":"<p>Wales missade kvalet till UEFA:s dam-EM 2022 efter att ha blivit trea i sin grupp bakom Norge och Nordirland. Trots detta ger oss Wales damlandslags tr\u00f6ja 2022 en inblick i vad vi kan f\u00f6rv\u00e4nta oss av Adidas-tr\u00f6jorna f\u00f6r turneringen. Adidas Wales 2022 hemmatr\u00f6ja f\u00f6r damer har en tydlig design i r\u00f6tt med vita och gr\u00f6na avslutningar vid kragen och \u00e4rmarna. Adidas- och Wales-logotyperna \u00e4r placerade i mitten.<\/p>\n<p>Tips f\u00f6r utskrift: Om namn och nummer p\u00e5 bilden \u00e4r exakt vad du vill ha, beh\u00f6ver du inte ange dem igen. Om inte, ska du ange \u00f6nskat namn och nummer.<\/p>\n<p>Tips f\u00f6r tv\u00e4tt: Det \u00e4r rekommenderat att tv\u00e4tta fotbollstr\u00f6jor f\u00f6r hand. Om du vill anv\u00e4nda tv\u00e4ttmaskinen ska du komma ih\u00e5g att v\u00e4nda fotbollstr\u00f6jorna ut och in och sedan tv\u00e4tta dem. Fyll maskinen med kallt vatten och anv\u00e4nd ett skonsamt program f\u00f6r att b\u00e4ttre skydda f\u00e4rgerna.<\/p>","protected":false},"excerpt":{"rendered":"<p>Wales verpasste die Qualifikation f\u00fcr die UEFA-Frauen-Europameisterschaft 2022, nachdem es in seiner Gruppe hinter Norwegen und Nordirland Dritter wurde. Trotzdem gibt uns das Trikot der Frauen von Wales 2022 einen Eindruck davon, was wir von den Adidas-Trikots f\u00fcr das Turnier erwarten k\u00f6nnen.Das Adidas Wales 2022 Heim trikot f\u00fcr Frauen hat ein klares Design in Rot [&hellip;]<\/p>","protected":false},"featured_media":5710,"comment_status":"open","ping_status":"closed","template":"","meta":[],"product_brand":[],"product_cat":[255],"product_tag":[20,21,22,23,24,256,257],"class_list":{"0":"post-5679","1":"product","2":"type-product","3":"status-publish","4":"has-post-thumbnail","6":"product_cat-wales-trikots","7":"product_tag-coole-fussballtrikots","8":"product_tag-fussballtrikot-fuer-herren","9":"product_tag-fussballtrikot-guenstig-kaufen","10":"product_tag-fussballtrikot-kurzarm","11":"product_tag-guenstiges-fussballtrikot","12":"product_tag-wales-2022-trikot","13":"product_tag-wales-trikots","15":"first","16":"instock","17":"shipping-taxable","18":"purchasable","19":"product-type-variable"},"_links":{"self":[{"href":"https:\/\/www.billigtrikotde.com\/sv\/wp-json\/wp\/v2\/product\/5679","targetHints":{"allow":["GET"]}}],"collection":[{"href":"https:\/\/www.billigtrikotde.com\/sv\/wp-json\/wp\/v2\/product"}],"about":[{"href":"https:\/\/www.billigtrikotde.com\/sv\/wp-json\/wp\/v2\/types\/product"}],"replies":[{"embeddable":true,"href":"https:\/\/www.billigtrikotde.com\/sv\/wp-json\/wp\/v2\/comments?post=5679"}],"wp:featuredmedia":[{"embeddable":true,"href":"https:\/\/www.billigtrikotde.com\/sv\/wp-json\/wp\/v2\/media\/5710"}],"wp:attachment":[{"href":"https:\/\/www.billigtrikotde.com\/sv\/wp-json\/wp\/v2\/media?parent=5679"}],"wp:term":[{"taxonomy":"product_brand","embeddable":true,"href":"https:\/\/www.billigtrikotde.com\/sv\/wp-json\/wp\/v2\/product_brand?post=5679"},{"taxonomy":"product_cat","embeddable":true,"href":"https:\/\/www.billigtrikotde.com\/sv\/wp-json\/wp\/v2\/product_cat?post=5679"},{"taxonomy":"product_tag","embeddable":true,"href":"https:\/\/www.billigtrikotde.com\/sv\/wp-json\/wp\/v2\/product_tag?post=5679"}],"curies":[{"name":"wp","href":"https:\/\/api.w.org\/{rel}","templated":true}]}}