{"id":557,"date":"2024-10-23T12:54:26","date_gmt":"2024-10-23T10:54:26","guid":{"rendered":"http:\/\/billigtrikots.com\/?post_type=product&#038;p=557"},"modified":"2024-10-23T12:55:58","modified_gmt":"2024-10-23T10:55:58","slug":"herren-fussballtrikot-fc-barcelona-junior-firpo-24-home-trikotsatz-langarm-kurze-hosen","status":"publish","type":"product","link":"https:\/\/www.billigtrikotde.com\/sv\/herren-fussballtrikot-fc-barcelona-junior-firpo-24-home-trikotsatz-langarm-kurze-hosen\/","title":{"rendered":"Fotbollstr\u00f6ja f\u00f6r herrar FC Barcelona Junior Firpo 24# Hemmatr\u00f6ja L\u00e5ng\u00e4rmad + Shorts"},"content":{"rendered":"<p>Visa din tillh\u00f6righet till ditt lag genom den l\u00e4tta modellen i bl\u00e5tt. Nike-tr\u00f6jan \u00e4r r\u00e4tt val. F\u00f6r riktiga FC Barcelona-fans ett m\u00e5ste: hemmatr\u00f6jan i originaldesign, som spelarna b\u00e4r i Primera Division. Den bekv\u00e4ma, l\u00e4tta, andningsaktiva och svettavledande modellen \u00f6vertygar fullst\u00e4ndigt. Oavsett hur h\u00e5rd tr\u00e4ningen eller spelet \u00e4r, med den h\u00e4r modellen \u00e4r du alltid v\u00e4lkl\u00e4dd. Den fantastiska looken p\u00e5 denna tr\u00f6ja f\u00f6rst\u00e4rks av ett klubbm\u00e4rke p\u00e5 br\u00f6stet. I denna bl\u00e5 modell med randig look blir du en riktig \u00f6gonf\u00e5ngare.<\/p>\n<p>Tips f\u00f6r utskrift: Om namn och nummer p\u00e5 bilden \u00e4r exakt vad du vill ha, beh\u00f6ver du inte ange dem igen. Om inte, ska du ange \u00f6nskat namn och nummer.<\/p>\n<p>Tips f\u00f6r tv\u00e4tt: Det \u00e4r rekommenderat att tv\u00e4tta fotbollstr\u00f6jor f\u00f6r hand. Om du vill anv\u00e4nda tv\u00e4ttmaskinen ska du komma ih\u00e5g att v\u00e4nda fotbollstr\u00f6jorna ut och in och sedan tv\u00e4tta dem. Fyll maskinen med kallt vatten och anv\u00e4nd ett skonsamt program f\u00f6r att b\u00e4ttre skydda f\u00e4rgerna.<\/p>","protected":false},"excerpt":{"rendered":"<p>Zeige deine Zugeh\u00f6rigkeit zu deinem Team durch das leichte Modell in Blau. Das Nike Shirt ist die richtige Wahl. F\u00fcr wahre FC Barcelona-Fans ein Must-Have: das Heim-Shirt im Originaldesign, wie es die Spieler in der Primera Division tragen. Das bequeme, leichte, atmungsaktive und schwei\u00dfableitende Modell \u00fcberzeugt auf ganzer Linie. Egal, wie hart das Training oder [&hellip;]<\/p>","protected":false},"featured_media":589,"comment_status":"open","ping_status":"closed","template":"","meta":[],"product_brand":[],"product_cat":[31],"product_tag":[20,33,38,21,24],"class_list":{"0":"post-557","1":"product","2":"type-product","3":"status-publish","4":"has-post-thumbnail","6":"product_cat-fc-barcelona","7":"product_tag-coole-fussballtrikots","8":"product_tag-fc-barcelona-trikots","9":"product_tag-fussball-trikot-langarm","10":"product_tag-fussballtrikot-fuer-herren","11":"product_tag-guenstiges-fussballtrikot","13":"first","14":"instock","15":"shipping-taxable","16":"purchasable","17":"product-type-variable"},"_links":{"self":[{"href":"https:\/\/www.billigtrikotde.com\/sv\/wp-json\/wp\/v2\/product\/557","targetHints":{"allow":["GET"]}}],"collection":[{"href":"https:\/\/www.billigtrikotde.com\/sv\/wp-json\/wp\/v2\/product"}],"about":[{"href":"https:\/\/www.billigtrikotde.com\/sv\/wp-json\/wp\/v2\/types\/product"}],"replies":[{"embeddable":true,"href":"https:\/\/www.billigtrikotde.com\/sv\/wp-json\/wp\/v2\/comments?post=557"}],"wp:featuredmedia":[{"embeddable":true,"href":"https:\/\/www.billigtrikotde.com\/sv\/wp-json\/wp\/v2\/media\/589"}],"wp:attachment":[{"href":"https:\/\/www.billigtrikotde.com\/sv\/wp-json\/wp\/v2\/media?parent=557"}],"wp:term":[{"taxonomy":"product_brand","embeddable":true,"href":"https:\/\/www.billigtrikotde.com\/sv\/wp-json\/wp\/v2\/product_brand?post=557"},{"taxonomy":"product_cat","embeddable":true,"href":"https:\/\/www.billigtrikotde.com\/sv\/wp-json\/wp\/v2\/product_cat?post=557"},{"taxonomy":"product_tag","embeddable":true,"href":"https:\/\/www.billigtrikotde.com\/sv\/wp-json\/wp\/v2\/product_tag?post=557"}],"curies":[{"name":"wp","href":"https:\/\/api.w.org\/{rel}","templated":true}]}}