{"id":555,"date":"2024-10-23T12:54:24","date_gmt":"2024-10-23T10:54:24","guid":{"rendered":"http:\/\/billigtrikots.com\/?post_type=product&#038;p=555"},"modified":"2024-10-23T12:55:57","modified_gmt":"2024-10-23T10:55:57","slug":"fc-barcelona-samuel-umtiti23-herren-home-fussballtrikot-langarm-kurze-hosen-2","status":"publish","type":"product","link":"https:\/\/www.billigtrikotde.com\/sv\/fc-barcelona-samuel-umtiti23-herren-home-fussballtrikot-langarm-kurze-hosen-2\/","title":{"rendered":"FC Barcelona Samuel Umtiti23# Fotbollstr\u00f6ja Hemma L\u00e5ng\u00e4rmad + Shorts f\u00f6r herrar"},"content":{"rendered":"<p>Med den svettavledande modellen i bl\u00e5tt visar du din villkorsl\u00f6sa k\u00e4rlek till din f\u00f6rening. Nike sl\u00e4pper med tr\u00f6jan en verkligt unik produkt. Varje sann FC Barcelona-supporter beh\u00f6ver denna hemma-tr\u00f6ja, f\u00f6r \u00e4ven spelarna b\u00e4r den i Primera Divisi\u00f3n. Den svettavledande, andningsaktiva, mycket bekv\u00e4ma och l\u00e4tta modellen \u00f6vertygar helt och h\u00e5llet. Den fantastiska looken p\u00e5 denna sporttopp betonas av ett klubbm\u00e4rke p\u00e5 br\u00f6stet. S\u00e5 blir du \u00e4nnu mer kapabel och kan i varje tr\u00e4ningspass ge allt. G\u00f6r ett statement i din outfit med denna bl\u00e5a sporttopp med randig look.<\/p>\n<p>Tips f\u00f6r utskrift: Om namn och nummer p\u00e5 bilden \u00e4r exakt vad du vill ha, beh\u00f6ver du inte ange dem igen. Om inte, ska du ange \u00f6nskat namn och nummer.<\/p>\n<p>Tips f\u00f6r tv\u00e4tt: Det \u00e4r rekommenderat att tv\u00e4tta fotbollstr\u00f6jor f\u00f6r hand. Om du vill anv\u00e4nda tv\u00e4ttmaskinen ska du komma ih\u00e5g att v\u00e4nda fotbollstr\u00f6jorna ut och in och sedan tv\u00e4tta dem. Fyll maskinen med kallt vatten och anv\u00e4nd ett skonsamt program f\u00f6r att b\u00e4ttre skydda f\u00e4rgerna.<\/p>","protected":false},"excerpt":{"rendered":"<p>Mit dem schwei\u00dfableitenden Modell in Blau zeigst du deine bedingungslose Liebe zu deinem Verein. Nike ver\u00f6ffentlicht mit dem Trikot ein wahrhaft einmaliges Produkt. Jeder wahre FC Barcelona-Supporter braucht dieses Heim-Trikot, denn auch die Spieler tragen es in der Primera Division. Das schwei\u00dfableitende, atmungsaktive, super bequeme und leichte Modell \u00fcberzeugt auf ganzer Linie. Die tolle Optik [&hellip;]<\/p>","protected":false},"featured_media":588,"comment_status":"open","ping_status":"closed","template":"","meta":[],"product_brand":[],"product_cat":[31],"product_tag":[20,33,38,21,24],"class_list":{"0":"post-555","1":"product","2":"type-product","3":"status-publish","4":"has-post-thumbnail","6":"product_cat-fc-barcelona","7":"product_tag-coole-fussballtrikots","8":"product_tag-fc-barcelona-trikots","9":"product_tag-fussball-trikot-langarm","10":"product_tag-fussballtrikot-fuer-herren","11":"product_tag-guenstiges-fussballtrikot","13":"first","14":"instock","15":"shipping-taxable","16":"purchasable","17":"product-type-variable"},"_links":{"self":[{"href":"https:\/\/www.billigtrikotde.com\/sv\/wp-json\/wp\/v2\/product\/555","targetHints":{"allow":["GET"]}}],"collection":[{"href":"https:\/\/www.billigtrikotde.com\/sv\/wp-json\/wp\/v2\/product"}],"about":[{"href":"https:\/\/www.billigtrikotde.com\/sv\/wp-json\/wp\/v2\/types\/product"}],"replies":[{"embeddable":true,"href":"https:\/\/www.billigtrikotde.com\/sv\/wp-json\/wp\/v2\/comments?post=555"}],"wp:featuredmedia":[{"embeddable":true,"href":"https:\/\/www.billigtrikotde.com\/sv\/wp-json\/wp\/v2\/media\/588"}],"wp:attachment":[{"href":"https:\/\/www.billigtrikotde.com\/sv\/wp-json\/wp\/v2\/media?parent=555"}],"wp:term":[{"taxonomy":"product_brand","embeddable":true,"href":"https:\/\/www.billigtrikotde.com\/sv\/wp-json\/wp\/v2\/product_brand?post=555"},{"taxonomy":"product_cat","embeddable":true,"href":"https:\/\/www.billigtrikotde.com\/sv\/wp-json\/wp\/v2\/product_cat?post=555"},{"taxonomy":"product_tag","embeddable":true,"href":"https:\/\/www.billigtrikotde.com\/sv\/wp-json\/wp\/v2\/product_tag?post=555"}],"curies":[{"name":"wp","href":"https:\/\/api.w.org\/{rel}","templated":true}]}}