{"id":5532,"date":"2024-10-23T16:59:16","date_gmt":"2024-10-23T14:59:16","guid":{"rendered":"http:\/\/billigtrikots.com\/?post_type=product&#038;p=5532"},"modified":"2024-10-23T17:01:25","modified_gmt":"2024-10-23T15:01:25","slug":"neue-fussballtrikots-der-usa-fuer-die-wm-2022-heimtrikot-marineblau-trikotsatz-pugh-2","status":"publish","type":"product","link":"https:\/\/www.billigtrikotde.com\/sv\/neue-fussballtrikots-der-usa-fuer-die-wm-2022-heimtrikot-marineblau-trikotsatz-pugh-2\/","title":{"rendered":"Nya fotbolls-tr\u00f6jor f\u00f6r Sverige f\u00f6r VM 2022 Hematr\u00f6ja Marinbl\u00e5 Tr\u00f6jset PUGH #2"},"content":{"rendered":"<p>Vi kan publicera de f\u00f6rsta uppgifterna om den nya tr\u00f6jan 2022 fr\u00e5n Nike i Sverige. Tack till Gol de Sergio. USA \u00e4r f\u00f6r n\u00e4rvarande tv\u00e5a i den sista omg\u00e5ngen av CONCACAF- kvalet till FIFA Futsal-V\u00e4rldscupen 2022. De tre b\u00e4sta lagen kvalificerar sig direkt, fj\u00e4rdeplatsen spelas i play-offs mellan f\u00f6rbund. Denna bild visar f\u00e4rgerna p\u00e5 den nya Nike US Soccer hemmatr\u00f6jan f\u00f6r VM 2022.<br \/>\nNike United States 2022-tr\u00f6jan kombinerar de mest traditionella f\u00e4rgerna i US Soccer-laget \u2013 vit och marinbl\u00e5. Officiellt heter f\u00e4rgerna \u201eWhite \/ Loyal Blue\u201c. Loyal Blue \u00e4r samma f\u00e4rg som ocks\u00e5 anv\u00e4nds f\u00f6r utetr\u00f6jan 2020. Det som \u00e4r speciellt med Nike USA 2022 VM-tr\u00f6jan \u00e4r den troliga placeringen av Swoosh. Ist\u00e4llet f\u00f6r Nike-loggan framtill kommer Swooshes troligen att synas p\u00e5 \u00e4rmarna. Det \u00e4r samma logotypstil som vi k\u00e4nner fr\u00e5n NFL. Den har aldrig anv\u00e4nts p\u00e5 en Nike fotbollstr\u00f6ja. Nummeret framtill skulle vara p\u00e5 motsatt sida om US Soccer-emblemet.<\/p>\n<p>Tips f\u00f6r utskrift: Om namn och nummer p\u00e5 bilden \u00e4r exakt vad du vill ha, beh\u00f6ver du inte ange dem igen. Om inte, ska du ange \u00f6nskat namn och nummer.<\/p>\n<p>Tips f\u00f6r tv\u00e4tt: Det \u00e4r rekommenderat att tv\u00e4tta fotbollstr\u00f6jor f\u00f6r hand. Om du vill anv\u00e4nda tv\u00e4ttmaskinen ska du komma ih\u00e5g att v\u00e4nda fotbollstr\u00f6jorna ut och in och sedan tv\u00e4tta dem. Fyll maskinen med kallt vatten och anv\u00e4nd ett skonsamt program f\u00f6r att b\u00e4ttre skydda f\u00e4rgerna.<\/p>","protected":false},"excerpt":{"rendered":"<p>Wir k\u00f6nnen die ersten Informationen \u00fcber das neue Trikot 2022 der Vereinigten Staaten von Amerika von Nike ver\u00f6ffentlichen. Danke an Gol de Sergio.Die USA sind derzeit Zweiter in der letzten Runde der CONCACAF-Qualifikation f\u00fcr die FIFA Fussball-Weltmeisterschaft 2022. Die ersten drei Mannschaften qualifizieren sich direkt, die viertplatzierte Mannschaft wird in Play-offs zwischen den Verb\u00e4nden ausgespielt.Dieses [&hellip;]<\/p>","protected":false},"featured_media":5564,"comment_status":"open","ping_status":"closed","template":"","meta":[],"product_brand":[],"product_cat":[245],"product_tag":[20,43,21,22,23,24,246,247,248,249,250],"class_list":{"0":"post-5532","1":"product","2":"type-product","3":"status-publish","4":"has-post-thumbnail","6":"product_cat-usa-trikots","7":"product_tag-coole-fussballtrikots","8":"product_tag-fussballkleidung","9":"product_tag-fussballtrikot-fuer-herren","10":"product_tag-fussballtrikot-guenstig-kaufen","11":"product_tag-fussballtrikot-kurzarm","12":"product_tag-guenstiges-fussballtrikot","13":"product_tag-united-states-2022-trikot","14":"product_tag-usa-fussball-shop","15":"product_tag-usa-fussball-trikot","16":"product_tag-usa-nationalmannschaft","17":"product_tag-usa-trikot-herren","19":"first","20":"instock","21":"shipping-taxable","22":"purchasable","23":"product-type-variable"},"_links":{"self":[{"href":"https:\/\/www.billigtrikotde.com\/sv\/wp-json\/wp\/v2\/product\/5532","targetHints":{"allow":["GET"]}}],"collection":[{"href":"https:\/\/www.billigtrikotde.com\/sv\/wp-json\/wp\/v2\/product"}],"about":[{"href":"https:\/\/www.billigtrikotde.com\/sv\/wp-json\/wp\/v2\/types\/product"}],"replies":[{"embeddable":true,"href":"https:\/\/www.billigtrikotde.com\/sv\/wp-json\/wp\/v2\/comments?post=5532"}],"wp:featuredmedia":[{"embeddable":true,"href":"https:\/\/www.billigtrikotde.com\/sv\/wp-json\/wp\/v2\/media\/5564"}],"wp:attachment":[{"href":"https:\/\/www.billigtrikotde.com\/sv\/wp-json\/wp\/v2\/media?parent=5532"}],"wp:term":[{"taxonomy":"product_brand","embeddable":true,"href":"https:\/\/www.billigtrikotde.com\/sv\/wp-json\/wp\/v2\/product_brand?post=5532"},{"taxonomy":"product_cat","embeddable":true,"href":"https:\/\/www.billigtrikotde.com\/sv\/wp-json\/wp\/v2\/product_cat?post=5532"},{"taxonomy":"product_tag","embeddable":true,"href":"https:\/\/www.billigtrikotde.com\/sv\/wp-json\/wp\/v2\/product_tag?post=5532"}],"curies":[{"name":"wp","href":"https:\/\/api.w.org\/{rel}","templated":true}]}}