{"id":5462,"date":"2024-10-23T16:55:56","date_gmt":"2024-10-23T14:55:56","guid":{"rendered":"http:\/\/billigtrikots.com\/?post_type=product&#038;p=5462"},"modified":"2024-10-23T16:58:01","modified_gmt":"2024-10-23T14:58:01","slug":"neue-fussballtrikots-paris-saint-germain-heimtrikot-2022-23-psg-blau-mbappe-7","status":"publish","type":"product","link":"https:\/\/www.billigtrikotde.com\/sv\/neue-fussballtrikots-paris-saint-germain-heimtrikot-2022-23-psg-blau-mbappe-7\/","title":{"rendered":"Nya Fotbollstr\u00f6jor Paris Saint Germain Hemmatr\u00f6ja 2022\/23 PSG bl\u00e5 MBAPP\u00c9 7"},"content":{"rendered":"<p>PSG:s 22-23-tr\u00f6ja har ett utseende som \u00e4r inspirerat av den klassiska Hechter-tr\u00f6jan, men med vitt och r\u00f6tt utbytt. Den nya PSG 22-23 tr\u00f6jan \u00e4r den senaste i en l\u00e5ng lista av 22-23 tr\u00f6jor som har l\u00e4ckt ut den senaste tiden, de flesta mer \u00e4n ett helt \u00e5r tidigare \u00e4n de kommer att sl\u00e4ppas. Kolla in l\u00e4ckorna fr\u00e5n Chelsea, Liverpool och Tottenham ocks\u00e5.Det \u00e4r en snygg design, som bara bryts av en utsk\u00e4rning av g\u00e4ddan... fotbollstr\u00f6jedesigner Franco Carabajal har f\u00f6rest\u00e4llt sig hur tr\u00f6jan kan se ut utan.PSG 22-23-tr\u00f6jan har en kontinuerlig g\u00e4ddremsa ist\u00e4llet f\u00f6r ett stort snitt i mitten. Detta g\u00f6r att designen ser mycket b\u00e4ttre ut.<br \/>\nFranco har ocks\u00e5 skapat tv\u00e5 versioner med Accor Live Limitless-logotypen. Vi gillar s\u00e4rskilt versionen med den lilla ACC inuti den vita tr\u00f6jan.I verkligheten borde utsk\u00e4rningen vara \u00e4nnu st\u00f6rre, eftersom ACC-logotypen ocks\u00e5 inneh\u00e5ller Accor Live Limitless-texten under.Paris Saint-Germain kan presentera den nya 22-23-tr\u00f6jan redan i s\u00e4songens sista match mot Metz den 21 maj 2022. I s\u00e5 fall kommer de s\u00e4kert att b\u00e4ra den med ACC-logotypen och logotyperna p\u00e5 Paris Saint-Germain 22-23-tr\u00f6jan \u00e4r centrerade, med swoosh under klubbm\u00e4rket.<\/p>\n<p>Tips f\u00f6r utskrift: Om namn och nummer p\u00e5 bilden \u00e4r exakt vad du vill ha, beh\u00f6ver du inte ange dem igen. Om inte, ska du ange \u00f6nskat namn och nummer.<\/p>\n<p>Tips f\u00f6r tv\u00e4tt: Det \u00e4r rekommenderat att tv\u00e4tta fotbollstr\u00f6jor f\u00f6r hand. Om du vill anv\u00e4nda tv\u00e4ttmaskinen ska du komma ih\u00e5g att v\u00e4nda fotbollstr\u00f6jorna ut och in och sedan tv\u00e4tta dem. Fyll maskinen med kallt vatten och anv\u00e4nd ett skonsamt program f\u00f6r att b\u00e4ttre skydda f\u00e4rgerna.<\/p>","protected":false},"excerpt":{"rendered":"<p>Das PSG 22-23 Trikot hat einen Look, der vom klassischen Hechter inspiriert ist, bei dem aber das Wei\u00df und Rot vertauscht wurden. Das neue PSG 22-23 Trikot ist das letzte in einer langen Liste von 22-23 Trikots, die k\u00fcrzlich geleakt sind, die meisten mehr als ein ganzes Jahr fr\u00fcher als sie ver\u00f6ffentlicht werden. Sieh dir [&hellip;]<\/p>","protected":false},"featured_media":5501,"comment_status":"open","ping_status":"closed","template":"","meta":[],"product_brand":[],"product_cat":[39],"product_tag":[20,43,21,22,23,24,44,41,244],"class_list":{"0":"post-5462","1":"product","2":"type-product","3":"status-publish","4":"has-post-thumbnail","6":"product_cat-paris-saint-germain","7":"product_tag-coole-fussballtrikots","8":"product_tag-fussballkleidung","9":"product_tag-fussballtrikot-fuer-herren","10":"product_tag-fussballtrikot-guenstig-kaufen","11":"product_tag-fussballtrikot-kurzarm","12":"product_tag-guenstiges-fussballtrikot","13":"product_tag-paris-saint-germain-auswaertstrikot","14":"product_tag-paris-saint-germain-trikots","15":"product_tag-psg-trikot-2022-23","17":"first","18":"instock","19":"shipping-taxable","20":"purchasable","21":"product-type-variable"},"_links":{"self":[{"href":"https:\/\/www.billigtrikotde.com\/sv\/wp-json\/wp\/v2\/product\/5462","targetHints":{"allow":["GET"]}}],"collection":[{"href":"https:\/\/www.billigtrikotde.com\/sv\/wp-json\/wp\/v2\/product"}],"about":[{"href":"https:\/\/www.billigtrikotde.com\/sv\/wp-json\/wp\/v2\/types\/product"}],"replies":[{"embeddable":true,"href":"https:\/\/www.billigtrikotde.com\/sv\/wp-json\/wp\/v2\/comments?post=5462"}],"wp:featuredmedia":[{"embeddable":true,"href":"https:\/\/www.billigtrikotde.com\/sv\/wp-json\/wp\/v2\/media\/5501"}],"wp:attachment":[{"href":"https:\/\/www.billigtrikotde.com\/sv\/wp-json\/wp\/v2\/media?parent=5462"}],"wp:term":[{"taxonomy":"product_brand","embeddable":true,"href":"https:\/\/www.billigtrikotde.com\/sv\/wp-json\/wp\/v2\/product_brand?post=5462"},{"taxonomy":"product_cat","embeddable":true,"href":"https:\/\/www.billigtrikotde.com\/sv\/wp-json\/wp\/v2\/product_cat?post=5462"},{"taxonomy":"product_tag","embeddable":true,"href":"https:\/\/www.billigtrikotde.com\/sv\/wp-json\/wp\/v2\/product_tag?post=5462"}],"curies":[{"name":"wp","href":"https:\/\/api.w.org\/{rel}","templated":true}]}}