{"id":5414,"date":"2024-10-23T16:53:44","date_gmt":"2024-10-23T14:53:44","guid":{"rendered":"http:\/\/billigtrikots.com\/?post_type=product&#038;p=5414"},"modified":"2025-06-09T04:42:48","modified_gmt":"2025-06-09T02:42:48","slug":"herren-arsenal-2022-23-heimtrikot-rot-weiss-trikotsatz-kurzarm-kurze-hosen-willian-12","status":"publish","type":"product","link":"https:\/\/www.billigtrikotde.com\/sv\/herren-arsenal-2022-23-heimtrikot-rot-weiss-trikotsatz-kurzarm-kurze-hosen-willian-12\/","title":{"rendered":"Herr Arsenal 2022\/23 Hemma-tr\u00f6ja r\u00f6d-vit Tr\u00f6jset kort\u00e4rmad + korta byxor WILLIAN 12"},"content":{"rendered":"<p>Arsenal 22-23-tr\u00f6jan kommer att lanseras den 19 maj 2022. Det f\u00f6rv\u00e4ntas att f\u00f6rst\u00e4rkningslaget kommer att b\u00e4ra den i sista matchen mot Everton den 22 maj. Som i andra s\u00e4songer kommer den nya bortatr\u00f6jan f\u00f6r s\u00e4songen 2022-23 att lanseras som en del av USA-turn\u00e9n i juli. Den kommer f\u00f6rmodligen att presenteras f\u00f6rsta g\u00e5ngen mot Everton (16 juli). Arsenal kan ocks\u00e5 b\u00e4ra den mot Orlando City (20 juli) och Chelsea (23 juli).<\/p>\n<p>Tips f\u00f6r utskrift: Om namn och nummer p\u00e5 bilden \u00e4r exakt vad du vill ha, beh\u00f6ver du inte ange dem igen. Om inte, ska du ange \u00f6nskat namn och nummer.<\/p>\n<p>Tips f\u00f6r tv\u00e4tt: Det \u00e4r rekommenderat att tv\u00e4tta fotbollstr\u00f6jor f\u00f6r hand. Om du vill anv\u00e4nda tv\u00e4ttmaskinen ska du komma ih\u00e5g att v\u00e4nda fotbollstr\u00f6jorna ut och in och sedan tv\u00e4tta dem. Fyll maskinen med kallt vatten och anv\u00e4nd ett skonsamt program f\u00f6r att b\u00e4ttre skydda f\u00e4rgerna.<\/p>","protected":false},"excerpt":{"rendered":"<p>Das Arsenal 22-23 Trikot wird am 19. Mai 2022 auf den Markt kommen. Es wird davon ausgegangen, dass die erste Mannschaft es beim letzten Spiel gegen Everton am 22. Mai tragen wird.As in other seasons, the new away kit for the 2022-23 season will be launched as part of the USA tour in July. It [&hellip;]<\/p>","protected":false},"featured_media":5453,"comment_status":"open","ping_status":"closed","template":"","meta":[],"product_brand":[],"product_cat":[55],"product_tag":[243,20,21,22,23,54,24],"class_list":{"0":"post-5414","1":"product","2":"type-product","3":"status-publish","4":"has-post-thumbnail","6":"product_cat-arsenal","7":"product_tag-arsenal-2022-2023-heimtrikot","8":"product_tag-coole-fussballtrikots","9":"product_tag-fussballtrikot-fuer-herren","10":"product_tag-fussballtrikot-guenstig-kaufen","11":"product_tag-fussballtrikot-kurzarm","12":"product_tag-fussballtrikot-set","13":"product_tag-guenstiges-fussballtrikot","15":"first","16":"instock","17":"shipping-taxable","18":"purchasable","19":"product-type-variable"},"_links":{"self":[{"href":"https:\/\/www.billigtrikotde.com\/sv\/wp-json\/wp\/v2\/product\/5414","targetHints":{"allow":["GET"]}}],"collection":[{"href":"https:\/\/www.billigtrikotde.com\/sv\/wp-json\/wp\/v2\/product"}],"about":[{"href":"https:\/\/www.billigtrikotde.com\/sv\/wp-json\/wp\/v2\/types\/product"}],"replies":[{"embeddable":true,"href":"https:\/\/www.billigtrikotde.com\/sv\/wp-json\/wp\/v2\/comments?post=5414"}],"wp:featuredmedia":[{"embeddable":true,"href":"https:\/\/www.billigtrikotde.com\/sv\/wp-json\/wp\/v2\/media\/5453"}],"wp:attachment":[{"href":"https:\/\/www.billigtrikotde.com\/sv\/wp-json\/wp\/v2\/media?parent=5414"}],"wp:term":[{"taxonomy":"product_brand","embeddable":true,"href":"https:\/\/www.billigtrikotde.com\/sv\/wp-json\/wp\/v2\/product_brand?post=5414"},{"taxonomy":"product_cat","embeddable":true,"href":"https:\/\/www.billigtrikotde.com\/sv\/wp-json\/wp\/v2\/product_cat?post=5414"},{"taxonomy":"product_tag","embeddable":true,"href":"https:\/\/www.billigtrikotde.com\/sv\/wp-json\/wp\/v2\/product_tag?post=5414"}],"curies":[{"name":"wp","href":"https:\/\/api.w.org\/{rel}","templated":true}]}}