{"id":540,"date":"2024-10-23T12:53:47","date_gmt":"2024-10-23T10:53:47","guid":{"rendered":"http:\/\/billigtrikots.com\/?post_type=product&#038;p=540"},"modified":"2024-10-23T12:55:21","modified_gmt":"2024-10-23T10:55:21","slug":"fc-barcelona-neto-13-fussballtrikots-offizielles-set-21-22-langarm-kurze-hosen","status":"publish","type":"product","link":"https:\/\/www.billigtrikotde.com\/sv\/fc-barcelona-neto-13-fussballtrikots-offizielles-set-21-22-langarm-kurze-hosen\/","title":{"rendered":"FC Barcelona Neto 13# Fotbollstr\u00f6jor Officiell upps\u00e4ttning 21\/22 L\u00e5ng\u00e4rmad + Shorts"},"content":{"rendered":"<p>Visa din tillh\u00f6righet till ditt lag genom den l\u00e4tta modellen i bl\u00e5tt. Nike-tr\u00f6jan ger riktig entusiasm. Mer st\u00f6d \u00e4r knappt m\u00f6jligt! Med denna hemmatr\u00f6ja f\u00f6r FC Barcelona ut\u00f6kar du din fan-kollektion med en artikel som spelarna i Primera Division b\u00e4r. Den superbekv\u00e4ma, svettavvisande, andningsbara och l\u00e4tta funktionaliteten g\u00f6r att den imponerar. Med denna sporttr\u00f6ja \u00e4r du v\u00e4lutrustad f\u00f6r varje tr\u00e4ning. Den blir en riktig h\u00f6jdpunkt med klubbm\u00e4rket p\u00e5 br\u00f6stet. Denna snygga modell \u00e4r precis r\u00e4tt om du letar efter en bl\u00e5 sporttop med utseende.<\/p>\n<p>Tips f\u00f6r utskrift: Om namn och nummer p\u00e5 bilden \u00e4r exakt vad du vill ha, beh\u00f6ver du inte ange dem igen. Om inte, ska du ange \u00f6nskat namn och nummer.<\/p>\n<p>Tips f\u00f6r tv\u00e4tt: Det \u00e4r rekommenderat att tv\u00e4tta fotbollstr\u00f6jor f\u00f6r hand. Om du vill anv\u00e4nda tv\u00e4ttmaskinen ska du komma ih\u00e5g att v\u00e4nda fotbollstr\u00f6jorna ut och in och sedan tv\u00e4tta dem. Fyll maskinen med kallt vatten och anv\u00e4nd ett skonsamt program f\u00f6r att b\u00e4ttre skydda f\u00e4rgerna.<\/p>","protected":false},"excerpt":{"rendered":"<p>Zeige deine Zugeh\u00f6rigkeit zu deinem Team durch das leichte Modell in Blau. Das Nike Trikot sorgt f\u00fcr wahre Begeisterung. Mehr Support geht kaum! Mit diesem FC Barcelona-Heim-Trikot erweiterst du deine Fan-Kollektion um einen Artikel, wie ihn die Spieler in der Primera Division tragen. Die super bequeme, schwei\u00dfableitende, atmungsaktive und leichte Funktionsweise l\u00e4sst es \u00fcberzeugen. Mit [&hellip;]<\/p>","protected":false},"featured_media":574,"comment_status":"open","ping_status":"closed","template":"","meta":[],"product_brand":[],"product_cat":[31],"product_tag":[20,33,38,21,24],"class_list":{"0":"post-540","1":"product","2":"type-product","3":"status-publish","4":"has-post-thumbnail","6":"product_cat-fc-barcelona","7":"product_tag-coole-fussballtrikots","8":"product_tag-fc-barcelona-trikots","9":"product_tag-fussball-trikot-langarm","10":"product_tag-fussballtrikot-fuer-herren","11":"product_tag-guenstiges-fussballtrikot","13":"first","14":"instock","15":"shipping-taxable","16":"purchasable","17":"product-type-variable"},"_links":{"self":[{"href":"https:\/\/www.billigtrikotde.com\/sv\/wp-json\/wp\/v2\/product\/540","targetHints":{"allow":["GET"]}}],"collection":[{"href":"https:\/\/www.billigtrikotde.com\/sv\/wp-json\/wp\/v2\/product"}],"about":[{"href":"https:\/\/www.billigtrikotde.com\/sv\/wp-json\/wp\/v2\/types\/product"}],"replies":[{"embeddable":true,"href":"https:\/\/www.billigtrikotde.com\/sv\/wp-json\/wp\/v2\/comments?post=540"}],"wp:featuredmedia":[{"embeddable":true,"href":"https:\/\/www.billigtrikotde.com\/sv\/wp-json\/wp\/v2\/media\/574"}],"wp:attachment":[{"href":"https:\/\/www.billigtrikotde.com\/sv\/wp-json\/wp\/v2\/media?parent=540"}],"wp:term":[{"taxonomy":"product_brand","embeddable":true,"href":"https:\/\/www.billigtrikotde.com\/sv\/wp-json\/wp\/v2\/product_brand?post=540"},{"taxonomy":"product_cat","embeddable":true,"href":"https:\/\/www.billigtrikotde.com\/sv\/wp-json\/wp\/v2\/product_cat?post=540"},{"taxonomy":"product_tag","embeddable":true,"href":"https:\/\/www.billigtrikotde.com\/sv\/wp-json\/wp\/v2\/product_tag?post=540"}],"curies":[{"name":"wp","href":"https:\/\/api.w.org\/{rel}","templated":true}]}}