{"id":5272,"date":"2024-10-23T16:47:00","date_gmt":"2024-10-23T14:47:00","guid":{"rendered":"http:\/\/billigtrikots.com\/?post_type=product&#038;p=5272"},"modified":"2025-10-16T16:04:23","modified_gmt":"2025-10-16T14:04:23","slug":"herren-y-3-real-madrid-viertes-fussballtrikot-schwarz-fuer-die-saison-2021-2022-guenstige-fussballtrikots","status":"publish","type":"product","link":"https:\/\/www.billigtrikotde.com\/sv\/herren-y-3-real-madrid-viertes-fussballtrikot-schwarz-fuer-die-saison-2021-2022-guenstige-fussballtrikots\/","title":{"rendered":"Y-3 Real Madrid Fj\u00e4rde Fotbollstr\u00f6ja f\u00f6r herrar svart f\u00f6r s\u00e4songen 2021-2022 Billiga Fotbollstr\u00f6jor"},"content":{"rendered":"<p>20 \u00e5r Y-3 m\u00f6ter 120 \u00e5r toppfotboll. Y-3 och Real Madrid har slagits samman igen i samband med deras jubileer och d\u00e4rmed har denna fj\u00e4rde tr\u00f6ja f\u00f6r barn och ton\u00e5ringar uppst\u00e5tt, utrustad med kylande HEAT.RDY-teknologi. Den perfekta fusionen av mode och sportkl\u00e4der, tolkad i en diskret grafik av dynamiska, korsande linjer. P\u00e5 br\u00f6stet st\u00e5r Y-3-logotypen f\u00f6r en absolut nyhet: F\u00f6r f\u00f6rsta g\u00e5ngen ers\u00e4tter den adidas-logotypen p\u00e5 en tr\u00f6ja. Och l\u00e4ngst ner runt f\u00e5llen rundar en extra stor label den speciella samarbetet stilfullt av.<\/p>\n<p>Tips f\u00f6r utskrift: Om namn och nummer p\u00e5 bilden \u00e4r exakt vad du vill ha, beh\u00f6ver du inte ange dem igen. Om inte, ska du ange \u00f6nskat namn och nummer.<\/p>\n<p>Tips f\u00f6r tv\u00e4tt: Det \u00e4r rekommenderat att tv\u00e4tta fotbollstr\u00f6jor f\u00f6r hand. Om du vill anv\u00e4nda tv\u00e4ttmaskinen ska du komma ih\u00e5g att v\u00e4nda fotbollstr\u00f6jorna ut och in och sedan tv\u00e4tta dem. Fyll maskinen med kallt vatten och anv\u00e4nd ett skonsamt program f\u00f6r att b\u00e4ttre skydda f\u00e4rgerna.<\/p>","protected":false},"excerpt":{"rendered":"<p>20 Jahre Y-3 treffen auf 120 Jahre Spitzenfu\u00dfball. Y-3 und Real Madrid haben sich anl\u00e4sslich ihrer Jubil\u00e4en erneut zusammengetan und dabei ist dieses vierte Trikot f\u00fcr Kinder und Teens entstanden, das mit k\u00fchlender HEAT.RDY Technologie ausgestattet ist. Die perfekte Fusion aus Fashion und Sportswear, interpretiert in einer dezenten Grafik aus dynamischen, sich \u00fcberkreuzenden Linien. Auf [&hellip;]<\/p>","protected":false},"featured_media":5310,"comment_status":"open","ping_status":"closed","template":"","meta":[],"product_brand":[],"product_cat":[45],"product_tag":[20,38,21,228,24,47],"class_list":{"0":"post-5272","1":"product","2":"type-product","3":"status-publish","4":"has-post-thumbnail","6":"product_cat-real-madrid","7":"product_tag-coole-fussballtrikots","8":"product_tag-fussball-trikot-langarm","9":"product_tag-fussballtrikot-fuer-herren","10":"product_tag-guenstige-fussballtrikot","11":"product_tag-guenstiges-fussballtrikot","12":"product_tag-real-madrid-trikots","14":"first","15":"instock","16":"shipping-taxable","17":"purchasable","18":"product-type-variable"},"_links":{"self":[{"href":"https:\/\/www.billigtrikotde.com\/sv\/wp-json\/wp\/v2\/product\/5272","targetHints":{"allow":["GET"]}}],"collection":[{"href":"https:\/\/www.billigtrikotde.com\/sv\/wp-json\/wp\/v2\/product"}],"about":[{"href":"https:\/\/www.billigtrikotde.com\/sv\/wp-json\/wp\/v2\/types\/product"}],"replies":[{"embeddable":true,"href":"https:\/\/www.billigtrikotde.com\/sv\/wp-json\/wp\/v2\/comments?post=5272"}],"wp:featuredmedia":[{"embeddable":true,"href":"https:\/\/www.billigtrikotde.com\/sv\/wp-json\/wp\/v2\/media\/5310"}],"wp:attachment":[{"href":"https:\/\/www.billigtrikotde.com\/sv\/wp-json\/wp\/v2\/media?parent=5272"}],"wp:term":[{"taxonomy":"product_brand","embeddable":true,"href":"https:\/\/www.billigtrikotde.com\/sv\/wp-json\/wp\/v2\/product_brand?post=5272"},{"taxonomy":"product_cat","embeddable":true,"href":"https:\/\/www.billigtrikotde.com\/sv\/wp-json\/wp\/v2\/product_cat?post=5272"},{"taxonomy":"product_tag","embeddable":true,"href":"https:\/\/www.billigtrikotde.com\/sv\/wp-json\/wp\/v2\/product_tag?post=5272"}],"curies":[{"name":"wp","href":"https:\/\/api.w.org\/{rel}","templated":true}]}}