{"id":5182,"date":"2024-10-23T16:27:45","date_gmt":"2024-10-23T14:27:45","guid":{"rendered":"http:\/\/billigtrikots.com\/?post_type=product&#038;p=5182"},"modified":"2024-10-23T16:45:13","modified_gmt":"2024-10-23T14:45:13","slug":"brasilien-2022-wm-heimtrikots-gelb-trikotsatz-kurzarm-kurze-hosen-vini-jr-20","status":"publish","type":"product","link":"https:\/\/www.billigtrikotde.com\/sv\/brasilien-2022-wm-heimtrikots-gelb-trikotsatz-kurzarm-kurze-hosen-vini-jr-20\/","title":{"rendered":"Brasilien 2022 World Cup Hemmatr\u00f6jor Gul Kit Kort\u00e4rmad + Shorts VINI JR.20"},"content":{"rendered":"<p>Inf\u00f6r morgondagens match mellan Brasilien och Argentina har vi f\u00e5tt mer information om designen av hemmatr\u00f6jan f\u00f6r VM 2022.2022 \u00e5rs VM-tr\u00f6ja som produceras av Nike kommer att presenteras under andra halv\u00e5ret och har ett nytt, ljusare f\u00e4rgschema.Nike Brazil 2022 fotbollstr\u00f6ja byter ut den klassiska gula mot en ljusgul, officiellt \"Dynamic Yellow\". Utseendet p\u00e5 f\u00e4rgen har beskrivits f\u00f6r oss som \"n\u00e4stan neongult\".<\/p>\n<p>N\u00e4r det g\u00e4ller designen kommer Brasilien 2022 World Cup-tr\u00f6jan att ha en liten traditionell krage, f\u00e4rgad gul och dekorerad med en gr\u00f6n och en bl\u00e5 rand. Observera att v\u00e5r bild ovan bara \u00e4r en f\u00f6rhandsvisning och den slutliga tr\u00f6jdesignen kan se annorlunda ut.F\u00e4rgerna p\u00e5 Nike Brazil 2022 World Cup hemmatr\u00f6ja p\u00e5minner om 2002 World Cup vinnartr\u00f6jan - det kan ses som en hyllning till 20-\u00e5rsjubileet av dess release.Nike kombinerar Nike Brazil 2022 tr\u00f6jan med ljusa turkosgr\u00f6na logotyper (Green Spark) och en rik bl\u00e5 f\u00f6r detaljer (Paramount Blue).<\/p>\n<p>Tips f\u00f6r utskrift: Om namn och nummer p\u00e5 bilden \u00e4r exakt vad du vill ha, beh\u00f6ver du inte ange dem igen. Om inte, ska du ange \u00f6nskat namn och nummer.<\/p>\n<p>Tips f\u00f6r tv\u00e4tt: Det \u00e4r rekommenderat att tv\u00e4tta fotbollstr\u00f6jor f\u00f6r hand. Om du vill anv\u00e4nda tv\u00e4ttmaskinen ska du komma ih\u00e5g att v\u00e4nda fotbollstr\u00f6jorna ut och in och sedan tv\u00e4tta dem. Fyll maskinen med kallt vatten och anv\u00e4nd ett skonsamt program f\u00f6r att b\u00e4ttre skydda f\u00e4rgerna.<\/p>","protected":false},"excerpt":{"rendered":"<p>Inf\u00f6r morgondagens match mellan Brasilien och Argentina har vi f\u00e5tt mer detaljerad information om designen av hemmatr\u00f6jan f\u00f6r VM 2022. Tr\u00f6jan som tillverkas av Nike f\u00f6r VM 2022 kommer att presenteras under andra halvan av \u00e5ret och har ett nytt, ljusare f\u00e4rgschema. Nike Brasilien 2022 fotbolls tr\u00f6ja byter ut den klassiska gula mot en lysande gul f\u00e4rg, officiellt \u201eDynamic [\u2026]<\/p>","protected":false},"featured_media":5225,"comment_status":"open","ping_status":"closed","template":"","meta":[],"product_brand":[],"product_cat":[112],"product_tag":[20,210,114,222,21,22,23,24],"class_list":{"0":"post-5182","1":"product","2":"type-product","3":"status-publish","4":"has-post-thumbnail","6":"product_cat-brasilien-trikots","7":"product_tag-coole-fussballtrikots","8":"product_tag-brasilien-auswaertstrikot","9":"product_tag-brasilien-trikots","10":"product_tag-fussball-wm-2022-trikots","11":"product_tag-fussballtrikot-fuer-herren","12":"product_tag-fussballtrikot-guenstig-kaufen","13":"product_tag-fussballtrikot-kurzarm","14":"product_tag-guenstiges-fussballtrikot","16":"first","17":"instock","18":"shipping-taxable","19":"purchasable","20":"product-type-variable"},"_links":{"self":[{"href":"https:\/\/www.billigtrikotde.com\/sv\/wp-json\/wp\/v2\/product\/5182","targetHints":{"allow":["GET"]}}],"collection":[{"href":"https:\/\/www.billigtrikotde.com\/sv\/wp-json\/wp\/v2\/product"}],"about":[{"href":"https:\/\/www.billigtrikotde.com\/sv\/wp-json\/wp\/v2\/types\/product"}],"replies":[{"embeddable":true,"href":"https:\/\/www.billigtrikotde.com\/sv\/wp-json\/wp\/v2\/comments?post=5182"}],"wp:featuredmedia":[{"embeddable":true,"href":"https:\/\/www.billigtrikotde.com\/sv\/wp-json\/wp\/v2\/media\/5225"}],"wp:attachment":[{"href":"https:\/\/www.billigtrikotde.com\/sv\/wp-json\/wp\/v2\/media?parent=5182"}],"wp:term":[{"taxonomy":"product_brand","embeddable":true,"href":"https:\/\/www.billigtrikotde.com\/sv\/wp-json\/wp\/v2\/product_brand?post=5182"},{"taxonomy":"product_cat","embeddable":true,"href":"https:\/\/www.billigtrikotde.com\/sv\/wp-json\/wp\/v2\/product_cat?post=5182"},{"taxonomy":"product_tag","embeddable":true,"href":"https:\/\/www.billigtrikotde.com\/sv\/wp-json\/wp\/v2\/product_tag?post=5182"}],"curies":[{"name":"wp","href":"https:\/\/api.w.org\/{rel}","templated":true}]}}