{"id":5119,"date":"2024-10-23T16:24:21","date_gmt":"2024-10-23T14:24:21","guid":{"rendered":"http:\/\/billigtrikots.com\/?post_type=product&#038;p=5119"},"modified":"2024-10-23T16:27:02","modified_gmt":"2024-10-23T14:27:02","slug":"inter-mailand-stadium-jersey-fussball-trikot-kurzarm-guenstige-heimtrikot-alexis-7","status":"publish","type":"product","link":"https:\/\/www.billigtrikotde.com\/sv\/inter-mailand-stadium-jersey-fussball-trikot-kurzarm-guenstige-heimtrikot-alexis-7\/","title":{"rendered":"Inter Milan Stadium Jersey Fotbollstr\u00f6ja Kort\u00e4rmad Billig Hemmatr\u00f6ja ALEXIS 7"},"content":{"rendered":"<p>De f\u00f6rsta riktiga bilderna av T-shirten fr\u00e5n den kommande Nike x Inter-kollektionen har l\u00e4ckt. Inspirerad av den kommande fj\u00e4rde tr\u00f6jan fr\u00e5n Inter visar den en liknande design som tr\u00f6jan. Nike Inter Mailands fj\u00e4rde tr\u00f6ja 2020-2021 presenterar sig i en ovanlig design som kombinerar olika m\u00f6nster och grafik i ett mashup-utseende.<\/p>\n<p>Nike Inter Mailands sommarkollektion 20-21 introducerar fr\u00e4scha looks. Inspirerad av den fj\u00e4rde tr\u00f6jan och 20-21 f\u00f6rmatchkollektionen samt livsstilskollektionen f\u00f6r klubben, kombinerar Nike Inter 20-21 sommarkollektionen olika designer f\u00f6r en artikel.<\/p>\n<p>Tips f\u00f6r utskrift: Om namn och nummer p\u00e5 bilden \u00e4r exakt vad du vill ha, beh\u00f6ver du inte ange dem igen. Om inte, ska du ange \u00f6nskat namn och nummer.<\/p>\n<p>Tips f\u00f6r tv\u00e4tt: Det \u00e4r rekommenderat att tv\u00e4tta fotbollstr\u00f6jor f\u00f6r hand. Om du vill anv\u00e4nda tv\u00e4ttmaskinen ska du komma ih\u00e5g att v\u00e4nda fotbollstr\u00f6jorna ut och in och sedan tv\u00e4tta dem. Fyll maskinen med kallt vatten och anv\u00e4nd ett skonsamt program f\u00f6r att b\u00e4ttre skydda f\u00e4rgerna.<\/p>","protected":false},"excerpt":{"rendered":"<p>De f\u00f6rsta riktiga bilderna av T-shirten fr\u00e5n den kommande Nike x Inter-kollektionen har l\u00e4ckt. Inspirerad av den kommande fj\u00e4rde tr\u00f6jan fr\u00e5n Inter visar den en liknande design som tr\u00f6jan. Nike Inter Mailands fj\u00e4rde tr\u00f6ja 2020-2021 presenterar sig i en ovanlig design som kombinerar olika m\u00f6nster och grafik i ett mashup-utseende.<\/p>","protected":false},"featured_media":5162,"comment_status":"open","ping_status":"closed","template":"","meta":[],"product_brand":[],"product_cat":[77],"product_tag":[20,21,22,23,24,241,78],"class_list":{"0":"post-5119","1":"product","2":"type-product","3":"status-publish","4":"has-post-thumbnail","6":"product_cat-inter-milan","7":"product_tag-coole-fussballtrikots","8":"product_tag-fussballtrikot-fuer-herren","9":"product_tag-fussballtrikot-guenstig-kaufen","10":"product_tag-fussballtrikot-kurzarm","11":"product_tag-guenstiges-fussballtrikot","12":"product_tag-inter-mailand-ausweichtrikot","13":"product_tag-inter-milan-trikots","15":"first","16":"instock","17":"shipping-taxable","18":"purchasable","19":"product-type-variable"},"_links":{"self":[{"href":"https:\/\/www.billigtrikotde.com\/sv\/wp-json\/wp\/v2\/product\/5119","targetHints":{"allow":["GET"]}}],"collection":[{"href":"https:\/\/www.billigtrikotde.com\/sv\/wp-json\/wp\/v2\/product"}],"about":[{"href":"https:\/\/www.billigtrikotde.com\/sv\/wp-json\/wp\/v2\/types\/product"}],"replies":[{"embeddable":true,"href":"https:\/\/www.billigtrikotde.com\/sv\/wp-json\/wp\/v2\/comments?post=5119"}],"wp:featuredmedia":[{"embeddable":true,"href":"https:\/\/www.billigtrikotde.com\/sv\/wp-json\/wp\/v2\/media\/5162"}],"wp:attachment":[{"href":"https:\/\/www.billigtrikotde.com\/sv\/wp-json\/wp\/v2\/media?parent=5119"}],"wp:term":[{"taxonomy":"product_brand","embeddable":true,"href":"https:\/\/www.billigtrikotde.com\/sv\/wp-json\/wp\/v2\/product_brand?post=5119"},{"taxonomy":"product_cat","embeddable":true,"href":"https:\/\/www.billigtrikotde.com\/sv\/wp-json\/wp\/v2\/product_cat?post=5119"},{"taxonomy":"product_tag","embeddable":true,"href":"https:\/\/www.billigtrikotde.com\/sv\/wp-json\/wp\/v2\/product_tag?post=5119"}],"curies":[{"name":"wp","href":"https:\/\/api.w.org\/{rel}","templated":true}]}}