{"id":5050,"date":"2024-10-23T16:20:24","date_gmt":"2024-10-23T14:20:24","guid":{"rendered":"http:\/\/billigtrikots.com\/?post_type=product&#038;p=5050"},"modified":"2024-10-23T16:23:02","modified_gmt":"2024-10-23T14:23:02","slug":"fc-barcelona-2022-23-heimtrikot-dunkles-blau-trikotsatz-kurzarm-mit-aufdruck-a-iniesta-8","status":"publish","type":"product","link":"https:\/\/www.billigtrikotde.com\/sv\/fc-barcelona-2022-23-heimtrikot-dunkles-blau-trikotsatz-kurzarm-mit-aufdruck-a-iniesta-8\/","title":{"rendered":"FC Barcelona 2022\/23 Hemtr\u00f6ja m\u00f6rkbl\u00e5tt Tr\u00f6jset kort\u00e4rmad med tryck A.INIESTA 8"},"content":{"rendered":"<p>FC Barcelona 2022-23-tr\u00f6jan introducerar en stilfull look genom att komplettera de traditionella Blaugrana-stripsen med m\u00f6rkbl\u00e5tt.<\/p>\n<p>\u00c4rmarnas och kragens f\u00e4rg p\u00e5 Barcelona 22-23-tr\u00f6jan \u00e4r enf\u00e4rgad marinbl\u00e5, medan framsidan har ganska breda r\u00e4nder i marinbl\u00e5tt, kungabl\u00e5tt och r\u00f6tt.<\/p>\n<p>Den officiella f\u00e4rgen p\u00e5 m\u00f6rkbl\u00e5tt p\u00e5 tr\u00f6jan \u00e4r \"Obsidian\", vilket ocks\u00e5 \u00e4r f\u00e4rgen p\u00e5 logotyperna p\u00e5 den gyllene bortatr\u00f6jan.<\/p>\n<p>Inom de bl\u00e5 och r\u00f6da r\u00e4nderna p\u00e5 framsidan av Nike FC Barcelona 2022-2023-hemmatr\u00f6jan finns en diskret tryck, som ocks\u00e5 kommer att synas p\u00e5 olika andra artiklar i kollektionen, inklusive p\u00e5 f\u00f6rmatch-tr\u00f6jan.<\/p>\n<p>Enligt en tidigare rapport fr\u00e5n SPORT var designen ocks\u00e5 inspirerad av Olympiska spelen 1992 i Barcelona och den f\u00f6r\u00e4ndring som staden har genomg\u00e5tt. Denna inspiration \u00e4r \u00e4nnu tydligare p\u00e5 bortatr\u00f6jan, som pryds av dekorationer i designen av de olympiska medaljb\u00e4ndernas m\u00f6nster fr\u00e5n f\u00f6r 30 \u00e5r sedan.<\/p>\n<p>Byxorna och strumporna p\u00e5 Barcelona 22-23-hemmatr\u00f6jan speglar den m\u00f6rkbl\u00e5 f\u00e4rgen, ett \u00e5terkommande tema i historien om klubbens hemmatr\u00f6jor.<\/p>\n<p>Tips f\u00f6r utskrift: Om namn och nummer p\u00e5 bilden \u00e4r exakt vad du vill ha, beh\u00f6ver du inte ange dem igen. Om inte, ska du ange \u00f6nskat namn och nummer.<\/p>\n<p>Tips f\u00f6r tv\u00e4tt: Det \u00e4r rekommenderat att tv\u00e4tta fotbollstr\u00f6jor f\u00f6r hand. Om du vill anv\u00e4nda tv\u00e4ttmaskinen ska du komma ih\u00e5g att v\u00e4nda fotbollstr\u00f6jorna ut och in och sedan tv\u00e4tta dem. Fyll maskinen med kallt vatten och anv\u00e4nd ett skonsamt program f\u00f6r att b\u00e4ttre skydda f\u00e4rgerna.<\/p>","protected":false},"excerpt":{"rendered":"<p>Das FC Barcelona 2022-23 Trikot f\u00fchrt einen stilvollen Look ein, indem es die traditionellen Blaugrana-Streifen um Dunkelblau erg\u00e4nzt. Die \u00c4rmel und der Kragen des Barcelona 22-23 Trikots sind einfarbig marineblau, w\u00e4hrend die Vorderseite recht breite Streifen in marineblau, k\u00f6nigsblau und rot aufweist. Der offizielle Name des Dunkelblaus auf dem Trikot ist \u201cObsidian\u201d, was auch die [&hellip;]<\/p>","protected":false},"featured_media":5092,"comment_status":"open","ping_status":"closed","template":"","meta":[],"product_brand":[],"product_cat":[31],"product_tag":[32,20,33,21,22,23,24],"class_list":{"0":"post-5050","1":"product","2":"type-product","3":"status-publish","4":"has-post-thumbnail","6":"product_cat-fc-barcelona","7":"product_tag-barcelona-heimtrikot","8":"product_tag-coole-fussballtrikots","9":"product_tag-fc-barcelona-trikots","10":"product_tag-fussballtrikot-fuer-herren","11":"product_tag-fussballtrikot-guenstig-kaufen","12":"product_tag-fussballtrikot-kurzarm","13":"product_tag-guenstiges-fussballtrikot","15":"first","16":"instock","17":"shipping-taxable","18":"purchasable","19":"product-type-variable"},"_links":{"self":[{"href":"https:\/\/www.billigtrikotde.com\/sv\/wp-json\/wp\/v2\/product\/5050","targetHints":{"allow":["GET"]}}],"collection":[{"href":"https:\/\/www.billigtrikotde.com\/sv\/wp-json\/wp\/v2\/product"}],"about":[{"href":"https:\/\/www.billigtrikotde.com\/sv\/wp-json\/wp\/v2\/types\/product"}],"replies":[{"embeddable":true,"href":"https:\/\/www.billigtrikotde.com\/sv\/wp-json\/wp\/v2\/comments?post=5050"}],"wp:featuredmedia":[{"embeddable":true,"href":"https:\/\/www.billigtrikotde.com\/sv\/wp-json\/wp\/v2\/media\/5092"}],"wp:attachment":[{"href":"https:\/\/www.billigtrikotde.com\/sv\/wp-json\/wp\/v2\/media?parent=5050"}],"wp:term":[{"taxonomy":"product_brand","embeddable":true,"href":"https:\/\/www.billigtrikotde.com\/sv\/wp-json\/wp\/v2\/product_brand?post=5050"},{"taxonomy":"product_cat","embeddable":true,"href":"https:\/\/www.billigtrikotde.com\/sv\/wp-json\/wp\/v2\/product_cat?post=5050"},{"taxonomy":"product_tag","embeddable":true,"href":"https:\/\/www.billigtrikotde.com\/sv\/wp-json\/wp\/v2\/product_tag?post=5050"}],"curies":[{"name":"wp","href":"https:\/\/api.w.org\/{rel}","templated":true}]}}