{"id":4923,"date":"2024-10-23T16:13:26","date_gmt":"2024-10-23T14:13:26","guid":{"rendered":"http:\/\/billigtrikots.com\/?post_type=product&#038;p=4923"},"modified":"2024-10-23T16:15:43","modified_gmt":"2024-10-23T14:15:43","slug":"hummel-daenemark-2022-limited-edition-trikot-weiss-mit-roten","status":"publish","type":"product","link":"https:\/\/www.billigtrikotde.com\/sv\/hummel-daenemark-2022-limited-edition-trikot-weiss-mit-roten\/","title":{"rendered":"Hummel Danmark 2022 Limited-Edition Jersey Vit med r\u00f6d"},"content":{"rendered":"<p>I samarbete med modem\u00e4rket BLS Hafnia har Hummel designat en ny Danmarkstr\u00f6ja i begr\u00e4nsad upplaga som kommer att b\u00e4ras under v\u00e4nskapsmatchen mot Serbien den 29 mars 2022. Tr\u00f6jan \u00e4r en hyllning till den nya generationen och kommer att vara en del av en st\u00f6rre livsstilskollektion fr\u00e5n Hummel, BLS Hafnia och DBU.<br \/>\nDen begr\u00e4nsade upplagan av Hummel Danmarks 2022-tr\u00f6ja \u00e4r vit med r\u00f6da detaljer. Det speciella \u00e4r de r\u00f6da stripe som finns b\u00e5de p\u00e5 axlarna och p\u00e5 sidorna av den begr\u00e4nsade Hummel Danmarks 2022-tr\u00f6jan.<\/p>\n<p>Tips f\u00f6r utskrift: Om namn och nummer p\u00e5 bilden \u00e4r exakt vad du vill ha, beh\u00f6ver du inte ange dem igen. Om inte, ska du ange \u00f6nskat namn och nummer.<\/p>\n<p>Tips f\u00f6r tv\u00e4tt: Det \u00e4r rekommenderat att tv\u00e4tta fotbollstr\u00f6jor f\u00f6r hand. Om du vill anv\u00e4nda tv\u00e4ttmaskinen ska du komma ih\u00e5g att v\u00e4nda fotbollstr\u00f6jorna ut och in och sedan tv\u00e4tta dem. Fyll maskinen med kallt vatten och anv\u00e4nd ett skonsamt program f\u00f6r att b\u00e4ttre skydda f\u00e4rgerna.<\/p>","protected":false},"excerpt":{"rendered":"<p>In Zusammenarbeit mit der Modemarke BLS Hafnia hat Hummel ein neues D\u00e4nemark-Trikot in limitierter Auflage entworfen, das beim Freundschaftsspiel gegen Serbien am 29. M\u00e4rz 2022 getragen wird.Das Trikot ist eine Hommage an die neue Generation und wird Teil einer gr\u00f6\u00dferen Lifestyle-Kollektion von Hummel, BLS Hafnia und DBU sein. Das Hummel D\u00e4nemark 2022 Trikot in limitierter [&hellip;]<\/p>","protected":false},"featured_media":4962,"comment_status":"open","ping_status":"closed","template":"","meta":[],"product_brand":[],"product_cat":[125],"product_tag":[20,126,22,23,238],"class_list":{"0":"post-4923","1":"product","2":"type-product","3":"status-publish","4":"has-post-thumbnail","6":"product_cat-daenemark-trikots","7":"product_tag-coole-fussballtrikots","8":"product_tag-daenemark-auswaertstrikot","9":"product_tag-fussballtrikot-guenstig-kaufen","10":"product_tag-fussballtrikot-kurzarm","11":"product_tag-hummel-daenemark-trikot","13":"first","14":"instock","15":"shipping-taxable","16":"purchasable","17":"product-type-variable"},"_links":{"self":[{"href":"https:\/\/www.billigtrikotde.com\/sv\/wp-json\/wp\/v2\/product\/4923","targetHints":{"allow":["GET"]}}],"collection":[{"href":"https:\/\/www.billigtrikotde.com\/sv\/wp-json\/wp\/v2\/product"}],"about":[{"href":"https:\/\/www.billigtrikotde.com\/sv\/wp-json\/wp\/v2\/types\/product"}],"replies":[{"embeddable":true,"href":"https:\/\/www.billigtrikotde.com\/sv\/wp-json\/wp\/v2\/comments?post=4923"}],"wp:featuredmedia":[{"embeddable":true,"href":"https:\/\/www.billigtrikotde.com\/sv\/wp-json\/wp\/v2\/media\/4962"}],"wp:attachment":[{"href":"https:\/\/www.billigtrikotde.com\/sv\/wp-json\/wp\/v2\/media?parent=4923"}],"wp:term":[{"taxonomy":"product_brand","embeddable":true,"href":"https:\/\/www.billigtrikotde.com\/sv\/wp-json\/wp\/v2\/product_brand?post=4923"},{"taxonomy":"product_cat","embeddable":true,"href":"https:\/\/www.billigtrikotde.com\/sv\/wp-json\/wp\/v2\/product_cat?post=4923"},{"taxonomy":"product_tag","embeddable":true,"href":"https:\/\/www.billigtrikotde.com\/sv\/wp-json\/wp\/v2\/product_tag?post=4923"}],"curies":[{"name":"wp","href":"https:\/\/api.w.org\/{rel}","templated":true}]}}