{"id":4921,"date":"2024-10-23T16:13:24","date_gmt":"2024-10-23T14:13:24","guid":{"rendered":"http:\/\/billigtrikots.com\/?post_type=product&#038;p=4921"},"modified":"2024-10-23T16:15:43","modified_gmt":"2024-10-23T14:15:43","slug":"herren-trikotsatz-kurzarm-boca-juniors-drittes-fussballtrikot-gelb-2022","status":"publish","type":"product","link":"https:\/\/www.billigtrikotde.com\/sv\/herren-trikotsatz-kurzarm-boca-juniors-drittes-fussballtrikot-gelb-2022\/","title":{"rendered":"Kort\u00e4rmad Herrtr\u00f6ja Boca Juniors Tredje Fotbollstr\u00f6ja Gul 2022"},"content":{"rendered":"<p>80 \u00e5r av en av de mest imponerande atmosf\u00e4rerna inom professionell fotboll f\u00f6rtj\u00e4nar lite erk\u00e4nnande, och adidas kommer detta till m\u00f6tes med den tredje Boca Juniors 20\/21-tr\u00f6jan, som inneh\u00e5ller ett skr\u00e4ddarsytt La Bombonera-tryck som visas p\u00e5 br\u00f6stet och \u201dLa Bombonera, 80-\u00e5rsjubileum\u201d.<br \/>\nDen dj\u00e4rva gula tr\u00f6jan passar bra med f\u00e4rgens utseende p\u00e5 hemmatr\u00f6jor och bortatr\u00f6jor, men h\u00e4r st\u00e5r den i centrum, med bl\u00e5 detaljer som dyker upp genom kragen, muddar, sponsor och branding. Ett skr\u00e4ddarsytt bl\u00e5-gult tryck l\u00f6per \u00f6ver sidolinjerna, medan Bocas slogan La Mitad +1 (\u201ehalv plus ett\u201d) \u00e4r placerad p\u00e5 den \u00f6vre baksidan direkt under kragen f\u00f6r att g\u00f6ra ett ordentligt intryck.<\/p>\n<p>Tips f\u00f6r utskrift: Om namn och nummer p\u00e5 bilden \u00e4r exakt vad du vill ha, beh\u00f6ver du inte ange dem igen. Om inte, ska du ange \u00f6nskat namn och nummer.<\/p>\n<p>Tips f\u00f6r tv\u00e4tt: Det \u00e4r rekommenderat att tv\u00e4tta fotbollstr\u00f6jor f\u00f6r hand. Om du vill anv\u00e4nda tv\u00e4ttmaskinen ska du komma ih\u00e5g att v\u00e4nda fotbollstr\u00f6jorna ut och in och sedan tv\u00e4tta dem. Fyll maskinen med kallt vatten och anv\u00e4nd ett skonsamt program f\u00f6r att b\u00e4ttre skydda f\u00e4rgerna.<\/p>","protected":false},"excerpt":{"rendered":"<p>80 Jahre einer der beeindruckendsten Atmosph\u00e4ren im Profifu\u00dfball verdienen ein wenig Anerkennung, und adidas kommt dem geb\u00fchrend mit dem dritten Boca Juniors 20\/21 Trikot nach, das einen ma\u00dfgeschneiderten La Bombonera-Druck enth\u00e4lt, der auf der Brust erscheint und \u201eLa Bombonera, 80. Jahrestag\u201c. Das mutige gelbe Trikot passt gut zum Erscheinungsbild der Farbe auf den Heim- und [&hellip;]<\/p>","protected":false},"featured_media":4961,"comment_status":"open","ping_status":"closed","template":"","meta":[],"product_brand":[],"product_cat":[15],"product_tag":[20,208,207,21,22,23,24],"class_list":{"0":"post-4921","1":"product","2":"type-product","3":"status-publish","4":"has-post-thumbnail","6":"product_cat-unkategorisiert","7":"product_tag-coole-fussballtrikots","8":"product_tag-boca-juniors-heimtrikot","9":"product_tag-boca-juniors-trikots","10":"product_tag-fussballtrikot-fuer-herren","11":"product_tag-fussballtrikot-guenstig-kaufen","12":"product_tag-fussballtrikot-kurzarm","13":"product_tag-guenstiges-fussballtrikot","15":"first","16":"instock","17":"shipping-taxable","18":"purchasable","19":"product-type-variable"},"_links":{"self":[{"href":"https:\/\/www.billigtrikotde.com\/sv\/wp-json\/wp\/v2\/product\/4921","targetHints":{"allow":["GET"]}}],"collection":[{"href":"https:\/\/www.billigtrikotde.com\/sv\/wp-json\/wp\/v2\/product"}],"about":[{"href":"https:\/\/www.billigtrikotde.com\/sv\/wp-json\/wp\/v2\/types\/product"}],"replies":[{"embeddable":true,"href":"https:\/\/www.billigtrikotde.com\/sv\/wp-json\/wp\/v2\/comments?post=4921"}],"wp:featuredmedia":[{"embeddable":true,"href":"https:\/\/www.billigtrikotde.com\/sv\/wp-json\/wp\/v2\/media\/4961"}],"wp:attachment":[{"href":"https:\/\/www.billigtrikotde.com\/sv\/wp-json\/wp\/v2\/media?parent=4921"}],"wp:term":[{"taxonomy":"product_brand","embeddable":true,"href":"https:\/\/www.billigtrikotde.com\/sv\/wp-json\/wp\/v2\/product_brand?post=4921"},{"taxonomy":"product_cat","embeddable":true,"href":"https:\/\/www.billigtrikotde.com\/sv\/wp-json\/wp\/v2\/product_cat?post=4921"},{"taxonomy":"product_tag","embeddable":true,"href":"https:\/\/www.billigtrikotde.com\/sv\/wp-json\/wp\/v2\/product_tag?post=4921"}],"curies":[{"name":"wp","href":"https:\/\/api.w.org\/{rel}","templated":true}]}}