{"id":4791,"date":"2024-10-23T16:07:07","date_gmt":"2024-10-23T14:07:07","guid":{"rendered":"http:\/\/billigtrikots.com\/?post_type=product&#038;p=4791"},"modified":"2024-10-23T16:09:14","modified_gmt":"2024-10-23T14:09:14","slug":"spanien-auswaertstrikot-em-2021-weiss-kurzarm-kurze-hosen-saul-8","status":"publish","type":"product","link":"https:\/\/www.billigtrikotde.com\/sv\/spanien-auswaertstrikot-em-2021-weiss-kurzarm-kurze-hosen-saul-8\/","title":{"rendered":"Spanien Borta tr\u00f6ja EM 2021 Vit Kort\u00e4rmad + Kortbyxor SAUL 8"},"content":{"rendered":"<p>Du st\u00f6der ditt lag i goda och d\u00e5liga tider med den andningsbara modellen i vitt. S\u00e4kert det perfekta valet \u2013 adidas-tr\u00f6jan. Som en riktig Spanien-fan beh\u00f6ver du denna bortatr\u00f6ja som spelarna b\u00e4r under Europam\u00e4sterskapet. Den bekv\u00e4ma, svettavledande, andningsbara och l\u00e4tta funktionaliteten g\u00f6r att den imponerar. En h\u00f6g h\u00e5llbarhet erbjuds dig. Den fantastiska looken p\u00e5 denna tr\u00f6ja understrykes av en f\u00f6rbundslogga p\u00e5 br\u00f6stet. Utrustad med denna tr\u00f6ja visar du din laganda och g\u00f6r ett sportigt intryck \u00f6verallt.<\/p>\n<p>Vissa \u00f6gonblick f\u00f6rblir f\u00f6r alltid i minnet. S\u00e4kert minns varje Spanien-fan jublet och konfettiregnet n\u00e4r laget i Sydafrika fick lyfta pokalen. Bortatr\u00f6jan f\u00e5ngar denna bild med en abstrakt, handm\u00e5lad design. Det mjuka, snabbtorkande materialet ger dessutom en bekv\u00e4m k\u00e4nsla p\u00e5 planen eller i arenan. Den v\u00e4vda f\u00f6rbundsloggan p\u00e5 br\u00f6stet visar vilken klubb ditt hj\u00e4rta sl\u00e5r f\u00f6r.<\/p>\n<p>Tips f\u00f6r utskrift: Om namn och nummer p\u00e5 bilden \u00e4r exakt vad du vill ha, beh\u00f6ver du inte ange dem igen. Om inte, ska du ange \u00f6nskat namn och nummer.<\/p>\n<p>Tips f\u00f6r tv\u00e4tt: Det \u00e4r rekommenderat att tv\u00e4tta fotbollstr\u00f6jor f\u00f6r hand. Om du vill anv\u00e4nda tv\u00e4ttmaskinen ska du komma ih\u00e5g att v\u00e4nda fotbollstr\u00f6jorna ut och in och sedan tv\u00e4tta dem. Fyll maskinen med kallt vatten och anv\u00e4nd ett skonsamt program f\u00f6r att b\u00e4ttre skydda f\u00e4rgerna.<\/p>","protected":false},"excerpt":{"rendered":"<p>Du unterst\u00fctzt dein Team in guten wie in schlechten Zeiten mit dem atmungsaktiven Modell in Wei\u00df. Sicher die perfekte Entscheidung \u2013 das Trikot von adidas. Als echter Spanien-Fan brauchst du dieses Ausw\u00e4rts-Trikot, das die Spieler bei der Europameisterschaft tragen. Die bequeme, schwei\u00dfableitende, atmungsaktive und leichte Funktionsweise l\u00e4sst es \u00fcberzeugen. Eine hohe Haltbarkeit wird dir geboten. [&hellip;]<\/p>","protected":false},"featured_media":4832,"comment_status":"open","ping_status":"closed","template":"","meta":[],"product_brand":[],"product_cat":[131],"product_tag":[20,21,22,23,24,132],"class_list":{"0":"post-4791","1":"product","2":"type-product","3":"status-publish","4":"has-post-thumbnail","6":"product_cat-spanien-trikots","7":"product_tag-coole-fussballtrikots","8":"product_tag-fussballtrikot-fuer-herren","9":"product_tag-fussballtrikot-guenstig-kaufen","10":"product_tag-fussballtrikot-kurzarm","11":"product_tag-guenstiges-fussballtrikot","12":"product_tag-spanien-heimtrikot","14":"first","15":"instock","16":"shipping-taxable","17":"purchasable","18":"product-type-variable"},"_links":{"self":[{"href":"https:\/\/www.billigtrikotde.com\/sv\/wp-json\/wp\/v2\/product\/4791","targetHints":{"allow":["GET"]}}],"collection":[{"href":"https:\/\/www.billigtrikotde.com\/sv\/wp-json\/wp\/v2\/product"}],"about":[{"href":"https:\/\/www.billigtrikotde.com\/sv\/wp-json\/wp\/v2\/types\/product"}],"replies":[{"embeddable":true,"href":"https:\/\/www.billigtrikotde.com\/sv\/wp-json\/wp\/v2\/comments?post=4791"}],"wp:featuredmedia":[{"embeddable":true,"href":"https:\/\/www.billigtrikotde.com\/sv\/wp-json\/wp\/v2\/media\/4832"}],"wp:attachment":[{"href":"https:\/\/www.billigtrikotde.com\/sv\/wp-json\/wp\/v2\/media?parent=4791"}],"wp:term":[{"taxonomy":"product_brand","embeddable":true,"href":"https:\/\/www.billigtrikotde.com\/sv\/wp-json\/wp\/v2\/product_brand?post=4791"},{"taxonomy":"product_cat","embeddable":true,"href":"https:\/\/www.billigtrikotde.com\/sv\/wp-json\/wp\/v2\/product_cat?post=4791"},{"taxonomy":"product_tag","embeddable":true,"href":"https:\/\/www.billigtrikotde.com\/sv\/wp-json\/wp\/v2\/product_tag?post=4791"}],"curies":[{"name":"wp","href":"https:\/\/api.w.org\/{rel}","templated":true}]}}