{"id":4757,"date":"2024-10-23T16:05:20","date_gmt":"2024-10-23T14:05:20","guid":{"rendered":"http:\/\/billigtrikots.com\/?post_type=product&#038;p=4757"},"modified":"2024-10-23T16:07:33","modified_gmt":"2024-10-23T14:07:33","slug":"spanien-trikot-home-em-2022-rot-mit-aufdruck-icasillas-1","status":"publish","type":"product","link":"https:\/\/www.billigtrikotde.com\/sv\/spanien-trikot-home-em-2022-rot-mit-aufdruck-icasillas-1\/","title":{"rendered":"Spanien hemmatr\u00f6ja EM 2022 r\u00f6d med tryck ICASILLAS 1"},"content":{"rendered":"<p>adidas lanserar en r\u00f6d tr\u00f6ja som ett produkt, med vilken du kan st\u00f6dja din favoritklubb i b\u00e5de med- och motg\u00e5ngar med k\u00e4rlek och engagemang. Ut\u00f6ka din samling med hemmatr\u00f6jan, som \u00e4ven spelarna b\u00e4r under Europam\u00e4sterskapet. Den andningsbara, bekv\u00e4ma, l\u00e4tta och svettavledande funktionaliteten g\u00f6r att den imponerar. S\u00e5 \u00e4r du \u00e4nnu mer presterande och kan ge allt i varje tr\u00e4ning. Det blir en riktig h\u00f6jdpunkt tack vare f\u00f6rbundsloggan p\u00e5 br\u00f6stet.<\/p>\n<p>Tips f\u00f6r utskrift: Om namn och nummer p\u00e5 bilden \u00e4r exakt vad du vill ha, beh\u00f6ver du inte ange dem igen. Om inte, ska du ange \u00f6nskat namn och nummer.<\/p>\n<p>Tips f\u00f6r tv\u00e4tt: Det \u00e4r rekommenderat att tv\u00e4tta fotbollstr\u00f6jor f\u00f6r hand. Om du vill anv\u00e4nda tv\u00e4ttmaskinen ska du komma ih\u00e5g att v\u00e4nda fotbollstr\u00f6jorna ut och in och sedan tv\u00e4tta dem. Fyll maskinen med kallt vatten och anv\u00e4nd ett skonsamt program f\u00f6r att b\u00e4ttre skydda f\u00e4rgerna.<\/p>","protected":false},"excerpt":{"rendered":"<p>adidas bringt mit dem Trikot in Rot ein Produkt heraus, mit dem du deinen Lieblingsverein in guten wie in schlechten Zeiten mit Liebe und Hingabe unterst\u00fctzen kannst. Erweitere deine Kollektion mit dem Heim-Trikot, das auch die Spieler bei der Europameisterschaft tragen. Die atmungsaktive, bequeme, leichte und schwei\u00dfableitende Funktionsweise l\u00e4sst es \u00fcberzeugen. So bist du noch [&hellip;]<\/p>","protected":false},"featured_media":4797,"comment_status":"open","ping_status":"closed","template":"","meta":[],"product_brand":[],"product_cat":[131],"product_tag":[20,21,22,23,24,132],"class_list":{"0":"post-4757","1":"product","2":"type-product","3":"status-publish","4":"has-post-thumbnail","6":"product_cat-spanien-trikots","7":"product_tag-coole-fussballtrikots","8":"product_tag-fussballtrikot-fuer-herren","9":"product_tag-fussballtrikot-guenstig-kaufen","10":"product_tag-fussballtrikot-kurzarm","11":"product_tag-guenstiges-fussballtrikot","12":"product_tag-spanien-heimtrikot","14":"first","15":"instock","16":"shipping-taxable","17":"purchasable","18":"product-type-variable"},"_links":{"self":[{"href":"https:\/\/www.billigtrikotde.com\/sv\/wp-json\/wp\/v2\/product\/4757","targetHints":{"allow":["GET"]}}],"collection":[{"href":"https:\/\/www.billigtrikotde.com\/sv\/wp-json\/wp\/v2\/product"}],"about":[{"href":"https:\/\/www.billigtrikotde.com\/sv\/wp-json\/wp\/v2\/types\/product"}],"replies":[{"embeddable":true,"href":"https:\/\/www.billigtrikotde.com\/sv\/wp-json\/wp\/v2\/comments?post=4757"}],"wp:featuredmedia":[{"embeddable":true,"href":"https:\/\/www.billigtrikotde.com\/sv\/wp-json\/wp\/v2\/media\/4797"}],"wp:attachment":[{"href":"https:\/\/www.billigtrikotde.com\/sv\/wp-json\/wp\/v2\/media?parent=4757"}],"wp:term":[{"taxonomy":"product_brand","embeddable":true,"href":"https:\/\/www.billigtrikotde.com\/sv\/wp-json\/wp\/v2\/product_brand?post=4757"},{"taxonomy":"product_cat","embeddable":true,"href":"https:\/\/www.billigtrikotde.com\/sv\/wp-json\/wp\/v2\/product_cat?post=4757"},{"taxonomy":"product_tag","embeddable":true,"href":"https:\/\/www.billigtrikotde.com\/sv\/wp-json\/wp\/v2\/product_tag?post=4757"}],"curies":[{"name":"wp","href":"https:\/\/api.w.org\/{rel}","templated":true}]}}