{"id":4723,"date":"2024-10-23T16:03:39","date_gmt":"2024-10-23T14:03:39","guid":{"rendered":"http:\/\/billigtrikots.com\/?post_type=product&#038;p=4723"},"modified":"2024-10-23T16:05:49","modified_gmt":"2024-10-23T14:05:49","slug":"manchester-city-auswaertstrikot-2022-kurzarm-kurze-hosen-agueero-10","status":"publish","type":"product","link":"https:\/\/www.billigtrikotde.com\/sv\/manchester-city-auswaertstrikot-2022-kurzarm-kurze-hosen-agueero-10\/","title":{"rendered":"Manchester City bortakit 2022 kort\u00e4rmad + shorts AG\u00dcERO 10"},"content":{"rendered":"<p>Baserad p\u00e5 den str\u00f6mlinjeformade designen av Puma 21-22 tredjetr\u00f6ja, har Puma Manchester City 21-22 tredjetr\u00f6ja klubbnamnet i st\u00e4llet f\u00f6r vapnet, med Man City-bokst\u00e4ver p\u00e5 framsidan omgivna av tv\u00e5 himmelsbl\u00e5 linjer. Ett subtilt vapenm\u00f6nster appliceras p\u00e5 hela tr\u00f6jan, medan m\u00e4rket ocks\u00e5 kan ses p\u00e5 den \u00f6vre delen av ryggen precis under kragen.<\/p>\n<p>Tips f\u00f6r utskrift: Om namn och nummer p\u00e5 bilden \u00e4r exakt vad du vill ha, beh\u00f6ver du inte ange dem igen. Om inte, ska du ange \u00f6nskat namn och nummer.<\/p>\n<p>Tips f\u00f6r tv\u00e4tt: Det \u00e4r rekommenderat att tv\u00e4tta fotbollstr\u00f6jor f\u00f6r hand. Om du vill anv\u00e4nda tv\u00e4ttmaskinen ska du komma ih\u00e5g att v\u00e4nda fotbollstr\u00f6jorna ut och in och sedan tv\u00e4tta dem. Fyll maskinen med kallt vatten och anv\u00e4nd ett skonsamt program f\u00f6r att b\u00e4ttre skydda f\u00e4rgerna.<\/p>","protected":false},"excerpt":{"rendered":"<p>Basierend auf dem stromlinienf\u00f6rmigen Puma 21-22 dritten Trikot Design, zeigt das Puma Manchester City 21-22 dritte Trikot den Vereinsnamen anstelle des Wappens.Auf der Vorderseite befindet sich der Schriftzug Man City, umgeben von zwei himmelblauen Linien. Alle anderen Logos sind wei\u00df.Ein dezentes Wappenmuster ist auf dem gesamten Trikot angebracht, w\u00e4hrend das Abzeichen auch auf dem oberen [&hellip;]<\/p>","protected":false},"featured_media":4762,"comment_status":"open","ping_status":"closed","template":"","meta":[],"product_brand":[],"product_cat":[82],"product_tag":[20,21,22,23,24,233,83,84],"class_list":{"0":"post-4723","1":"product","2":"type-product","3":"status-publish","4":"has-post-thumbnail","6":"product_cat-manchester-city","7":"product_tag-coole-fussballtrikots","8":"product_tag-fussballtrikot-fuer-herren","9":"product_tag-fussballtrikot-guenstig-kaufen","10":"product_tag-fussballtrikot-kurzarm","11":"product_tag-guenstiges-fussballtrikot","12":"product_tag-manchester-city-21-22-drittes-trikot","13":"product_tag-manchester-city-auswaertstrikot","14":"product_tag-manchester-city-trikots","16":"first","17":"instock","18":"shipping-taxable","19":"purchasable","20":"product-type-variable"},"_links":{"self":[{"href":"https:\/\/www.billigtrikotde.com\/sv\/wp-json\/wp\/v2\/product\/4723","targetHints":{"allow":["GET"]}}],"collection":[{"href":"https:\/\/www.billigtrikotde.com\/sv\/wp-json\/wp\/v2\/product"}],"about":[{"href":"https:\/\/www.billigtrikotde.com\/sv\/wp-json\/wp\/v2\/types\/product"}],"replies":[{"embeddable":true,"href":"https:\/\/www.billigtrikotde.com\/sv\/wp-json\/wp\/v2\/comments?post=4723"}],"wp:featuredmedia":[{"embeddable":true,"href":"https:\/\/www.billigtrikotde.com\/sv\/wp-json\/wp\/v2\/media\/4762"}],"wp:attachment":[{"href":"https:\/\/www.billigtrikotde.com\/sv\/wp-json\/wp\/v2\/media?parent=4723"}],"wp:term":[{"taxonomy":"product_brand","embeddable":true,"href":"https:\/\/www.billigtrikotde.com\/sv\/wp-json\/wp\/v2\/product_brand?post=4723"},{"taxonomy":"product_cat","embeddable":true,"href":"https:\/\/www.billigtrikotde.com\/sv\/wp-json\/wp\/v2\/product_cat?post=4723"},{"taxonomy":"product_tag","embeddable":true,"href":"https:\/\/www.billigtrikotde.com\/sv\/wp-json\/wp\/v2\/product_tag?post=4723"}],"curies":[{"name":"wp","href":"https:\/\/api.w.org\/{rel}","templated":true}]}}