{"id":471,"date":"2024-10-23T12:50:40","date_gmt":"2024-10-23T10:50:40","guid":{"rendered":"http:\/\/billigtrikots.com\/?post_type=product&#038;p=471"},"modified":"2024-10-23T12:52:13","modified_gmt":"2024-10-23T10:52:13","slug":"fc-barcelona-herren-3rd-trikot-2021-22-dunkelblau-gelb-mit-aufdruck-jordi-alba-18","status":"publish","type":"product","link":"https:\/\/www.billigtrikotde.com\/sv\/fc-barcelona-herren-3rd-trikot-2021-22-dunkelblau-gelb-mit-aufdruck-jordi-alba-18\/","title":{"rendered":"FC Barcelona 3:e tr\u00f6ja 2021\/22 m\u00f6rkbl\u00e5\/gul f\u00f6r herrar med tryck Jordi Alba 18"},"content":{"rendered":"<p>Precis som andra tr\u00f6jor i v\u00e5r stadionkollektion kombinerar FC Barcelona-tr\u00f6jan replika designdetaljer med svettavledande tyg f\u00f6r att ge dig en matchklar look inspirerad av ditt favoritlag.<\/p>\n<p>Denna produkt \u00e4r tillverkad till 100 % av \u00e5tervunna polyesterfibrer. Andningsbart material med Nike Dri-FIT-teknologi transporterar bort svett fr\u00e5n huden s\u00e5 att det snabbare avdunstar och du h\u00e5ller dig torr och bekv\u00e4m.<\/p>\n<p>Replikatdesignen \u00e4r inspirerad av det som proffsen b\u00e4r p\u00e5 planen.<\/p>\n<p>Tips f\u00f6r utskrift: Om namn och nummer p\u00e5 bilden \u00e4r exakt vad du vill ha, beh\u00f6ver du inte ange dem igen. Om inte, ska du ange \u00f6nskat namn och nummer.<\/p>\n<p>Tips f\u00f6r tv\u00e4tt: Det \u00e4r rekommenderat att tv\u00e4tta fotbollstr\u00f6jor f\u00f6r hand. Om du vill anv\u00e4nda tv\u00e4ttmaskinen ska du komma ih\u00e5g att v\u00e4nda fotbollstr\u00f6jorna ut och in och sedan tv\u00e4tta dem. Fyll maskinen med kallt vatten och anv\u00e4nd ett skonsamt program f\u00f6r att b\u00e4ttre skydda f\u00e4rgerna.<\/p>","protected":false},"excerpt":{"rendered":"<p>Wie andere Trikots aus unserer Stadion-Kollektion kombiniert das FC Barcelona Trikot nachgebildete Designdetails mit schwei\u00dfableitendem Material, um dir einen spielbereiten Look zu verleihen, der von deiner Lieblingsmannschaft inspiriert wurde. Dieses Produkt besteht zu 100 % aus recycelten Polyesterfasern. Atmungsaktives Material mit Nike Dri-FIT-Technologie leitet Schwei\u00df von deiner Haut weg, damit es schneller verdunstet und du [&hellip;]<\/p>","protected":false},"featured_media":502,"comment_status":"open","ping_status":"closed","template":"","meta":[],"product_brand":[],"product_cat":[31],"product_tag":[20,37,33,21,22,23,24],"class_list":{"0":"post-471","1":"product","2":"type-product","3":"status-publish","4":"has-post-thumbnail","6":"product_cat-fc-barcelona","7":"product_tag-coole-fussballtrikots","8":"product_tag-fc-barcelona-ausweichtrikot","9":"product_tag-fc-barcelona-trikots","10":"product_tag-fussballtrikot-fuer-herren","11":"product_tag-fussballtrikot-guenstig-kaufen","12":"product_tag-fussballtrikot-kurzarm","13":"product_tag-guenstiges-fussballtrikot","15":"first","16":"instock","17":"shipping-taxable","18":"purchasable","19":"product-type-variable"},"_links":{"self":[{"href":"https:\/\/www.billigtrikotde.com\/sv\/wp-json\/wp\/v2\/product\/471","targetHints":{"allow":["GET"]}}],"collection":[{"href":"https:\/\/www.billigtrikotde.com\/sv\/wp-json\/wp\/v2\/product"}],"about":[{"href":"https:\/\/www.billigtrikotde.com\/sv\/wp-json\/wp\/v2\/types\/product"}],"replies":[{"embeddable":true,"href":"https:\/\/www.billigtrikotde.com\/sv\/wp-json\/wp\/v2\/comments?post=471"}],"wp:featuredmedia":[{"embeddable":true,"href":"https:\/\/www.billigtrikotde.com\/sv\/wp-json\/wp\/v2\/media\/502"}],"wp:attachment":[{"href":"https:\/\/www.billigtrikotde.com\/sv\/wp-json\/wp\/v2\/media?parent=471"}],"wp:term":[{"taxonomy":"product_brand","embeddable":true,"href":"https:\/\/www.billigtrikotde.com\/sv\/wp-json\/wp\/v2\/product_brand?post=471"},{"taxonomy":"product_cat","embeddable":true,"href":"https:\/\/www.billigtrikotde.com\/sv\/wp-json\/wp\/v2\/product_cat?post=471"},{"taxonomy":"product_tag","embeddable":true,"href":"https:\/\/www.billigtrikotde.com\/sv\/wp-json\/wp\/v2\/product_tag?post=471"}],"curies":[{"name":"wp","href":"https:\/\/api.w.org\/{rel}","templated":true}]}}