{"id":4699,"date":"2024-10-23T16:02:30","date_gmt":"2024-10-23T14:02:30","guid":{"rendered":"http:\/\/billigtrikots.com\/?post_type=product&#038;p=4699"},"modified":"2024-10-23T16:04:40","modified_gmt":"2024-10-23T14:04:40","slug":"guenstige-fussballtrikots-brighton-hove-albion-21-22-trikot-blau-und-weiss","status":"publish","type":"product","link":"https:\/\/www.billigtrikotde.com\/sv\/guenstige-fussballtrikots-brighton-hove-albion-21-22-trikot-blau-und-weiss\/","title":{"rendered":"Billiga fotbollstr\u00f6jor Brighton &amp; Hove Albion 21-22 Jersey Bl\u00e5 och Vit"},"content":{"rendered":"<p>Brighton &amp; Hove Albion-tr\u00f6jan 2021-2022 presenterades i kv\u00e4ll, i god tid inf\u00f6r debuten i Premier League hemma mot Manchester City. Nike Brighton &amp; Hove Albion 21-22-tr\u00f6jan \u00e5terf\u00f6r de traditionella r\u00e4nderna efter 20-21-nadelstreifen-looken. Det finns fem bl\u00e5a och fyra vita r\u00e4nder p\u00e5 framsidan, \u00e4rmarna och nedre ryggen av Nike Brighton &amp; Hove Albion 2021-2022 fotbollstrikots.<br \/>\nBl\u00e5tt och vitt paras ihop med gult, som anv\u00e4nds f\u00f6r swooshen samt sidoremsorna och detaljerna i kragen \u2013 inklusive texten 10 Years at the Amex, som firar 10-\u00e5rsjubileet av stadion\u00f6ppningen \u00e5r 2011.<\/p>\n<p>Tips f\u00f6r utskrift: Om namn och nummer p\u00e5 bilden \u00e4r exakt vad du vill ha, beh\u00f6ver du inte ange dem igen. Om inte, ska du ange \u00f6nskat namn och nummer.<\/p>\n<p>Tips f\u00f6r tv\u00e4tt: Det \u00e4r rekommenderat att tv\u00e4tta fotbollstr\u00f6jor f\u00f6r hand. Om du vill anv\u00e4nda tv\u00e4ttmaskinen ska du komma ih\u00e5g att v\u00e4nda fotbollstr\u00f6jorna ut och in och sedan tv\u00e4tta dem. Fyll maskinen med kallt vatten och anv\u00e4nd ett skonsamt program f\u00f6r att b\u00e4ttre skydda f\u00e4rgerna.<\/p>","protected":false},"excerpt":{"rendered":"<p>Das Trikot von Brighton &amp; Hove Albion 2021-2022 wurde heute Abend pr\u00e4sentiert, p\u00fcnktlich zum Deb\u00fct im Premier League Heimspiel gegen Manchester City.Das Nike Brighton &amp; Hove Albion 21-22 Trikot bringt nach dem 20-21 Nadelstreifen-Look die traditionellen Streifen zur\u00fcck. Es gibt f\u00fcnf blaue und vier wei\u00dfe Streifen auf der Vorderseite, den \u00c4rmeln und dem unteren R\u00fccken [&hellip;]<\/p>","protected":false},"featured_media":4738,"comment_status":"open","ping_status":"closed","template":"","meta":[],"product_brand":[],"product_cat":[15],"product_tag":[20,232,35,21,23,24],"class_list":{"0":"post-4699","1":"product","2":"type-product","3":"status-publish","4":"has-post-thumbnail","6":"product_cat-unkategorisiert","7":"product_tag-coole-fussballtrikots","8":"product_tag-brighton-hove-albion-21-22-trikot","9":"product_tag-fussball-torwarttrikots","10":"product_tag-fussballtrikot-fuer-herren","11":"product_tag-fussballtrikot-kurzarm","12":"product_tag-guenstiges-fussballtrikot","14":"first","15":"instock","16":"shipping-taxable","17":"purchasable","18":"product-type-variable"},"_links":{"self":[{"href":"https:\/\/www.billigtrikotde.com\/sv\/wp-json\/wp\/v2\/product\/4699","targetHints":{"allow":["GET"]}}],"collection":[{"href":"https:\/\/www.billigtrikotde.com\/sv\/wp-json\/wp\/v2\/product"}],"about":[{"href":"https:\/\/www.billigtrikotde.com\/sv\/wp-json\/wp\/v2\/types\/product"}],"replies":[{"embeddable":true,"href":"https:\/\/www.billigtrikotde.com\/sv\/wp-json\/wp\/v2\/comments?post=4699"}],"wp:featuredmedia":[{"embeddable":true,"href":"https:\/\/www.billigtrikotde.com\/sv\/wp-json\/wp\/v2\/media\/4738"}],"wp:attachment":[{"href":"https:\/\/www.billigtrikotde.com\/sv\/wp-json\/wp\/v2\/media?parent=4699"}],"wp:term":[{"taxonomy":"product_brand","embeddable":true,"href":"https:\/\/www.billigtrikotde.com\/sv\/wp-json\/wp\/v2\/product_brand?post=4699"},{"taxonomy":"product_cat","embeddable":true,"href":"https:\/\/www.billigtrikotde.com\/sv\/wp-json\/wp\/v2\/product_cat?post=4699"},{"taxonomy":"product_tag","embeddable":true,"href":"https:\/\/www.billigtrikotde.com\/sv\/wp-json\/wp\/v2\/product_tag?post=4699"}],"curies":[{"name":"wp","href":"https:\/\/api.w.org\/{rel}","templated":true}]}}