{"id":4638,"date":"2024-10-23T15:59:38","date_gmt":"2024-10-23T13:59:38","guid":{"rendered":"http:\/\/billigtrikots.com\/?post_type=product&#038;p=4638"},"modified":"2024-10-23T16:01:48","modified_gmt":"2024-10-23T14:01:48","slug":"la-galaxy-city-of-dreams-kit-fans-home-shirt-2022-2023-football-jersey-katai-7","status":"publish","type":"product","link":"https:\/\/www.billigtrikotde.com\/sv\/la-galaxy-city-of-dreams-kit-fans-home-shirt-2022-2023-football-jersey-katai-7\/","title":{"rendered":"LA Galaxy City of Dreams Kit Fans Hemmatr\u00f6ja 2022-2023 Fotbollstr\u00f6ja KATAI 7"},"content":{"rendered":"<p>Das City of Dreams Kit ehrt die sauberen, klassischen und eleganten wei\u00dfen Kits der Geschichte der Galaxis mit einem Hauch von LA, um die City of Dreams und die City of Stars darzustellen. Die Kraft und Energie des Quasars repr\u00e4sentieren das Herz der Galaxie und die Tr\u00e4umer, Sch\u00f6pfer und Innovatoren, die Los Angeles ausmachen. Tipps [\u2026]<\/p>\n<p>Tips f\u00f6r tv\u00e4tt: Det \u00e4r rekommenderat att tv\u00e4tta fotbollstr\u00f6jor f\u00f6r hand. Om du vill anv\u00e4nda tv\u00e4ttmaskinen ska du komma ih\u00e5g att v\u00e4nda fotbollstr\u00f6jorna ut och in och sedan tv\u00e4tta dem. Fyll maskinen med kallt vatten och anv\u00e4nd ett skonsamt program f\u00f6r att b\u00e4ttre skydda f\u00e4rgerna.<\/p>","protected":false},"excerpt":{"rendered":"<p>Das City of Dreams Kit ehrt die sauberen, klassischen und eleganten wei\u00dfen Kits der Geschichte der Galaxis mit einem Hauch von LA, um die City of Dreams und die City of Stars darzustellen. Die Kraft und Energie des Quasars repr\u00e4sentieren das Herz der Galaxie und die Tr\u00e4umer, Sch\u00f6pfer und Innovatoren, die Los Angeles ausmachen. Tipps [\u2026]<\/p>","protected":false},"featured_media":4678,"comment_status":"open","ping_status":"closed","template":"","meta":[],"product_brand":[],"product_cat":[182],"product_tag":[20,21,22,23,24,183,184],"class_list":{"0":"post-4638","1":"product","2":"type-product","3":"status-publish","4":"has-post-thumbnail","6":"product_cat-la-galaxy","7":"product_tag-coole-fussballtrikots","8":"product_tag-fussballtrikot-fuer-herren","9":"product_tag-fussballtrikot-guenstig-kaufen","10":"product_tag-fussballtrikot-kurzarm","11":"product_tag-guenstiges-fussballtrikot","12":"product_tag-la-galaxy-away-shirt","13":"product_tag-la-galaxy-trikots","15":"first","16":"instock","17":"shipping-taxable","18":"purchasable","19":"product-type-variable"},"_links":{"self":[{"href":"https:\/\/www.billigtrikotde.com\/sv\/wp-json\/wp\/v2\/product\/4638","targetHints":{"allow":["GET"]}}],"collection":[{"href":"https:\/\/www.billigtrikotde.com\/sv\/wp-json\/wp\/v2\/product"}],"about":[{"href":"https:\/\/www.billigtrikotde.com\/sv\/wp-json\/wp\/v2\/types\/product"}],"replies":[{"embeddable":true,"href":"https:\/\/www.billigtrikotde.com\/sv\/wp-json\/wp\/v2\/comments?post=4638"}],"wp:featuredmedia":[{"embeddable":true,"href":"https:\/\/www.billigtrikotde.com\/sv\/wp-json\/wp\/v2\/media\/4678"}],"wp:attachment":[{"href":"https:\/\/www.billigtrikotde.com\/sv\/wp-json\/wp\/v2\/media?parent=4638"}],"wp:term":[{"taxonomy":"product_brand","embeddable":true,"href":"https:\/\/www.billigtrikotde.com\/sv\/wp-json\/wp\/v2\/product_brand?post=4638"},{"taxonomy":"product_cat","embeddable":true,"href":"https:\/\/www.billigtrikotde.com\/sv\/wp-json\/wp\/v2\/product_cat?post=4638"},{"taxonomy":"product_tag","embeddable":true,"href":"https:\/\/www.billigtrikotde.com\/sv\/wp-json\/wp\/v2\/product_tag?post=4638"}],"curies":[{"name":"wp","href":"https:\/\/api.w.org\/{rel}","templated":true}]}}