{"id":4606,"date":"2024-10-23T15:57:56","date_gmt":"2024-10-23T13:57:56","guid":{"rendered":"http:\/\/billigtrikots.com\/?post_type=product&#038;p=4606"},"modified":"2024-10-23T16:00:08","modified_gmt":"2024-10-23T14:00:08","slug":"brasilien-fussball-wm-2022-weltmeisterschaft-auswaertstrikot-mit-aufdruck-neymar-jr-10","status":"publish","type":"product","link":"https:\/\/www.billigtrikotde.com\/sv\/brasilien-fussball-wm-2022-weltmeisterschaft-auswaertstrikot-mit-aufdruck-neymar-jr-10\/","title":{"rendered":"Brasilien 2022 World Cup bortatr\u00f6ja med tryck Neymar jR 10"},"content":{"rendered":"<p>Det Nike Brasilien 2022 VM-hemabortskit kombinerar en bl\u00e5 grundf\u00e4rg med ljusgr\u00f6nt f\u00f6r Swoosh. De officiella f\u00e4rgerna \u00e4r \u201cParamount Blue\/Dynamic Yellow\/Green Spark\u201d. Den ber\u00f6mda emblemationen f\u00f6r det brasilianska fotbollsf\u00f6rbundet finns p\u00e5 v\u00e4nster br\u00f6st. Den best\u00e5r av stj\u00e4rnorna och texten Brasil i gult.<\/p>\n<p>Tips f\u00f6r utskrift: Om namn och nummer p\u00e5 bilden \u00e4r exakt vad du vill ha, beh\u00f6ver du inte ange dem igen. Om inte, ska du ange \u00f6nskat namn och nummer.<\/p>\n<p>Tips f\u00f6r tv\u00e4tt: Det \u00e4r rekommenderat att tv\u00e4tta fotbollstr\u00f6jor f\u00f6r hand. Om du vill anv\u00e4nda tv\u00e4ttmaskinen ska du komma ih\u00e5g att v\u00e4nda fotbollstr\u00f6jorna ut och in och sedan tv\u00e4tta dem. Fyll maskinen med kallt vatten och anv\u00e4nd ett skonsamt program f\u00f6r att b\u00e4ttre skydda f\u00e4rgerna.<\/p>","protected":false},"excerpt":{"rendered":"<p>Das Nike Brasilien 2022 WM-Ausw\u00e4rtstrikot kombiniert eine blaue Grundfarbe mit Hellgr\u00fcn f\u00fcr den Swoosh. Die offiziellen Farben sind \u201cParamount Blue\/Dynamic Yellow\/Green Spark\u201d. Das ber\u00fchmte Wappen des brasilianischen Fu\u00dfballverbands befindet sich auf der linken Brust. Es besteht aus den Sternen und dem Schriftzug Brasil in Gelb. Tipps zum Drucken: Wenn der Name und die Nummer auf [&hellip;]<\/p>","protected":false},"featured_media":4645,"comment_status":"open","ping_status":"closed","template":"","meta":[],"product_brand":[],"product_cat":[112],"product_tag":[20,210,114,222,21,22,23,24],"class_list":{"0":"post-4606","1":"product","2":"type-product","3":"status-publish","4":"has-post-thumbnail","6":"product_cat-brasilien-trikots","7":"product_tag-coole-fussballtrikots","8":"product_tag-brasilien-auswaertstrikot","9":"product_tag-brasilien-trikots","10":"product_tag-fussball-wm-2022-trikots","11":"product_tag-fussballtrikot-fuer-herren","12":"product_tag-fussballtrikot-guenstig-kaufen","13":"product_tag-fussballtrikot-kurzarm","14":"product_tag-guenstiges-fussballtrikot","16":"first","17":"instock","18":"shipping-taxable","19":"purchasable","20":"product-type-variable"},"_links":{"self":[{"href":"https:\/\/www.billigtrikotde.com\/sv\/wp-json\/wp\/v2\/product\/4606","targetHints":{"allow":["GET"]}}],"collection":[{"href":"https:\/\/www.billigtrikotde.com\/sv\/wp-json\/wp\/v2\/product"}],"about":[{"href":"https:\/\/www.billigtrikotde.com\/sv\/wp-json\/wp\/v2\/types\/product"}],"replies":[{"embeddable":true,"href":"https:\/\/www.billigtrikotde.com\/sv\/wp-json\/wp\/v2\/comments?post=4606"}],"wp:featuredmedia":[{"embeddable":true,"href":"https:\/\/www.billigtrikotde.com\/sv\/wp-json\/wp\/v2\/media\/4645"}],"wp:attachment":[{"href":"https:\/\/www.billigtrikotde.com\/sv\/wp-json\/wp\/v2\/media?parent=4606"}],"wp:term":[{"taxonomy":"product_brand","embeddable":true,"href":"https:\/\/www.billigtrikotde.com\/sv\/wp-json\/wp\/v2\/product_brand?post=4606"},{"taxonomy":"product_cat","embeddable":true,"href":"https:\/\/www.billigtrikotde.com\/sv\/wp-json\/wp\/v2\/product_cat?post=4606"},{"taxonomy":"product_tag","embeddable":true,"href":"https:\/\/www.billigtrikotde.com\/sv\/wp-json\/wp\/v2\/product_tag?post=4606"}],"curies":[{"name":"wp","href":"https:\/\/api.w.org\/{rel}","templated":true}]}}