{"id":4547,"date":"2024-10-23T15:55:04","date_gmt":"2024-10-23T13:55:04","guid":{"rendered":"http:\/\/billigtrikots.com\/?post_type=product&#038;p=4547"},"modified":"2024-10-23T15:57:10","modified_gmt":"2024-10-23T13:57:10","slug":"ronaldo-7-manchester-united-2022-2023-heimtrikot-herren-trikot-kurze-hosen","status":"publish","type":"product","link":"https:\/\/www.billigtrikotde.com\/sv\/ronaldo-7-manchester-united-2022-2023-heimtrikot-herren-trikot-kurze-hosen\/","title":{"rendered":"Ronaldo 7 Manchester United 2022-2023 Hemmatr\u00f6ja Herr Tr\u00f6ja + Shorts"},"content":{"rendered":"<p>Adidas Manchester United 2022-2023 tr\u00f6ja kombinerar en ganska m\u00f6rkr\u00f6d huvudf\u00e4rg med en vit Adidas-logotyp och svarta tre r\u00e4nder.<\/p>\n<p>Det som g\u00f6r tr\u00f6jan speciell \u00e4r polokragen. Den vita kragen har en triangelformad design inspirerad av 1994.<\/p>\n<p>Strumporna till Manchester Uniteds 22-23 hemmatr\u00f6ja kombinerar den traditionella huvudf\u00e4rgen svart med r\u00f6tt. De har en r\u00f6d Red Devil p\u00e5 framsidan och en vit Adidas-logotyp p\u00e5 baksidan. Toppen \u00e4r r\u00f6d med svarta tre r\u00e4nder.<\/p>\n<p>Man United 22-23 tr\u00f6jan har en sk\u00f6ld med Manchester Uniteds logotyp p\u00e5. Sk\u00f6lden \u00e4r i form av en femh\u00f6rning och har en n\u00e5got m\u00f6rkare r\u00f6d nyans \u00e4n resten av tr\u00f6jan. Den \u00e4r ocks\u00e5 kantad med en tunn kant f\u00f6r att separera formen.<\/p>\n<p>Tips f\u00f6r utskrift: Om namn och nummer p\u00e5 bilden \u00e4r exakt vad du vill ha, beh\u00f6ver du inte ange dem igen. Om inte, ska du ange \u00f6nskat namn och nummer.<\/p>\n<p>Tips f\u00f6r tv\u00e4tt: Det \u00e4r rekommenderat att tv\u00e4tta fotbollstr\u00f6jor f\u00f6r hand. Om du vill anv\u00e4nda tv\u00e4ttmaskinen ska du komma ih\u00e5g att v\u00e4nda fotbollstr\u00f6jorna ut och in och sedan tv\u00e4tta dem. Fyll maskinen med kallt vatten och anv\u00e4nd ett skonsamt program f\u00f6r att b\u00e4ttre skydda f\u00e4rgerna.<\/p>","protected":false},"excerpt":{"rendered":"<p>Das Adidas Manchester United 2022-2023 Trikot kombiniert eine eher dunkelrote Hauptfarbe mit einem wei\u00dfen Adidas-Logo und schwarzen Drei Streifen. Was das Trikot besonders macht, ist der Polokragen. Der wei\u00dfe Kragen ist mit einem von 1994 inspirierten dreieckigen Design versehen. Die Stutzen des Manchester United 22-23 Heimtrikots kombinieren die traditionelle Hauptfarbe Schwarz mit Rot.<\/p>","protected":false},"featured_media":4585,"comment_status":"open","ping_status":"closed","template":"","meta":[],"product_brand":[],"product_cat":[50],"product_tag":[20,21,22,23,54,24,141,52],"class_list":{"0":"post-4547","1":"product","2":"type-product","3":"status-publish","4":"has-post-thumbnail","6":"product_cat-manchester-united","7":"product_tag-coole-fussballtrikots","8":"product_tag-fussballtrikot-fuer-herren","9":"product_tag-fussballtrikot-guenstig-kaufen","10":"product_tag-fussballtrikot-kurzarm","11":"product_tag-fussballtrikot-set","12":"product_tag-guenstiges-fussballtrikot","13":"product_tag-manchester-united-heimtrikot","14":"product_tag-manchester-united-trikots","16":"first","17":"instock","18":"shipping-taxable","19":"purchasable","20":"product-type-variable"},"_links":{"self":[{"href":"https:\/\/www.billigtrikotde.com\/sv\/wp-json\/wp\/v2\/product\/4547","targetHints":{"allow":["GET"]}}],"collection":[{"href":"https:\/\/www.billigtrikotde.com\/sv\/wp-json\/wp\/v2\/product"}],"about":[{"href":"https:\/\/www.billigtrikotde.com\/sv\/wp-json\/wp\/v2\/types\/product"}],"replies":[{"embeddable":true,"href":"https:\/\/www.billigtrikotde.com\/sv\/wp-json\/wp\/v2\/comments?post=4547"}],"wp:featuredmedia":[{"embeddable":true,"href":"https:\/\/www.billigtrikotde.com\/sv\/wp-json\/wp\/v2\/media\/4585"}],"wp:attachment":[{"href":"https:\/\/www.billigtrikotde.com\/sv\/wp-json\/wp\/v2\/media?parent=4547"}],"wp:term":[{"taxonomy":"product_brand","embeddable":true,"href":"https:\/\/www.billigtrikotde.com\/sv\/wp-json\/wp\/v2\/product_brand?post=4547"},{"taxonomy":"product_cat","embeddable":true,"href":"https:\/\/www.billigtrikotde.com\/sv\/wp-json\/wp\/v2\/product_cat?post=4547"},{"taxonomy":"product_tag","embeddable":true,"href":"https:\/\/www.billigtrikotde.com\/sv\/wp-json\/wp\/v2\/product_tag?post=4547"}],"curies":[{"name":"wp","href":"https:\/\/api.w.org\/{rel}","templated":true}]}}