{"id":4509,"date":"2024-10-23T15:53:19","date_gmt":"2024-10-23T13:53:19","guid":{"rendered":"http:\/\/billigtrikots.com\/?post_type=product&#038;p=4509"},"modified":"2024-10-23T15:55:29","modified_gmt":"2024-10-23T13:55:29","slug":"neue-dfb-deutschlands-wm-trikot-2022-football-shirt-mit-aufdruck-werner-9","status":"publish","type":"product","link":"https:\/\/www.billigtrikotde.com\/sv\/neue-dfb-deutschlands-wm-trikot-2022-football-shirt-mit-aufdruck-werner-9\/","title":{"rendered":"Ny DFB Tyskland 2022 World Cup fotbollstr\u00f6ja med tryck Werner 9"},"content":{"rendered":"<p>En vit grundf\u00e4rg med gr\u00e5a zigzag-m\u00f6nster p\u00e5 framsidan ska den nya Sveriges matchtr\u00f6ja 2022 ha! Guld-svart kommer att vara DFB-emblemet, guld det adidas-logotypen och de fyra stj\u00e4rnorna samt \u00e4rmsluten och axlarna.<br \/>\nTips f\u00f6r utskrift: Om namn och nummer p\u00e5 bilden \u00e4r exakt vad du vill ha, beh\u00f6ver du inte ange dem igen. Om inte, ska du ange \u00f6nskat namn och nummer.<\/p>\n<p>Tips f\u00f6r tv\u00e4tt: Det \u00e4r rekommenderat att tv\u00e4tta fotbollstr\u00f6jor f\u00f6r hand. Om du vill anv\u00e4nda tv\u00e4ttmaskinen ska du komma ih\u00e5g att v\u00e4nda fotbollstr\u00f6jorna ut och in och sedan tv\u00e4tta dem. Fyll maskinen med kallt vatten och anv\u00e4nd ett skonsamt program f\u00f6r att b\u00e4ttre skydda f\u00e4rgerna.<\/p>","protected":false},"excerpt":{"rendered":"<p>En vit grundf\u00e4rg med gr\u00e5a zig-zag-m\u00f6nster p\u00e5 framsidan ska den nya tysklands-tr\u00f6jan 2022 ha! Guld-svart kommer att vara DFB-emblemet, Guld det adidas-logotypen och de fyra stj\u00e4rnorna samt \u00e4rmarnas avslut och axlarna. Tips f\u00f6r tryck: Om namnet och numret p\u00e5 bilden exakt motsvarar dina \u00f6nskem\u00e5l beh\u00f6ver du inte ange dem igen. Om [\u2026]<\/p>","protected":false},"featured_media":4550,"comment_status":"open","ping_status":"closed","template":"","meta":[],"product_brand":[],"product_cat":[170],"product_tag":[20,212,172,213,21,22,23,24],"class_list":{"0":"post-4509","1":"product","2":"type-product","3":"status-publish","4":"has-post-thumbnail","6":"product_cat-deutschland-trikots","7":"product_tag-coole-fussballtrikots","8":"product_tag-deutschland-heimtrikot","9":"product_tag-deutschland-trikots","10":"product_tag-fussball-wm-2022","11":"product_tag-fussballtrikot-fuer-herren","12":"product_tag-fussballtrikot-guenstig-kaufen","13":"product_tag-fussballtrikot-kurzarm","14":"product_tag-guenstiges-fussballtrikot","16":"first","17":"instock","18":"shipping-taxable","19":"purchasable","20":"product-type-variable"},"_links":{"self":[{"href":"https:\/\/www.billigtrikotde.com\/sv\/wp-json\/wp\/v2\/product\/4509","targetHints":{"allow":["GET"]}}],"collection":[{"href":"https:\/\/www.billigtrikotde.com\/sv\/wp-json\/wp\/v2\/product"}],"about":[{"href":"https:\/\/www.billigtrikotde.com\/sv\/wp-json\/wp\/v2\/types\/product"}],"replies":[{"embeddable":true,"href":"https:\/\/www.billigtrikotde.com\/sv\/wp-json\/wp\/v2\/comments?post=4509"}],"wp:featuredmedia":[{"embeddable":true,"href":"https:\/\/www.billigtrikotde.com\/sv\/wp-json\/wp\/v2\/media\/4550"}],"wp:attachment":[{"href":"https:\/\/www.billigtrikotde.com\/sv\/wp-json\/wp\/v2\/media?parent=4509"}],"wp:term":[{"taxonomy":"product_brand","embeddable":true,"href":"https:\/\/www.billigtrikotde.com\/sv\/wp-json\/wp\/v2\/product_brand?post=4509"},{"taxonomy":"product_cat","embeddable":true,"href":"https:\/\/www.billigtrikotde.com\/sv\/wp-json\/wp\/v2\/product_cat?post=4509"},{"taxonomy":"product_tag","embeddable":true,"href":"https:\/\/www.billigtrikotde.com\/sv\/wp-json\/wp\/v2\/product_tag?post=4509"}],"curies":[{"name":"wp","href":"https:\/\/api.w.org\/{rel}","templated":true}]}}