{"id":4381,"date":"2024-10-23T15:46:57","date_gmt":"2024-10-23T13:46:57","guid":{"rendered":"http:\/\/billigtrikots.com\/?post_type=product&#038;p=4381"},"modified":"2024-10-23T15:49:09","modified_gmt":"2024-10-23T13:49:09","slug":"la-galaxy-2022-2023-heimtrikot-herren-fan-edition-fussballtrikot","status":"publish","type":"product","link":"https:\/\/www.billigtrikotde.com\/sv\/la-galaxy-2022-2023-heimtrikot-herren-fan-edition-fussballtrikot\/","title":{"rendered":"LA Galaxy 2022-2023 Hemmatr\u00f6ja Fotbollstr\u00f6ja Fan Edition f\u00f6r herrar"},"content":{"rendered":"<p>Det betecknas som \u201eCity of Dreams Kit\u201c och hedrar de rena, klassiska och eleganta vita rutorna i Galaxins historia med en touch av LA f\u00f6r att representera City of Dreams och City of Stars.<\/p>\n<p>Adidas LA Galaxy 2022-fotbollstr\u00f6jan, som \u00e4r huvudsakligen vit, har en marinbl\u00e5 hals och 3 r\u00e4nder i samma f\u00e4rg p\u00e5 axlarna.<\/p>\n<p>Det framtr\u00e4dande k\u00e4nnetecknet f\u00f6r Adidas LA Galaxy 2022 hemma-tr\u00f6jan \u00e4r halsen och \u00e4rmarna, som ocks\u00e5 \u00e4r m\u00f6rkbl\u00e5 och har ett quasar-m\u00f6nster som inspirerats av klubbemblemet.<\/p>","protected":false},"excerpt":{"rendered":"<p>Det n\u00e4mns som 'City of Dreams Kit' och hedrar de rena, klassiska och eleganta vita kitens historia i galaxen med en touch av LA, f\u00f6r att representera City of Dreams och City of Stars. Adidas LA Galaxy 2022 fotbollstr\u00f6ja, som \u00e4r mest vit, har en marinbl\u00e5 krage och 3 streck i [\u2026]<\/p>","protected":false},"featured_media":4420,"comment_status":"open","ping_status":"closed","template":"","meta":[],"product_brand":[],"product_cat":[182],"product_tag":[20,21,22,23,24,183,184],"class_list":{"0":"post-4381","1":"product","2":"type-product","3":"status-publish","4":"has-post-thumbnail","6":"product_cat-la-galaxy","7":"product_tag-coole-fussballtrikots","8":"product_tag-fussballtrikot-fuer-herren","9":"product_tag-fussballtrikot-guenstig-kaufen","10":"product_tag-fussballtrikot-kurzarm","11":"product_tag-guenstiges-fussballtrikot","12":"product_tag-la-galaxy-away-shirt","13":"product_tag-la-galaxy-trikots","15":"first","16":"instock","17":"featured","18":"shipping-taxable","19":"purchasable","20":"product-type-variable"},"_links":{"self":[{"href":"https:\/\/www.billigtrikotde.com\/sv\/wp-json\/wp\/v2\/product\/4381","targetHints":{"allow":["GET"]}}],"collection":[{"href":"https:\/\/www.billigtrikotde.com\/sv\/wp-json\/wp\/v2\/product"}],"about":[{"href":"https:\/\/www.billigtrikotde.com\/sv\/wp-json\/wp\/v2\/types\/product"}],"replies":[{"embeddable":true,"href":"https:\/\/www.billigtrikotde.com\/sv\/wp-json\/wp\/v2\/comments?post=4381"}],"wp:featuredmedia":[{"embeddable":true,"href":"https:\/\/www.billigtrikotde.com\/sv\/wp-json\/wp\/v2\/media\/4420"}],"wp:attachment":[{"href":"https:\/\/www.billigtrikotde.com\/sv\/wp-json\/wp\/v2\/media?parent=4381"}],"wp:term":[{"taxonomy":"product_brand","embeddable":true,"href":"https:\/\/www.billigtrikotde.com\/sv\/wp-json\/wp\/v2\/product_brand?post=4381"},{"taxonomy":"product_cat","embeddable":true,"href":"https:\/\/www.billigtrikotde.com\/sv\/wp-json\/wp\/v2\/product_cat?post=4381"},{"taxonomy":"product_tag","embeddable":true,"href":"https:\/\/www.billigtrikotde.com\/sv\/wp-json\/wp\/v2\/product_tag?post=4381"}],"curies":[{"name":"wp","href":"https:\/\/api.w.org\/{rel}","templated":true}]}}