{"id":4367,"date":"2024-10-23T15:46:19","date_gmt":"2024-10-23T13:46:19","guid":{"rendered":"http:\/\/billigtrikots.com\/?post_type=product&#038;p=4367"},"modified":"2024-10-23T15:48:32","modified_gmt":"2024-10-23T13:48:32","slug":"herren-trikotsatz-fc-barcelona-2021-22-ausweichtrikot","status":"publish","type":"product","link":"https:\/\/www.billigtrikotde.com\/sv\/herren-trikotsatz-fc-barcelona-2021-22-ausweichtrikot\/","title":{"rendered":"Herrtr\u00f6jset FC Barcelona 2021\/22 Bortatr\u00f6ja"},"content":{"rendered":"<p>Nike:s sporttr\u00f6ja i bl\u00e5tt l\u00e5ter dig b\u00e4ra f\u00e4rgerna fr\u00e5n din favoritklubb och visa alla vad ditt hj\u00e4rta sl\u00e5r f\u00f6r. Som en riktig FC Barcelona-fan beh\u00f6ver du denna avbytarsporttr\u00f6ja som spelarna b\u00e4r i Primera Divisionen. Den andningsaktiva, l\u00e4tta, svettavledande och bekv\u00e4ma modellen \u00f6vertygar helt och h\u00e5llet. L\u00e5t denna bl\u00e5 tr\u00f6ja med randigt m\u00f6nster bli din trogna f\u00f6ljeslagare.<\/p>","protected":false},"excerpt":{"rendered":"<p>Das Sportshirt von Nike in Blau l\u00e4sst dich die Farben deines Lieblingsclubs tragen und allen zeigen, wof\u00fcr dein Herz schl\u00e4gt. Als echter FC Barcelona-Fan brauchst du dieses Ausweich-Sportshirt, das die Spieler in der Primera Division tragen. Das atmungsaktive, leichte, schwei\u00dfableitende und bequeme Modell \u00fcberzeugt auf ganzer Linie.Lasse dieses blaue Trikot mit Streifen-Muster zu deinem treuen [&hellip;]<\/p>","protected":false},"featured_media":4407,"comment_status":"open","ping_status":"closed","template":"","meta":[],"product_brand":[],"product_cat":[31],"product_tag":[20,37,33,211,21,23,24],"class_list":{"0":"post-4367","1":"product","2":"type-product","3":"status-publish","4":"has-post-thumbnail","6":"product_cat-fc-barcelona","7":"product_tag-coole-fussballtrikots","8":"product_tag-fc-barcelona-ausweichtrikot","9":"product_tag-fc-barcelona-trikots","10":"product_tag-fussballltrikots","11":"product_tag-fussballtrikot-fuer-herren","12":"product_tag-fussballtrikot-kurzarm","13":"product_tag-guenstiges-fussballtrikot","15":"first","16":"instock","17":"shipping-taxable","18":"purchasable","19":"product-type-variable"},"_links":{"self":[{"href":"https:\/\/www.billigtrikotde.com\/sv\/wp-json\/wp\/v2\/product\/4367","targetHints":{"allow":["GET"]}}],"collection":[{"href":"https:\/\/www.billigtrikotde.com\/sv\/wp-json\/wp\/v2\/product"}],"about":[{"href":"https:\/\/www.billigtrikotde.com\/sv\/wp-json\/wp\/v2\/types\/product"}],"replies":[{"embeddable":true,"href":"https:\/\/www.billigtrikotde.com\/sv\/wp-json\/wp\/v2\/comments?post=4367"}],"wp:featuredmedia":[{"embeddable":true,"href":"https:\/\/www.billigtrikotde.com\/sv\/wp-json\/wp\/v2\/media\/4407"}],"wp:attachment":[{"href":"https:\/\/www.billigtrikotde.com\/sv\/wp-json\/wp\/v2\/media?parent=4367"}],"wp:term":[{"taxonomy":"product_brand","embeddable":true,"href":"https:\/\/www.billigtrikotde.com\/sv\/wp-json\/wp\/v2\/product_brand?post=4367"},{"taxonomy":"product_cat","embeddable":true,"href":"https:\/\/www.billigtrikotde.com\/sv\/wp-json\/wp\/v2\/product_cat?post=4367"},{"taxonomy":"product_tag","embeddable":true,"href":"https:\/\/www.billigtrikotde.com\/sv\/wp-json\/wp\/v2\/product_tag?post=4367"}],"curies":[{"name":"wp","href":"https:\/\/api.w.org\/{rel}","templated":true}]}}