{"id":4309,"date":"2024-10-23T15:43:27","date_gmt":"2024-10-23T13:43:27","guid":{"rendered":"http:\/\/billigtrikots.com\/?post_type=product&#038;p=4309"},"modified":"2024-10-23T15:45:36","modified_gmt":"2024-10-23T13:45:36","slug":"manchester-city-ausweichtrikot-2021-22-dunkelblau-trikotsatz-fuer-kinder-mit-aufdruck-de-bruyne-17","status":"publish","type":"product","link":"https:\/\/www.billigtrikotde.com\/sv\/manchester-city-ausweichtrikot-2021-22-dunkelblau-trikotsatz-fuer-kinder-mit-aufdruck-de-bruyne-17\/","title":{"rendered":"Manchester City bortakit 2021\/22 m\u00f6rkbl\u00e5 tr\u00f6ja f\u00f6r barn med tryck De Bruyne 17"},"content":{"rendered":"<p>Med denna Manchester City FC 2021\/22:s reservtr\u00f6ja f\u00f6r herrar fr\u00e5n PUMA kan du \u00e5teruppliva m\u00e4starna fr\u00e5n Sverige f\u00f6r att g\u00f6ra allt igen. Denna standardpassformstr\u00f6ja i f\u00e4rgen Peacoat har en rund halsringning, korta \u00e4rmar och ribbade avslut. Den \u00e4r tillverkad av l\u00e4tt polyesterv\u00e4v med den karakteristiska dryCELL-teknologin f\u00f6r sval komfort n\u00e4r det \u00e4r som varmast. Med den genomg\u00e5ende upprepade ikoniska emblem \u00e4r denna tr\u00f6ja utrustad med Classic Cat-logotyper, klubbens sponsorer och Manchester City-varum\u00e4rket p\u00e5 br\u00f6stet.<\/p>\n<p>Tips f\u00f6r utskrift: Om namn och nummer p\u00e5 bilden \u00e4r exakt vad du vill ha, beh\u00f6ver du inte ange dem igen. Om inte, ska du ange \u00f6nskat namn och nummer.<\/p>\n<p>Tips f\u00f6r tv\u00e4tt: Det \u00e4r rekommenderat att tv\u00e4tta fotbollstr\u00f6jor f\u00f6r hand. Om du vill anv\u00e4nda tv\u00e4ttmaskinen ska du komma ih\u00e5g att v\u00e4nda fotbollstr\u00f6jorna ut och in och sedan tv\u00e4tta dem. Fyll maskinen med kallt vatten och anv\u00e4nd ett skonsamt program f\u00f6r att b\u00e4ttre skydda f\u00e4rgerna.<\/p>","protected":false},"excerpt":{"rendered":"<p>Mit diesem Manchester City FC 2021\/22 Ausweichtrikot f\u00fcr Herren von PUMA kannst du die Meister von hautnahland zur\u00fcckholen, um alles noch einmal zu tun. Dieses Standard-Fit-Top in der Farbe Peacoat hat einen Rundhalsausschnitt, kurze \u00c4rmel und gerippte Abschl\u00fcsse. Es besteht aus leichtem Poly-Gewebe mit charakteristischer dryCELL-Technologie f\u00fcr k\u00fchlen Komfort, wenn es hei\u00df hergeht. Mit dem [&hellip;]<\/p>","protected":false},"featured_media":4348,"comment_status":"open","ping_status":"closed","template":"","meta":[],"product_brand":[],"product_cat":[144],"product_tag":[20,94,203,84,145],"class_list":{"0":"post-4309","1":"product","2":"type-product","3":"status-publish","4":"has-post-thumbnail","6":"product_cat-manchester-city-kindertrikot","7":"product_tag-coole-fussballtrikots","8":"product_tag-kinder-fussball-trikotsatz","9":"product_tag-manchester-city-ausweichtrikot","10":"product_tag-manchester-city-trikots","11":"product_tag-manchester-city-trikotsatz-fuer-kinder","13":"first","14":"instock","15":"shipping-taxable","16":"purchasable","17":"product-type-variable"},"_links":{"self":[{"href":"https:\/\/www.billigtrikotde.com\/sv\/wp-json\/wp\/v2\/product\/4309","targetHints":{"allow":["GET"]}}],"collection":[{"href":"https:\/\/www.billigtrikotde.com\/sv\/wp-json\/wp\/v2\/product"}],"about":[{"href":"https:\/\/www.billigtrikotde.com\/sv\/wp-json\/wp\/v2\/types\/product"}],"replies":[{"embeddable":true,"href":"https:\/\/www.billigtrikotde.com\/sv\/wp-json\/wp\/v2\/comments?post=4309"}],"wp:featuredmedia":[{"embeddable":true,"href":"https:\/\/www.billigtrikotde.com\/sv\/wp-json\/wp\/v2\/media\/4348"}],"wp:attachment":[{"href":"https:\/\/www.billigtrikotde.com\/sv\/wp-json\/wp\/v2\/media?parent=4309"}],"wp:term":[{"taxonomy":"product_brand","embeddable":true,"href":"https:\/\/www.billigtrikotde.com\/sv\/wp-json\/wp\/v2\/product_brand?post=4309"},{"taxonomy":"product_cat","embeddable":true,"href":"https:\/\/www.billigtrikotde.com\/sv\/wp-json\/wp\/v2\/product_cat?post=4309"},{"taxonomy":"product_tag","embeddable":true,"href":"https:\/\/www.billigtrikotde.com\/sv\/wp-json\/wp\/v2\/product_tag?post=4309"}],"curies":[{"name":"wp","href":"https:\/\/api.w.org\/{rel}","templated":true}]}}