{"id":4186,"date":"2024-10-23T15:37:30","date_gmt":"2024-10-23T13:37:30","guid":{"rendered":"http:\/\/billigtrikots.com\/?post_type=product&#038;p=4186"},"modified":"2025-06-16T16:03:52","modified_gmt":"2025-06-16T14:03:52","slug":"juventus-turin-herren-auswaertstrikot-2021-22-schwarz-weiss-mit-aufdruck-de-sciglio-2","status":"publish","type":"product","link":"https:\/\/www.billigtrikotde.com\/sv\/juventus-turin-herren-auswaertstrikot-2021-22-schwarz-weiss-mit-aufdruck-de-sciglio-2\/","title":{"rendered":"Juventus Turin Bortatr\u00f6ja 2021\/22 svart\/vit f\u00f6r herrar med tryck De Sciglio 2"},"content":{"rendered":"<p>Som alltid har den helt nya Juventus Turin bortatr\u00f6jan f\u00f6r herrar det stolta klubbm\u00e4rket p\u00e5 hj\u00e4rtsidan och \u00e4r dekorerad med adidas-logotypen, 3-Stripes-designen och den officiella sponsorbokstaven f\u00f6r sponsorn.<\/p>\n<p>Den nya JUVE-tr\u00f6jan f\u00f6r herrar \u00e4r tillverkad i mjukt Aeroready-material och ger dig optimal v\u00e4rme- och fukttransport, s\u00e5 att du alltid h\u00e5ller dig torr och bekv\u00e4m. Med en ribbad krage och en n\u00e5got vidare sk\u00e4rning \u00e4n sj\u00e4lva spelartr\u00f6jan ger den dig ocks\u00e5 maximal r\u00f6relsefrihet i alla riktningar s\u00e5 att du kan prestera perfekt hela tiden - oavsett om det \u00e4r p\u00e5 planen, p\u00e5 fritiden eller p\u00e5 tr\u00e4ningen.<\/p>\n<p>Tips f\u00f6r utskrift: Om namn och nummer p\u00e5 bilden \u00e4r exakt vad du vill ha, beh\u00f6ver du inte ange dem igen. Om inte, ska du ange \u00f6nskat namn och nummer.<\/p>\n<p>Tips f\u00f6r tv\u00e4tt: Det rekommenderas att tv\u00e4tta fotbollstr\u00f6jor f\u00f6r hand. Om du vill anv\u00e4nda tv\u00e4ttmaskinen, kom ih\u00e5g att v\u00e4nda fotbollstr\u00f6jorna ut och in och sedan tv\u00e4tta dem.<\/p>","protected":false},"excerpt":{"rendered":"<p>Den helt nya herrarnas borta-tr\u00f6jan f\u00f6r Juventus Turin b\u00e4r naturligtvis som alltid det stolta klubbm\u00e4rket p\u00e5 br\u00f6stet och \u00e4r prydd med adidas-loggan, 3-rand-designen och den officiella sponsornstrycket av sponsorn. Tillverkad av mjukt Aeroready-material erbjuder dig den nya JUVE-tr\u00f6jan f\u00f6r herrar optimal v\u00e4rme- och fuktighetsreglering och d\u00e4rmed en alltid [\u2026]<\/p>","protected":false},"featured_media":4227,"comment_status":"open","ping_status":"closed","template":"","meta":[],"product_brand":[],"product_cat":[59],"product_tag":[20,38,21,24,150,61],"class_list":{"0":"post-4186","1":"product","2":"type-product","3":"status-publish","4":"has-post-thumbnail","6":"product_cat-juventus","7":"product_tag-coole-fussballtrikots","8":"product_tag-fussball-trikot-langarm","9":"product_tag-fussballtrikot-fuer-herren","10":"product_tag-guenstiges-fussballtrikot","11":"product_tag-juventus-auswaertstrikot","12":"product_tag-juventus-trikots","14":"first","15":"instock","16":"shipping-taxable","17":"purchasable","18":"product-type-variable"},"_links":{"self":[{"href":"https:\/\/www.billigtrikotde.com\/sv\/wp-json\/wp\/v2\/product\/4186","targetHints":{"allow":["GET"]}}],"collection":[{"href":"https:\/\/www.billigtrikotde.com\/sv\/wp-json\/wp\/v2\/product"}],"about":[{"href":"https:\/\/www.billigtrikotde.com\/sv\/wp-json\/wp\/v2\/types\/product"}],"replies":[{"embeddable":true,"href":"https:\/\/www.billigtrikotde.com\/sv\/wp-json\/wp\/v2\/comments?post=4186"}],"wp:featuredmedia":[{"embeddable":true,"href":"https:\/\/www.billigtrikotde.com\/sv\/wp-json\/wp\/v2\/media\/4227"}],"wp:attachment":[{"href":"https:\/\/www.billigtrikotde.com\/sv\/wp-json\/wp\/v2\/media?parent=4186"}],"wp:term":[{"taxonomy":"product_brand","embeddable":true,"href":"https:\/\/www.billigtrikotde.com\/sv\/wp-json\/wp\/v2\/product_brand?post=4186"},{"taxonomy":"product_cat","embeddable":true,"href":"https:\/\/www.billigtrikotde.com\/sv\/wp-json\/wp\/v2\/product_cat?post=4186"},{"taxonomy":"product_tag","embeddable":true,"href":"https:\/\/www.billigtrikotde.com\/sv\/wp-json\/wp\/v2\/product_tag?post=4186"}],"curies":[{"name":"wp","href":"https:\/\/api.w.org\/{rel}","templated":true}]}}