{"id":4124,"date":"2024-10-23T15:34:48","date_gmt":"2024-10-23T13:34:48","guid":{"rendered":"http:\/\/billigtrikots.com\/?post_type=product&#038;p=4124"},"modified":"2024-10-23T15:36:51","modified_gmt":"2024-10-23T13:36:51","slug":"guenstige-boca-juniors-2021-22-auswaertstrikot-kaufen-mit-eigenem-namen","status":"publish","type":"product","link":"https:\/\/www.billigtrikotde.com\/sv\/guenstige-boca-juniors-2021-22-auswaertstrikot-kaufen-mit-eigenem-namen\/","title":{"rendered":"K\u00f6p billig Boca Juniors 2021\/22 bortatr\u00f6ja med ditt eget namn"},"content":{"rendered":"<p>Denna f\u00e4rg b\u00e4r Boca Juniors-killarna s\u00e4llan, men den p\u00e5minner om r\u00f6da diabetes stormiga \u00f6gonblick i klubbens historia. Vid bortamatcher s\u00e4songen 21\/22 ses Boca Juniors-stj\u00e4rnorna i gr\u00e5a adidas-tr\u00f6jor som denna. Den fuktabsorberande AEROREADY-teknologin och det mjuka materialet ger \u00e4ven fansen en behaglig b\u00e4rkomfort. Klubbens logotyp sticker ut fr\u00e5n den avm\u00e4ttade all-over-trycket och visar alla f\u00f6r vilket lag ditt hj\u00e4rta sl\u00e5r. Denna produkt \u00e4r Primegreen: tillverkad med olika funktionella \u00e5tervinningsmaterial.<\/p>\n<p>Tips f\u00f6r utskrift: Om namn och nummer p\u00e5 bilden \u00e4r exakt vad du vill ha, beh\u00f6ver du inte ange dem igen. Om inte, ska du ange \u00f6nskat namn och nummer.<\/p>\n<p>Tips f\u00f6r tv\u00e4tt: Det \u00e4r rekommenderat att tv\u00e4tta fotbollstr\u00f6jor f\u00f6r hand. Om du vill anv\u00e4nda tv\u00e4ttmaskinen ska du komma ih\u00e5g att v\u00e4nda fotbollstr\u00f6jorna ut och in och sedan tv\u00e4tta dem. Fyll maskinen med kallt vatten och anv\u00e4nd ett skonsamt program f\u00f6r att b\u00e4ttre skydda f\u00e4rgerna.<\/p>","protected":false},"excerpt":{"rendered":"<p>Diese Farbe tragen die Jungs der Boca Juniors selten, aber sie erinnert sofort an ruhmreiche Momente der Vereinsgeschichte. Bei Ausw\u00e4rtsspielen in der Saison 21\/22 sind die Stars von Boca Juniors in grauen adidas Trikots wie diesem zu sehen. Die feuchtigkeitsabsorbierende AEROREADY Technologie und das weiche Material sorgen auch bei den Fans f\u00fcr ein angenehmes Tragegef\u00fchl. [&hellip;]<\/p>","protected":false},"featured_media":4168,"comment_status":"open","ping_status":"closed","template":"","meta":[],"product_brand":[],"product_cat":[15],"product_tag":[20,206,207,21,22,23,24],"class_list":{"0":"post-4124","1":"product","2":"type-product","3":"status-publish","4":"has-post-thumbnail","6":"product_cat-unkategorisiert","7":"product_tag-coole-fussballtrikots","8":"product_tag-boca-juniors-auswaertstrikot","9":"product_tag-boca-juniors-trikots","10":"product_tag-fussballtrikot-fuer-herren","11":"product_tag-fussballtrikot-guenstig-kaufen","12":"product_tag-fussballtrikot-kurzarm","13":"product_tag-guenstiges-fussballtrikot","15":"first","16":"instock","17":"shipping-taxable","18":"purchasable","19":"product-type-variable"},"_links":{"self":[{"href":"https:\/\/www.billigtrikotde.com\/sv\/wp-json\/wp\/v2\/product\/4124","targetHints":{"allow":["GET"]}}],"collection":[{"href":"https:\/\/www.billigtrikotde.com\/sv\/wp-json\/wp\/v2\/product"}],"about":[{"href":"https:\/\/www.billigtrikotde.com\/sv\/wp-json\/wp\/v2\/types\/product"}],"replies":[{"embeddable":true,"href":"https:\/\/www.billigtrikotde.com\/sv\/wp-json\/wp\/v2\/comments?post=4124"}],"wp:featuredmedia":[{"embeddable":true,"href":"https:\/\/www.billigtrikotde.com\/sv\/wp-json\/wp\/v2\/media\/4168"}],"wp:attachment":[{"href":"https:\/\/www.billigtrikotde.com\/sv\/wp-json\/wp\/v2\/media?parent=4124"}],"wp:term":[{"taxonomy":"product_brand","embeddable":true,"href":"https:\/\/www.billigtrikotde.com\/sv\/wp-json\/wp\/v2\/product_brand?post=4124"},{"taxonomy":"product_cat","embeddable":true,"href":"https:\/\/www.billigtrikotde.com\/sv\/wp-json\/wp\/v2\/product_cat?post=4124"},{"taxonomy":"product_tag","embeddable":true,"href":"https:\/\/www.billigtrikotde.com\/sv\/wp-json\/wp\/v2\/product_tag?post=4124"}],"curies":[{"name":"wp","href":"https:\/\/api.w.org\/{rel}","templated":true}]}}