{"id":4119,"date":"2024-10-23T15:34:20","date_gmt":"2024-10-23T13:34:20","guid":{"rendered":"http:\/\/billigtrikots.com\/?post_type=product&#038;p=4119"},"modified":"2024-10-23T15:36:50","modified_gmt":"2024-10-23T13:36:50","slug":"as-rom-ausweichtrikot-2021-22-bestellen-gelb-und-dunkelblau","status":"publish","type":"product","link":"https:\/\/www.billigtrikotde.com\/sv\/as-rom-ausweichtrikot-2021-22-bestellen-gelb-und-dunkelblau\/","title":{"rendered":"AS Rom Bortatr\u00f6ja 2021\/22 best\u00e4ll gul och m\u00f6rkbl\u00e5"},"content":{"rendered":"<p>AS Rom 3. fotbollstr\u00f6jan 2021-2022 inneh\u00e5ller inte det aktuella klubbm\u00e4rket p\u00e5 v\u00e4nster br\u00f6st utan det s\u00e5 kallade Lupetto-m\u00e4rket. Detta m\u00e4rke k\u00e4nnetecknas av ett varghuvud och var mellan 1977-1997 AS Roma:s logga. Ut\u00f6ver det har alla AS Roma:s klubb f\u00e4rger v\u00e4vts in i tr\u00f6jan och dessa f\u00e4rger har kompletterats med m\u00f6rkbl\u00e5tt. Kroppen av byggsatsen \u00e4r gul och k\u00e4nnetecknas av det diagonala m\u00f6rkbl\u00e5a och vinr\u00f6da bandet fr\u00e5n v\u00e4nster axel till nedre h\u00f6gra h\u00f6rnet av byggsatsen. Detta band flankeras av tunnare linjer i samma f\u00e4rger. \u00c4rmarna p\u00e5 uniformen \u00e4r bl\u00e5 och har l\u00e4ngst ner ett r\u00f6tt band. Detta armband har en gul New Balance-grafik. Detta \u00e4r en grafik av sl\u00e5ende streck, inspirerad av str\u00e4cken i New Balance-loggan. Till h\u00f6ger p\u00e5 br\u00f6stet finns logotypen f\u00f6r den amerikanska sportm\u00e4rket i m\u00f6rkbl\u00e5tt och huvudsponsor Digitalbits pryder mitten av tr\u00f6jan i vitt. Namnet p\u00e5 klubben \u00e4r sydd p\u00e5 nacken p\u00e5 baksidan av tr\u00f6jan och under-sponsorn Hyundai finns l\u00e4ngst ned p\u00e5 baksidan av fotbollstr\u00f6jan. Avrundas tr\u00f6jan med gula fotbollsshorts med ett r\u00f6tt omr\u00e5de l\u00e4ngst ner p\u00e5 sidorna. Strumporna \u00e4r ocks\u00e5 gula och inneh\u00e5ller b\u00e5de ett m\u00f6rkbl\u00e5tt och ett r\u00f6tt band. Det r\u00f6da bandet inneh\u00e5ller NB-loggan och klubbens namn.<\/p>\n<p>Precis som alla New Balance-tr\u00f6jor \u00e4r AS Roma:s fotbollstr\u00f6jor utrustade med NB Dry-teknologi. Detta system \u00e4r inlagt i materialet (100% Polyester) hos uniformen och s\u00e4kerst\u00e4ller perfekt fuktavledning och ventilation.<\/p>\n<p>Tips f\u00f6r utskrift: Om namn och nummer p\u00e5 bilden \u00e4r exakt vad du vill ha, beh\u00f6ver du inte ange dem igen. Om inte, ska du ange \u00f6nskat namn och nummer.<\/p>\n<p>Tips f\u00f6r tv\u00e4tt: Det \u00e4r rekommenderat att tv\u00e4tta fotbollstr\u00f6jor f\u00f6r hand. Om du vill anv\u00e4nda tv\u00e4ttmaskinen ska du komma ih\u00e5g att v\u00e4nda fotbollstr\u00f6jorna ut och in och sedan tv\u00e4tta dem. Fyll maskinen med kallt vatten och anv\u00e4nd ett skonsamt program f\u00f6r att b\u00e4ttre skydda f\u00e4rgerna.<\/p>","protected":false},"excerpt":{"rendered":"<p>Das AS Rom 3. Fu\u00dfballtrikot 2021-2022 enth\u00e4lt nicht das aktuelle Vereinslogo auf der linken Brust, sondern das sogenannte Lupetto-Logo. Dieses Logo zeichnet sich durch den Kopf eines Wolfes aus und war im Zeitraum 1977-1997 das Logo der AS Roma. Dar\u00fcber hinaus wurden alle Vereinsfarben des AS Roma in das Trikot eingearbeitet und diese Farben mit [&hellip;]<\/p>","protected":false},"featured_media":4167,"comment_status":"open","ping_status":"closed","template":"","meta":[],"product_brand":[],"product_cat":[85],"product_tag":[205,87,20,21,22,23,24],"class_list":{"0":"post-4119","1":"product","2":"type-product","3":"status-publish","4":"has-post-thumbnail","6":"product_cat-as-roma","7":"product_tag-as-rom-ausweichtrikot","8":"product_tag-as-roma-trikots","9":"product_tag-coole-fussballtrikots","10":"product_tag-fussballtrikot-fuer-herren","11":"product_tag-fussballtrikot-guenstig-kaufen","12":"product_tag-fussballtrikot-kurzarm","13":"product_tag-guenstiges-fussballtrikot","15":"first","16":"instock","17":"shipping-taxable","18":"purchasable","19":"product-type-variable"},"_links":{"self":[{"href":"https:\/\/www.billigtrikotde.com\/sv\/wp-json\/wp\/v2\/product\/4119","targetHints":{"allow":["GET"]}}],"collection":[{"href":"https:\/\/www.billigtrikotde.com\/sv\/wp-json\/wp\/v2\/product"}],"about":[{"href":"https:\/\/www.billigtrikotde.com\/sv\/wp-json\/wp\/v2\/types\/product"}],"replies":[{"embeddable":true,"href":"https:\/\/www.billigtrikotde.com\/sv\/wp-json\/wp\/v2\/comments?post=4119"}],"wp:featuredmedia":[{"embeddable":true,"href":"https:\/\/www.billigtrikotde.com\/sv\/wp-json\/wp\/v2\/media\/4167"}],"wp:attachment":[{"href":"https:\/\/www.billigtrikotde.com\/sv\/wp-json\/wp\/v2\/media?parent=4119"}],"wp:term":[{"taxonomy":"product_brand","embeddable":true,"href":"https:\/\/www.billigtrikotde.com\/sv\/wp-json\/wp\/v2\/product_brand?post=4119"},{"taxonomy":"product_cat","embeddable":true,"href":"https:\/\/www.billigtrikotde.com\/sv\/wp-json\/wp\/v2\/product_cat?post=4119"},{"taxonomy":"product_tag","embeddable":true,"href":"https:\/\/www.billigtrikotde.com\/sv\/wp-json\/wp\/v2\/product_tag?post=4119"}],"curies":[{"name":"wp","href":"https:\/\/api.w.org\/{rel}","templated":true}]}}