{"id":4117,"date":"2024-10-23T15:34:19","date_gmt":"2024-10-23T13:34:19","guid":{"rendered":"http:\/\/billigtrikots.com\/?post_type=product&#038;p=4117"},"modified":"2024-10-23T15:36:50","modified_gmt":"2024-10-23T13:36:50","slug":"personalisierbar-parma-calcio-torwarttrikot-2021-22-goalkeeper-shirt-rot","status":"publish","type":"product","link":"https:\/\/www.billigtrikotde.com\/sv\/personalisierbar-parma-calcio-torwarttrikot-2021-22-goalkeeper-shirt-rot\/","title":{"rendered":"Anpassningsbar Parma Calcio m\u00e5lvaktstr\u00f6ja 2021\/22 M\u00e5lvaktstr\u00f6ja r\u00f6d"},"content":{"rendered":"<p>M\u00e5lvaktstr\u00f6ja fr\u00e5n Parma Calcio f\u00f6r s\u00e4songen 2021\/22<br \/>\nMed m\u00e5lvaktstr\u00f6jan firar Buffon sin \u00e5terkomst till Parma efter 20 \u00e5rs klubbfr\u00e5nvaro<br \/>\nDesignen b\u00e4r loggan f\u00f6r m\u00e5lvaktstr\u00f6jan fr\u00e5n s\u00e4songen 1998\/99, n\u00e4r Buffon med Parma vann italienska cupen och UEFA-cupen.<\/p>\n<p>Tips f\u00f6r utskrift: Om namn och nummer p\u00e5 bilden \u00e4r exakt vad du vill ha, beh\u00f6ver du inte ange dem igen. Om inte, ska du ange \u00f6nskat namn och nummer.<\/p>\n<p>Tips f\u00f6r tv\u00e4tt: Det \u00e4r rekommenderat att tv\u00e4tta fotbollstr\u00f6jor f\u00f6r hand. Om du vill anv\u00e4nda tv\u00e4ttmaskinen ska du komma ih\u00e5g att v\u00e4nda fotbollstr\u00f6jorna ut och in och sedan tv\u00e4tta dem. Fyll maskinen med kallt vatten och anv\u00e4nd ett skonsamt program f\u00f6r att b\u00e4ttre skydda f\u00e4rgerna.<\/p>","protected":false},"excerpt":{"rendered":"<p>Torwarttrikot von Parma Calcio f\u00fcr die Saison 2021\/22 Mit dem Torwarttrikot feiert Buffon seine R\u00fcckkehr nach Parma nach 20 Jahren Vereinsabwesenheit Das Design tr\u00e4gt das Logo des Torwarttrikots der Saison 1998\/99, als Buffon mit Parma den italienischen Pokal und den UEFA-Pokal gewann. Tipps zum Drucken: Wenn der Name und die Nummer auf dem Bild genau [&hellip;]<\/p>","protected":false},"featured_media":4166,"comment_status":"open","ping_status":"closed","template":"","meta":[],"product_brand":[],"product_cat":[15],"product_tag":[20,21,23,24,204],"class_list":{"0":"post-4117","1":"product","2":"type-product","3":"status-publish","4":"has-post-thumbnail","6":"product_cat-unkategorisiert","7":"product_tag-coole-fussballtrikots","8":"product_tag-fussballtrikot-fuer-herren","9":"product_tag-fussballtrikot-kurzarm","10":"product_tag-guenstiges-fussballtrikot","11":"product_tag-parma-calcio-torwarttrikot","13":"first","14":"instock","15":"shipping-taxable","16":"purchasable","17":"product-type-variable"},"_links":{"self":[{"href":"https:\/\/www.billigtrikotde.com\/sv\/wp-json\/wp\/v2\/product\/4117","targetHints":{"allow":["GET"]}}],"collection":[{"href":"https:\/\/www.billigtrikotde.com\/sv\/wp-json\/wp\/v2\/product"}],"about":[{"href":"https:\/\/www.billigtrikotde.com\/sv\/wp-json\/wp\/v2\/types\/product"}],"replies":[{"embeddable":true,"href":"https:\/\/www.billigtrikotde.com\/sv\/wp-json\/wp\/v2\/comments?post=4117"}],"wp:featuredmedia":[{"embeddable":true,"href":"https:\/\/www.billigtrikotde.com\/sv\/wp-json\/wp\/v2\/media\/4166"}],"wp:attachment":[{"href":"https:\/\/www.billigtrikotde.com\/sv\/wp-json\/wp\/v2\/media?parent=4117"}],"wp:term":[{"taxonomy":"product_brand","embeddable":true,"href":"https:\/\/www.billigtrikotde.com\/sv\/wp-json\/wp\/v2\/product_brand?post=4117"},{"taxonomy":"product_cat","embeddable":true,"href":"https:\/\/www.billigtrikotde.com\/sv\/wp-json\/wp\/v2\/product_cat?post=4117"},{"taxonomy":"product_tag","embeddable":true,"href":"https:\/\/www.billigtrikotde.com\/sv\/wp-json\/wp\/v2\/product_tag?post=4117"}],"curies":[{"name":"wp","href":"https:\/\/api.w.org\/{rel}","templated":true}]}}