{"id":4113,"date":"2024-10-23T15:34:15","date_gmt":"2024-10-23T13:34:15","guid":{"rendered":"http:\/\/billigtrikots.com\/?post_type=product&#038;p=4113"},"modified":"2024-10-23T15:36:20","modified_gmt":"2024-10-23T13:36:20","slug":"sporting-cp-2021-22-herren-heimtrikot-weiss-gruen-trikotsatz-kurzarm-kurze-hosen","status":"publish","type":"product","link":"https:\/\/www.billigtrikotde.com\/sv\/sporting-cp-2021-22-herren-heimtrikot-weiss-gruen-trikotsatz-kurzarm-kurze-hosen\/","title":{"rendered":"Sporting CP 2021\/22 Herr Hemmatr\u00f6ja Vit Gr\u00f6n Kit Kort\u00e4rmad + Shorts"},"content":{"rendered":"<p>Visa dina f\u00e4rger och st\u00f6d ditt lag vid EM 2021 med den officiella nederl\u00e4ndska hemmatr\u00f6jan f\u00f6r herrar. Nike Breathe-materialet med Dri-FIT-teknik h\u00e5ller dig torr och bekv\u00e4m, oavsett om du \u00e4r p\u00e5 planen eller hejar fr\u00e5n l\u00e4ktaren. Klassiska detaljer, som f\u00f6reningsvapnet p\u00e5 br\u00f6stet, visar din passion f\u00f6r det nederl\u00e4ndska laget.<\/p>\n<p>Tips f\u00f6r utskrift: Om namn och nummer p\u00e5 bilden \u00e4r exakt vad du vill ha, beh\u00f6ver du inte ange dem igen. Om inte, ska du ange \u00f6nskat namn och nummer.<\/p>\n<p>Tips f\u00f6r tv\u00e4tt: Det \u00e4r rekommenderat att tv\u00e4tta fotbollstr\u00f6jor f\u00f6r hand. Om du vill anv\u00e4nda tv\u00e4ttmaskinen ska du komma ih\u00e5g att v\u00e4nda fotbollstr\u00f6jorna ut och in och sedan tv\u00e4tta dem. Fyll maskinen med kallt vatten och anv\u00e4nd ett skonsamt program f\u00f6r att b\u00e4ttre skydda f\u00e4rgerna.<\/p>","protected":false},"excerpt":{"rendered":"<p>Visa dina f\u00e4rger och st\u00f6d ditt lag vid EM 2021 med den officiella nederl\u00e4ndska hemmatr\u00f6jan f\u00f6r herrar. Nike Breathe-materialet med Dri-FIT-teknik h\u00e5ller dig torr och bekv\u00e4m, oavsett om du \u00e4r p\u00e5 planen eller hejar fr\u00e5n l\u00e4ktaren. Klassiska detaljer, som f\u00f6reningsvapnet p\u00e5 br\u00f6stet, visar din passion f\u00f6r det nederl\u00e4ndska laget.<\/p>","protected":false},"featured_media":4158,"comment_status":"open","ping_status":"closed","template":"","meta":[],"product_brand":[],"product_cat":[15],"product_tag":[20,21,22,23,24,201,202],"class_list":{"0":"post-4113","1":"product","2":"type-product","3":"status-publish","4":"has-post-thumbnail","6":"product_cat-unkategorisiert","7":"product_tag-coole-fussballtrikots","8":"product_tag-fussballtrikot-fuer-herren","9":"product_tag-fussballtrikot-guenstig-kaufen","10":"product_tag-fussballtrikot-kurzarm","11":"product_tag-guenstiges-fussballtrikot","12":"product_tag-sporting-cp-heimtrikot","13":"product_tag-sporting-cp-trikots","15":"first","16":"instock","17":"shipping-taxable","18":"purchasable","19":"product-type-variable"},"_links":{"self":[{"href":"https:\/\/www.billigtrikotde.com\/sv\/wp-json\/wp\/v2\/product\/4113","targetHints":{"allow":["GET"]}}],"collection":[{"href":"https:\/\/www.billigtrikotde.com\/sv\/wp-json\/wp\/v2\/product"}],"about":[{"href":"https:\/\/www.billigtrikotde.com\/sv\/wp-json\/wp\/v2\/types\/product"}],"replies":[{"embeddable":true,"href":"https:\/\/www.billigtrikotde.com\/sv\/wp-json\/wp\/v2\/comments?post=4113"}],"wp:featuredmedia":[{"embeddable":true,"href":"https:\/\/www.billigtrikotde.com\/sv\/wp-json\/wp\/v2\/media\/4158"}],"wp:attachment":[{"href":"https:\/\/www.billigtrikotde.com\/sv\/wp-json\/wp\/v2\/media?parent=4113"}],"wp:term":[{"taxonomy":"product_brand","embeddable":true,"href":"https:\/\/www.billigtrikotde.com\/sv\/wp-json\/wp\/v2\/product_brand?post=4113"},{"taxonomy":"product_cat","embeddable":true,"href":"https:\/\/www.billigtrikotde.com\/sv\/wp-json\/wp\/v2\/product_cat?post=4113"},{"taxonomy":"product_tag","embeddable":true,"href":"https:\/\/www.billigtrikotde.com\/sv\/wp-json\/wp\/v2\/product_tag?post=4113"}],"curies":[{"name":"wp","href":"https:\/\/api.w.org\/{rel}","templated":true}]}}