{"id":4100,"date":"2024-10-23T15:33:40","date_gmt":"2024-10-23T13:33:40","guid":{"rendered":"http:\/\/billigtrikots.com\/?post_type=product&#038;p=4100"},"modified":"2024-10-23T15:35:49","modified_gmt":"2024-10-23T13:35:49","slug":"heimtrikot-atletico-madrid-2021-22-rot-weiss-mit-aufdruck-h-herrera-16","status":"publish","type":"product","link":"https:\/\/www.billigtrikotde.com\/sv\/heimtrikot-atletico-madrid-2021-22-rot-weiss-mit-aufdruck-h-herrera-16\/","title":{"rendered":"Hemmatr\u00f6ja Atl\u00e9tico Madrid 2021\/22 r\u00f6d\/vit med tryck H.Herrera 16"},"content":{"rendered":"<p>Precis som de andra tr\u00f6jorna i v\u00e5r Stadion-kollektion kombinerar Atletico Madrid-tr\u00f6jan \u00e5terkommande designelement med svettavledande material f\u00f6r att ge dig ett spelberedskapsutseende som \u00e4r inspirerat av ditt favoritlag.<\/p>\n<p>Nike Dri-FIT-teknologin leder svetten bort fr\u00e5n huden och s\u00e4kerst\u00e4ller en snabbare avdunstning s\u00e5 att du h\u00e5ller dig torr och bekv\u00e4m.<br \/>\nReplika-designen \u00e4r inspirerad av vad proffsen b\u00e4r p\u00e5 planen.<\/p>\n<p>Tips f\u00f6r utskrift: Om namn och nummer p\u00e5 bilden \u00e4r exakt vad du vill ha, beh\u00f6ver du inte ange dem igen. Om inte, ska du ange \u00f6nskat namn och nummer.<\/p>\n<p>Tips f\u00f6r tv\u00e4tt: Det \u00e4r rekommenderat att tv\u00e4tta fotbollstr\u00f6jor f\u00f6r hand. Om du vill anv\u00e4nda tv\u00e4ttmaskinen ska du komma ih\u00e5g att v\u00e4nda fotbollstr\u00f6jorna ut och in och sedan tv\u00e4tta dem. Fyll maskinen med kallt vatten och anv\u00e4nd ett skonsamt program f\u00f6r att b\u00e4ttre skydda f\u00e4rgerna.<\/p>","protected":false},"excerpt":{"rendered":"<p>Wie die anderen Trikots aus unserer Stadium-Kollektion kombiniert das Atletico Madrid-Trikot wiederkehrende Designdetails mit schwei\u00dfableitendem Material, um Ihnen einen spielbereiten Look zu bieten, der von Ihrem Lieblingsteam inspiriert ist. Die Nike Dri-FIT-Technologie leitet den Schwei\u00df von der Haut weg und sorgt f\u00fcr eine schnellere Verdunstung, damit Sie trocken und komfortabel bleiben. Das Replika-Design ist inspiriert [&hellip;]<\/p>","protected":false},"featured_media":4142,"comment_status":"open","ping_status":"closed","template":"","meta":[],"product_brand":[],"product_cat":[88],"product_tag":[89,90,20,21,22,23,24],"class_list":{"0":"post-4100","1":"product","2":"type-product","3":"status-publish","4":"has-post-thumbnail","6":"product_cat-atletico-madrid","7":"product_tag-atletico-madrid-heimtrikot","8":"product_tag-atletico-madrid-trikots","9":"product_tag-coole-fussballtrikots","10":"product_tag-fussballtrikot-fuer-herren","11":"product_tag-fussballtrikot-guenstig-kaufen","12":"product_tag-fussballtrikot-kurzarm","13":"product_tag-guenstiges-fussballtrikot","15":"first","16":"instock","17":"shipping-taxable","18":"purchasable","19":"product-type-variable"},"_links":{"self":[{"href":"https:\/\/www.billigtrikotde.com\/sv\/wp-json\/wp\/v2\/product\/4100","targetHints":{"allow":["GET"]}}],"collection":[{"href":"https:\/\/www.billigtrikotde.com\/sv\/wp-json\/wp\/v2\/product"}],"about":[{"href":"https:\/\/www.billigtrikotde.com\/sv\/wp-json\/wp\/v2\/types\/product"}],"replies":[{"embeddable":true,"href":"https:\/\/www.billigtrikotde.com\/sv\/wp-json\/wp\/v2\/comments?post=4100"}],"wp:featuredmedia":[{"embeddable":true,"href":"https:\/\/www.billigtrikotde.com\/sv\/wp-json\/wp\/v2\/media\/4142"}],"wp:attachment":[{"href":"https:\/\/www.billigtrikotde.com\/sv\/wp-json\/wp\/v2\/media?parent=4100"}],"wp:term":[{"taxonomy":"product_brand","embeddable":true,"href":"https:\/\/www.billigtrikotde.com\/sv\/wp-json\/wp\/v2\/product_brand?post=4100"},{"taxonomy":"product_cat","embeddable":true,"href":"https:\/\/www.billigtrikotde.com\/sv\/wp-json\/wp\/v2\/product_cat?post=4100"},{"taxonomy":"product_tag","embeddable":true,"href":"https:\/\/www.billigtrikotde.com\/sv\/wp-json\/wp\/v2\/product_tag?post=4100"}],"curies":[{"name":"wp","href":"https:\/\/api.w.org\/{rel}","templated":true}]}}