{"id":4076,"date":"2024-10-23T15:32:32","date_gmt":"2024-10-23T13:32:32","guid":{"rendered":"http:\/\/billigtrikots.com\/?post_type=product&#038;p=4076"},"modified":"2024-10-23T15:34:41","modified_gmt":"2024-10-23T13:34:41","slug":"personalisierbar-trikotsatz-atletico-madrid-2021-22-heimtrikot-in-rot-mit-aufdruck-lemar-11","status":"publish","type":"product","link":"https:\/\/www.billigtrikotde.com\/sv\/personalisierbar-trikotsatz-atletico-madrid-2021-22-heimtrikot-in-rot-mit-aufdruck-lemar-11\/","title":{"rendered":"Anpassningsbar Atletico Madrid 2021\/22 hemmatr\u00f6ja i r\u00f6tt med tryck LEMAR 11"},"content":{"rendered":"<p>Med den r\u00f6da tr\u00f6jan lanserar Nike en produkt som g\u00f6r att du kan st\u00f6dja din favoritklubb med passion och h\u00e4ngivenhet i b\u00e5de goda och d\u00e5liga tider. Alla inbitna Atletico Madrid-supportrar beh\u00f6ver den h\u00e4r hemmatr\u00f6jan, eftersom spelarna ocks\u00e5 b\u00e4r den i Primera Division. Den andas, \u00e4r bekv\u00e4m och l\u00e4tt. Den h\u00e4r sporttoppens fantastiska utseende betonas av klubbm\u00e4rket p\u00e5 br\u00f6stet. Med den h\u00e4r sporttoppen \u00e4r du perfekt utrustad f\u00f6r varje tr\u00e4ningspass och match. Betona din stil med denna r\u00f6da sporttopp i randigt m\u00f6nster.<\/p>\n<p>Tips f\u00f6r utskrift: Om namn och nummer p\u00e5 bilden \u00e4r exakt vad du vill ha, beh\u00f6ver du inte ange dem igen. Om inte, ska du ange \u00f6nskat namn och nummer.<\/p>\n<p>Tips f\u00f6r tv\u00e4tt: Det \u00e4r rekommenderat att tv\u00e4tta fotbollstr\u00f6jor f\u00f6r hand. Om du vill anv\u00e4nda tv\u00e4ttmaskinen ska du komma ih\u00e5g att v\u00e4nda fotbollstr\u00f6jorna ut och in och sedan tv\u00e4tta dem. Fyll maskinen med kallt vatten och anv\u00e4nd ett skonsamt program f\u00f6r att b\u00e4ttre skydda f\u00e4rgerna.<\/p>","protected":false},"excerpt":{"rendered":"<p>Mit dem Trikot in Rot bringt Nike ein Produkt an den Start, mit dem du deinen Lieblingsverein in guten wie in schlechten Zeiten mit Herzblut und Hingabe unterst\u00fctzen kannst. Jeder eingefleischte Atletico Madrid-Supporter braucht dieses Heim-Trikot, denn auch die Spieler tragen es in der Primera Division. Es ist atmungsaktiv, bequem und leicht. Die tolle Optik [&hellip;]<\/p>","protected":false},"featured_media":4111,"comment_status":"open","ping_status":"closed","template":"","meta":[],"product_brand":[],"product_cat":[88],"product_tag":[89,90,20,21,22,23,24],"class_list":{"0":"post-4076","1":"product","2":"type-product","3":"status-publish","4":"has-post-thumbnail","6":"product_cat-atletico-madrid","7":"product_tag-atletico-madrid-heimtrikot","8":"product_tag-atletico-madrid-trikots","9":"product_tag-coole-fussballtrikots","10":"product_tag-fussballtrikot-fuer-herren","11":"product_tag-fussballtrikot-guenstig-kaufen","12":"product_tag-fussballtrikot-kurzarm","13":"product_tag-guenstiges-fussballtrikot","15":"first","16":"instock","17":"shipping-taxable","18":"purchasable","19":"product-type-variable"},"_links":{"self":[{"href":"https:\/\/www.billigtrikotde.com\/sv\/wp-json\/wp\/v2\/product\/4076","targetHints":{"allow":["GET"]}}],"collection":[{"href":"https:\/\/www.billigtrikotde.com\/sv\/wp-json\/wp\/v2\/product"}],"about":[{"href":"https:\/\/www.billigtrikotde.com\/sv\/wp-json\/wp\/v2\/types\/product"}],"replies":[{"embeddable":true,"href":"https:\/\/www.billigtrikotde.com\/sv\/wp-json\/wp\/v2\/comments?post=4076"}],"wp:featuredmedia":[{"embeddable":true,"href":"https:\/\/www.billigtrikotde.com\/sv\/wp-json\/wp\/v2\/media\/4111"}],"wp:attachment":[{"href":"https:\/\/www.billigtrikotde.com\/sv\/wp-json\/wp\/v2\/media?parent=4076"}],"wp:term":[{"taxonomy":"product_brand","embeddable":true,"href":"https:\/\/www.billigtrikotde.com\/sv\/wp-json\/wp\/v2\/product_brand?post=4076"},{"taxonomy":"product_cat","embeddable":true,"href":"https:\/\/www.billigtrikotde.com\/sv\/wp-json\/wp\/v2\/product_cat?post=4076"},{"taxonomy":"product_tag","embeddable":true,"href":"https:\/\/www.billigtrikotde.com\/sv\/wp-json\/wp\/v2\/product_tag?post=4076"}],"curies":[{"name":"wp","href":"https:\/\/api.w.org\/{rel}","templated":true}]}}