{"id":4066,"date":"2024-10-23T15:32:00","date_gmt":"2024-10-23T13:32:00","guid":{"rendered":"http:\/\/billigtrikots.com\/?post_type=product&#038;p=4066"},"modified":"2024-10-23T15:34:10","modified_gmt":"2024-10-23T13:34:10","slug":"atletico-madrid-auswaertstrikot-2021-2022-marineblau-und-pink-kurzarm-kurze-hosen","status":"publish","type":"product","link":"https:\/\/www.billigtrikotde.com\/sv\/atletico-madrid-auswaertstrikot-2021-2022-marineblau-und-pink-kurzarm-kurze-hosen\/","title":{"rendered":"Atl\u00e9tico Madrid Bortatr\u00f6ja 2021\/2022 Marinbl\u00e5 och Rosa Kort\u00e4rmad + Shorts"},"content":{"rendered":"<p>F\u00c5 TAG P\u00c5 DET NYA Nike Atl\u00e9tico Madrid Herrar Borta-tr\u00f6jan 2021\/22 NU och g\u00f6r dig till kronan i den autentiska stilen hos exceptionella talanger! Fr\u00e5n och med nu f\u00f6renar du stilmedvetenhet med st\u00f6d, s\u00e5 att dina hj\u00e4ltar k\u00e4nna din fulla omt\u00e4nksamhet!<\/p>\n<p>Med den innovativa Nike Dri-FIT-teknologin avleds din svett direkt och du njuter av absolut torr komfort! S\u00e5 beh\u00f6ver du inte t\u00e4nka p\u00e5 svett under tr\u00e4ning eller i fansens jubel.<\/p>\n<p>Tack vare ribbad halslinje sitter tr\u00f6jan perfekt mot din kropp och m\u00f6jligg\u00f6r en fantastisk passform utan irriterande skav! Tr\u00f6jan av 100%-polyester \u00e4r slitstark och formstabil s\u00e5 att du vid alla dina r\u00f6relser f\u00e5r perfekt st\u00f6d! Replica-tr\u00f6jan ser n\u00e4rmast ut som prof-tr\u00f6jorna, men den \u00e4r n\u00e5got bredare i passformen och ger dig d\u00e4rmed maximal r\u00f6relsefrihet!<\/p>\n<p>S\u00e4rskilt imponerande \u00e4r den stilr\u00e4tta looken! Med detta hemliga vapen ser du dina fotbollsidoler ut som dem du j\u00e4mf\u00f6rs med och g\u00f6r dig till en proffsproffs! Den autentiska klubbvapen bevisar din lojalitet och med den cojol Nike-swooshen skapar du en riktig \u201eeye-catcher\u201c!<\/p>\n<p>Tips f\u00f6r utskrift: Om namn och nummer p\u00e5 bilden \u00e4r exakt vad du vill ha, beh\u00f6ver du inte ange dem igen. Om inte, ska du ange \u00f6nskat namn och nummer.<\/p>\n<p>Tips f\u00f6r tv\u00e4tt: Det \u00e4r rekommenderat att tv\u00e4tta fotbollstr\u00f6jor f\u00f6r hand. Om du vill anv\u00e4nda tv\u00e4ttmaskinen ska du komma ih\u00e5g att v\u00e4nda fotbollstr\u00f6jorna ut och in och sedan tv\u00e4tta dem. Fyll maskinen med kallt vatten och anv\u00e4nd ett skonsamt program f\u00f6r att b\u00e4ttre skydda f\u00e4rgerna.<\/p>","protected":false},"excerpt":{"rendered":"<p>Hol dir JETZT das brandneue Nike Atl\u00e9tico Madrid Herren Ausw\u00e4rts Trikot 2021\/22 und kr\u00f6ne dich im originalen Stil der Ausnahmetalente! Ab sofort vereinst du Stilsicherheit mit Support, damit deine Helden deine ganze Zuneugung sp\u00fcren! Mit der innovativen Nike Dri-FIT Technologie ausgestattet, wird dein Schwei\u00df sofort abgeleitet und du genie\u00dft absolut trockenen Komfort! Somit musst du [&hellip;]<\/p>","protected":false},"featured_media":4107,"comment_status":"open","ping_status":"closed","template":"","meta":[],"product_brand":[],"product_cat":[88],"product_tag":[200,90,20,21,22,23,24],"class_list":{"0":"post-4066","1":"product","2":"type-product","3":"status-publish","4":"has-post-thumbnail","6":"product_cat-atletico-madrid","7":"product_tag-atletico-madrid-auswaertstrikot","8":"product_tag-atletico-madrid-trikots","9":"product_tag-coole-fussballtrikots","10":"product_tag-fussballtrikot-fuer-herren","11":"product_tag-fussballtrikot-guenstig-kaufen","12":"product_tag-fussballtrikot-kurzarm","13":"product_tag-guenstiges-fussballtrikot","15":"first","16":"instock","17":"shipping-taxable","18":"purchasable","19":"product-type-variable"},"_links":{"self":[{"href":"https:\/\/www.billigtrikotde.com\/sv\/wp-json\/wp\/v2\/product\/4066","targetHints":{"allow":["GET"]}}],"collection":[{"href":"https:\/\/www.billigtrikotde.com\/sv\/wp-json\/wp\/v2\/product"}],"about":[{"href":"https:\/\/www.billigtrikotde.com\/sv\/wp-json\/wp\/v2\/types\/product"}],"replies":[{"embeddable":true,"href":"https:\/\/www.billigtrikotde.com\/sv\/wp-json\/wp\/v2\/comments?post=4066"}],"wp:featuredmedia":[{"embeddable":true,"href":"https:\/\/www.billigtrikotde.com\/sv\/wp-json\/wp\/v2\/media\/4107"}],"wp:attachment":[{"href":"https:\/\/www.billigtrikotde.com\/sv\/wp-json\/wp\/v2\/media?parent=4066"}],"wp:term":[{"taxonomy":"product_brand","embeddable":true,"href":"https:\/\/www.billigtrikotde.com\/sv\/wp-json\/wp\/v2\/product_brand?post=4066"},{"taxonomy":"product_cat","embeddable":true,"href":"https:\/\/www.billigtrikotde.com\/sv\/wp-json\/wp\/v2\/product_cat?post=4066"},{"taxonomy":"product_tag","embeddable":true,"href":"https:\/\/www.billigtrikotde.com\/sv\/wp-json\/wp\/v2\/product_tag?post=4066"}],"curies":[{"name":"wp","href":"https:\/\/api.w.org\/{rel}","templated":true}]}}