{"id":4004,"date":"2024-10-23T15:29:06","date_gmt":"2024-10-23T13:29:06","guid":{"rendered":"http:\/\/billigtrikots.com\/?post_type=product&#038;p=4004"},"modified":"2024-10-23T15:31:18","modified_gmt":"2024-10-23T13:31:18","slug":"atletico-madrid-auswaertstrikot-2021-22-dunkelblau-pink-kurzarm-kurze-hosen-thomas-5","status":"publish","type":"product","link":"https:\/\/www.billigtrikotde.com\/sv\/atletico-madrid-auswaertstrikot-2021-22-dunkelblau-pink-kurzarm-kurze-hosen-thomas-5\/","title":{"rendered":"Atl\u00e9tico Madrid bortakit 2021\/22 m\u00f6rkbl\u00e5\/rosa kort\u00e4rmad + shorts THOMAS 5"},"content":{"rendered":"<p>Atl\u00e9tico Madrid 2021\/22 Stadium Away fotbollstr\u00f6ja fr\u00e5n Nike har en uppdaterad bortadesign och, som den officiella fanutg\u00e5van av Atl\u00e9ticos bortatr\u00f6ja, har den en autentisk look med \u00e4kta-originella klubb- och logodetaljer.<\/p>\n<p>Tips f\u00f6r utskrift: Om namn och nummer p\u00e5 bilden \u00e4r exakt vad du vill ha, beh\u00f6ver du inte ange dem igen. Om inte, ska du ange \u00f6nskat namn och nummer.<\/p>\n<p>Tips f\u00f6r tv\u00e4tt: Det \u00e4r rekommenderat att tv\u00e4tta fotbollstr\u00f6jor f\u00f6r hand. Om du vill anv\u00e4nda tv\u00e4ttmaskinen ska du komma ih\u00e5g att v\u00e4nda fotbollstr\u00f6jorna ut och in och sedan tv\u00e4tta dem. Fyll maskinen med kallt vatten och anv\u00e4nd ett skonsamt program f\u00f6r att b\u00e4ttre skydda f\u00e4rgerna.<\/p>","protected":false},"excerpt":{"rendered":"<p>Das Atl\u00e9tico Madrid 2021\/22 Stadium Away Fu\u00dfballtrikot von Nike zeigt sich im aktualisierten Ausw\u00e4rts-Design und verf\u00fcgt als offizielle Fan-Edition des Atl\u00e9tico Ausw\u00e4rtstrikots \u00fcber einen authentischen Look mit originalgetreuen Vereins- und Logo-Details. Tipps zum Drucken: Wenn der Name und die Nummer auf dem Bild genau Ihren W\u00fcnschen entsprechen, m\u00fcssen Sie sie nicht erneut eingeben. Wenn nicht, [&hellip;]<\/p>","protected":false},"featured_media":4047,"comment_status":"open","ping_status":"closed","template":"","meta":[],"product_brand":[],"product_cat":[88],"product_tag":[200,90,20,21,22,23,24],"class_list":{"0":"post-4004","1":"product","2":"type-product","3":"status-publish","4":"has-post-thumbnail","6":"product_cat-atletico-madrid","7":"product_tag-atletico-madrid-auswaertstrikot","8":"product_tag-atletico-madrid-trikots","9":"product_tag-coole-fussballtrikots","10":"product_tag-fussballtrikot-fuer-herren","11":"product_tag-fussballtrikot-guenstig-kaufen","12":"product_tag-fussballtrikot-kurzarm","13":"product_tag-guenstiges-fussballtrikot","15":"first","16":"instock","17":"shipping-taxable","18":"purchasable","19":"product-type-variable"},"_links":{"self":[{"href":"https:\/\/www.billigtrikotde.com\/sv\/wp-json\/wp\/v2\/product\/4004","targetHints":{"allow":["GET"]}}],"collection":[{"href":"https:\/\/www.billigtrikotde.com\/sv\/wp-json\/wp\/v2\/product"}],"about":[{"href":"https:\/\/www.billigtrikotde.com\/sv\/wp-json\/wp\/v2\/types\/product"}],"replies":[{"embeddable":true,"href":"https:\/\/www.billigtrikotde.com\/sv\/wp-json\/wp\/v2\/comments?post=4004"}],"wp:featuredmedia":[{"embeddable":true,"href":"https:\/\/www.billigtrikotde.com\/sv\/wp-json\/wp\/v2\/media\/4047"}],"wp:attachment":[{"href":"https:\/\/www.billigtrikotde.com\/sv\/wp-json\/wp\/v2\/media?parent=4004"}],"wp:term":[{"taxonomy":"product_brand","embeddable":true,"href":"https:\/\/www.billigtrikotde.com\/sv\/wp-json\/wp\/v2\/product_brand?post=4004"},{"taxonomy":"product_cat","embeddable":true,"href":"https:\/\/www.billigtrikotde.com\/sv\/wp-json\/wp\/v2\/product_cat?post=4004"},{"taxonomy":"product_tag","embeddable":true,"href":"https:\/\/www.billigtrikotde.com\/sv\/wp-json\/wp\/v2\/product_tag?post=4004"}],"curies":[{"name":"wp","href":"https:\/\/api.w.org\/{rel}","templated":true}]}}