{"id":3992,"date":"2024-10-23T15:28:30","date_gmt":"2024-10-23T13:28:30","guid":{"rendered":"http:\/\/billigtrikots.com\/?post_type=product&#038;p=3992"},"modified":"2024-10-23T15:30:44","modified_gmt":"2024-10-23T13:30:44","slug":"los-angeles-fc-lafc-2021-black-gold-replica-jersey-wright-phillips-66","status":"publish","type":"product","link":"https:\/\/www.billigtrikotde.com\/sv\/los-angeles-fc-lafc-2021-black-gold-replica-jersey-wright-phillips-66\/","title":{"rendered":"Los Angeles FC LAFC 2021 Svart Guld Replica Jersey Wright-Phillips 66"},"content":{"rendered":"<p>Du \u00e4lskar att titta p\u00e5 LAFC p\u00e5 planen, s\u00e5 se till att de \u00e4r r\u00e4tt utrustade genom att skaffa dem denna Bradley Wright-Phillips 2021 Primary Replica Player Jersey! Denna adidas-tr\u00f6ja har skarpa laggrafik som stolt visar ditt barns LAFC-rykte. AEROREADY-teknologin h\u00e5ller ditt unga fan se bra ut n\u00e4r de hejar p\u00e5 sitt lag till seger.<\/p>\n<p>Vi vill att fansen ska kunna fira sin fandom genom att anpassa och personifiera vissa produkter. F\u00f6r dessa anpassningsbara produkter, inklusive tr\u00f6jor, uppmanar vi kunderna att ber\u00e4tta f\u00f6r oss hur de vill att deras \u00f6nskade namn eller annan text ska visas genom att skriva in texten i det angivna f\u00e4ltet.<\/p>","protected":false},"excerpt":{"rendered":"<p>Du \u00e4lskar att titta p\u00e5 LAFC p\u00e5 planen, s\u00e5 se till att de \u00e4r r\u00e4tt utrustade genom att skaffa dem denna Bradley Wright-Phillips 2021 Primary Replica Player Jersey! Denna adidas-tr\u00f6ja har skarpa laggrafik som stolt visar ditt barns LAFC-rykte. AEROREADY-teknologin h\u00e5ller ditt unga fan se bra ut n\u00e4r de hejar p\u00e5 sitt lag till seger.<\/p>","protected":false},"featured_media":4034,"comment_status":"open","ping_status":"closed","template":"","meta":[],"product_brand":[],"product_cat":[196],"product_tag":[20,21,22,23,24,197,198,199],"class_list":{"0":"post-3992","1":"product","2":"type-product","3":"status-publish","4":"has-post-thumbnail","6":"product_cat-los-angeles-fc","7":"product_tag-coole-fussballtrikots","8":"product_tag-fussballtrikot-fuer-herren","9":"product_tag-fussballtrikot-guenstig-kaufen","10":"product_tag-fussballtrikot-kurzarm","11":"product_tag-guenstiges-fussballtrikot","12":"product_tag-lafc-jerseys","13":"product_tag-los-angeles-fc-home-replica-jersey","14":"product_tag-replica-jersey","16":"first","17":"instock","18":"shipping-taxable","19":"purchasable","20":"product-type-variable"},"_links":{"self":[{"href":"https:\/\/www.billigtrikotde.com\/sv\/wp-json\/wp\/v2\/product\/3992","targetHints":{"allow":["GET"]}}],"collection":[{"href":"https:\/\/www.billigtrikotde.com\/sv\/wp-json\/wp\/v2\/product"}],"about":[{"href":"https:\/\/www.billigtrikotde.com\/sv\/wp-json\/wp\/v2\/types\/product"}],"replies":[{"embeddable":true,"href":"https:\/\/www.billigtrikotde.com\/sv\/wp-json\/wp\/v2\/comments?post=3992"}],"wp:featuredmedia":[{"embeddable":true,"href":"https:\/\/www.billigtrikotde.com\/sv\/wp-json\/wp\/v2\/media\/4034"}],"wp:attachment":[{"href":"https:\/\/www.billigtrikotde.com\/sv\/wp-json\/wp\/v2\/media?parent=3992"}],"wp:term":[{"taxonomy":"product_brand","embeddable":true,"href":"https:\/\/www.billigtrikotde.com\/sv\/wp-json\/wp\/v2\/product_brand?post=3992"},{"taxonomy":"product_cat","embeddable":true,"href":"https:\/\/www.billigtrikotde.com\/sv\/wp-json\/wp\/v2\/product_cat?post=3992"},{"taxonomy":"product_tag","embeddable":true,"href":"https:\/\/www.billigtrikotde.com\/sv\/wp-json\/wp\/v2\/product_tag?post=3992"}],"curies":[{"name":"wp","href":"https:\/\/api.w.org\/{rel}","templated":true}]}}