{"id":3982,"date":"2024-10-23T15:27:59","date_gmt":"2024-10-23T13:27:59","guid":{"rendered":"http:\/\/billigtrikots.com\/?post_type=product&#038;p=3982"},"modified":"2024-10-23T15:30:09","modified_gmt":"2024-10-23T13:30:09","slug":"los-angeles-fc-2021-lafc-black-gold-primary-replica-player-jersey-carlos-vela-10","status":"publish","type":"product","link":"https:\/\/www.billigtrikotde.com\/sv\/los-angeles-fc-2021-lafc-black-gold-primary-replica-player-jersey-carlos-vela-10\/","title":{"rendered":"Los Angeles FC 2021 LAFC Svart Guld Prim\u00e4r Replica Spelartr\u00f6ja Carlos Vela 10"},"content":{"rendered":"<p>Du \u00e4r ett stort LAFC-fan, och n\u00e4r de \u00e4r p\u00e5 planen \u00e4r du helt med. Se till att du \u00e4r r\u00e4tt utrustad genom att skaffa denna Carlos Vela 2021 Primary Player Jersey! Det \u00e4r sp\u00e4nnande att vara en trogen LAFC-fan och du kommer att vara den st\u00f6rsta i denna adidas-tr\u00f6ja, med skarpa laggrafik och HEAT.RDY-teknologi som h\u00e5ller dig bekv\u00e4m n\u00e4r du hejar p\u00e5 ditt lag till seger.<\/p>\n<p>Vi vill att fansen ska kunna fira sin fandom genom att anpassa och personifiera vissa produkter. F\u00f6r dessa anpassningsbara produkter, inklusive tr\u00f6jor, uppmanar vi kunderna att ber\u00e4tta f\u00f6r oss hur de vill att deras \u00f6nskade namn eller annan text ska visas genom att skriva in texten i det angivna f\u00e4ltet.<\/p>","protected":false},"excerpt":{"rendered":"<p>You\u2019re a huge LAFC fan, and whenever they\u2019re on the pitch, you\u2019re tuned in. Be sure you\u2019re outfitted properly by grabbing this Carlos Vela 2021 Primary Player Jersey! It\u2019s exciting being a devout LAFC fan and you\u2019ll be the biggest one around in this adidas jersey, featuring crisp team graphics with HEAT.RDY technology that will [&hellip;]<\/p>","protected":false},"featured_media":4023,"comment_status":"open","ping_status":"closed","template":"","meta":[],"product_brand":[],"product_cat":[196],"product_tag":[20,21,22,23,24,197,198,199],"class_list":{"0":"post-3982","1":"product","2":"type-product","3":"status-publish","4":"has-post-thumbnail","6":"product_cat-los-angeles-fc","7":"product_tag-coole-fussballtrikots","8":"product_tag-fussballtrikot-fuer-herren","9":"product_tag-fussballtrikot-guenstig-kaufen","10":"product_tag-fussballtrikot-kurzarm","11":"product_tag-guenstiges-fussballtrikot","12":"product_tag-lafc-jerseys","13":"product_tag-los-angeles-fc-home-replica-jersey","14":"product_tag-replica-jersey","16":"first","17":"instock","18":"shipping-taxable","19":"purchasable","20":"product-type-variable"},"_links":{"self":[{"href":"https:\/\/www.billigtrikotde.com\/sv\/wp-json\/wp\/v2\/product\/3982","targetHints":{"allow":["GET"]}}],"collection":[{"href":"https:\/\/www.billigtrikotde.com\/sv\/wp-json\/wp\/v2\/product"}],"about":[{"href":"https:\/\/www.billigtrikotde.com\/sv\/wp-json\/wp\/v2\/types\/product"}],"replies":[{"embeddable":true,"href":"https:\/\/www.billigtrikotde.com\/sv\/wp-json\/wp\/v2\/comments?post=3982"}],"wp:featuredmedia":[{"embeddable":true,"href":"https:\/\/www.billigtrikotde.com\/sv\/wp-json\/wp\/v2\/media\/4023"}],"wp:attachment":[{"href":"https:\/\/www.billigtrikotde.com\/sv\/wp-json\/wp\/v2\/media?parent=3982"}],"wp:term":[{"taxonomy":"product_brand","embeddable":true,"href":"https:\/\/www.billigtrikotde.com\/sv\/wp-json\/wp\/v2\/product_brand?post=3982"},{"taxonomy":"product_cat","embeddable":true,"href":"https:\/\/www.billigtrikotde.com\/sv\/wp-json\/wp\/v2\/product_cat?post=3982"},{"taxonomy":"product_tag","embeddable":true,"href":"https:\/\/www.billigtrikotde.com\/sv\/wp-json\/wp\/v2\/product_tag?post=3982"}],"curies":[{"name":"wp","href":"https:\/\/api.w.org\/{rel}","templated":true}]}}