{"id":3968,"date":"2024-10-23T15:27:23","date_gmt":"2024-10-23T13:27:23","guid":{"rendered":"http:\/\/billigtrikots.com\/?post_type=product&#038;p=3968"},"modified":"2024-10-23T15:29:33","modified_gmt":"2024-10-23T13:29:33","slug":"atlanta-united-fc-miles-robinson-12-black-2021-the-blvck-kit-replica-home-jersey","status":"publish","type":"product","link":"https:\/\/www.billigtrikotde.com\/sv\/atlanta-united-fc-miles-robinson-12-black-2021-the-blvck-kit-replica-home-jersey\/","title":{"rendered":"Atlanta United FC Miles Robinson 12 Svart 2021 The BLVCK Kit Replica Hemmatr\u00f6ja"},"content":{"rendered":"<p>Du \u00e4r ett stort Atlanta United FC-fan och n\u00e4r de \u00e4r p\u00e5 planen \u00e4r du inst\u00e4lld p\u00e5 det. Se till att du \u00e4r ordentligt utrustad genom att ta tag i denna 2021 The BLVCK Kit Authentic Jersey! Det \u00e4r sp\u00e4nnande att vara ett h\u00e4ngivet Atlanta United FC-fan och du kommer att vara den st\u00f6rsta i den h\u00e4r adidas-tr\u00f6jan, med skarp laggrafik med innovativ teknik som h\u00e5ller dig bekv\u00e4m n\u00e4r du hejar fram ditt lag till en seger.<\/p>\n<p>Vi vill att fansen ska kunna fira sin fandom genom att anpassa och personifiera vissa produkter. F\u00f6r dessa anpassningsbara produkter, inklusive tr\u00f6jor, uppmanar vi kunderna att ber\u00e4tta f\u00f6r oss hur de vill att deras \u00f6nskade namn eller annan text ska visas genom att skriva in texten i det angivna f\u00e4ltet.<\/p>","protected":false},"excerpt":{"rendered":"<p>You\u2019re a huge Atlanta United FC fan, and whenever they\u2019re on the pitch, you\u2019re tuned in. Be sure you\u2019re outfitted properly by grabbing this 2021 The BLVCK Kit Authentic Jersey! It\u2019s exciting being a devout Atlanta United FC fan and you\u2019ll be the biggest one around in this adidas jersey, featuring crisp team graphics with [&hellip;]<\/p>","protected":false},"featured_media":4009,"comment_status":"open","ping_status":"closed","template":"","meta":[],"product_brand":[],"product_cat":[194],"product_tag":[195,20,21,22,23,24],"class_list":{"0":"post-3968","1":"product","2":"type-product","3":"status-publish","4":"has-post-thumbnail","6":"product_cat-atlanta-united","7":"product_tag-atlanta-united-fc-home-replica-jersey","8":"product_tag-coole-fussballtrikots","9":"product_tag-fussballtrikot-fuer-herren","10":"product_tag-fussballtrikot-guenstig-kaufen","11":"product_tag-fussballtrikot-kurzarm","12":"product_tag-guenstiges-fussballtrikot","14":"first","15":"instock","16":"shipping-taxable","17":"purchasable","18":"product-type-variable"},"_links":{"self":[{"href":"https:\/\/www.billigtrikotde.com\/sv\/wp-json\/wp\/v2\/product\/3968","targetHints":{"allow":["GET"]}}],"collection":[{"href":"https:\/\/www.billigtrikotde.com\/sv\/wp-json\/wp\/v2\/product"}],"about":[{"href":"https:\/\/www.billigtrikotde.com\/sv\/wp-json\/wp\/v2\/types\/product"}],"replies":[{"embeddable":true,"href":"https:\/\/www.billigtrikotde.com\/sv\/wp-json\/wp\/v2\/comments?post=3968"}],"wp:featuredmedia":[{"embeddable":true,"href":"https:\/\/www.billigtrikotde.com\/sv\/wp-json\/wp\/v2\/media\/4009"}],"wp:attachment":[{"href":"https:\/\/www.billigtrikotde.com\/sv\/wp-json\/wp\/v2\/media?parent=3968"}],"wp:term":[{"taxonomy":"product_brand","embeddable":true,"href":"https:\/\/www.billigtrikotde.com\/sv\/wp-json\/wp\/v2\/product_brand?post=3968"},{"taxonomy":"product_cat","embeddable":true,"href":"https:\/\/www.billigtrikotde.com\/sv\/wp-json\/wp\/v2\/product_cat?post=3968"},{"taxonomy":"product_tag","embeddable":true,"href":"https:\/\/www.billigtrikotde.com\/sv\/wp-json\/wp\/v2\/product_tag?post=3968"}],"curies":[{"name":"wp","href":"https:\/\/api.w.org\/{rel}","templated":true}]}}