{"id":395,"date":"2024-10-23T12:17:01","date_gmt":"2024-10-23T10:17:01","guid":{"rendered":"http:\/\/billigtrikots.com\/?post_type=product&#038;p=395"},"modified":"2024-10-23T12:48:58","modified_gmt":"2024-10-23T10:48:58","slug":"fc-barcelona-herren-heimtrikot-21-22-blau-rot-mit-roberto-20-individualdruck-gelb","status":"publish","type":"product","link":"https:\/\/www.billigtrikotde.com\/sv\/fc-barcelona-herren-heimtrikot-21-22-blau-rot-mit-roberto-20-individualdruck-gelb\/","title":{"rendered":"FC Barcelona hemmatr\u00f6ja f\u00f6r herrar 21\/22 bl\u00e5\/r\u00f6d med ROBERTO 20 individuellt tryck gul"},"content":{"rendered":"<p>H\u00e4r kommer Nike FC Barcelona herrarnas hemmatr\u00f6ja 2021\/22 och med den ett klassiskt design i ny look. Passa p\u00e5 och skaffa dig tr\u00f6jan som g\u00f6r att du kan komma n\u00e4ra dina idoler!<\/p>\n<p>Med den nya tr\u00f6jan i originalutseendet av dina hj\u00e4ltar Messi, Su\u00e1rez, Demb\u00e9l\u00e9 och Co hyllar du ditt favoritlag fullt ut. Tr\u00f6jan visar sig i de traditionella hemmaf\u00e4rgerna med officiella klubbdetaljer. P\u00e5 s\u00e5 s\u00e4tt visar du direkt vilken klubb ditt hj\u00e4rta tillh\u00f6r. Naturligtvis f\u00e5r inte den legendariska Nike Swoosh saknas, som i passande kontrastf\u00e4rg ger ett extra blickf\u00e5ng.<\/p>\n<p>Men inte bara designen \u00e4r i topp. Den regulj\u00e4ra passformen \u00e4r n\u00e5got bredare \u00e4n spelartr\u00f6jan. S\u00e5 Stadium Jersey ger dig b\u00e4sta komfort, liksom full r\u00f6relsefrihet f\u00f6r att alltid prestera perfekt. Den fuktavledande Dri-Fit-kvaliteten ger dig dessutom en f\u00f6rstklassig komfort och h\u00e5ller dig torr \u00e4ven i turbulenta situationer \u2013 oavsett om det \u00e4r vid fansens jubel eller i egen tr\u00e4ning.<\/p>\n<p>S\u00e5 v\u00e4nta inte l\u00e4ngre och best\u00e4ll direkt! Nike FC Barcelona herrarnas hemmatr\u00f6ja 2021\/22 b\u00f6r du inte missa som \u00e4kta fan! Med den visar du alltid din uppskattning och stolthet f\u00f6r ditt lag!<\/p>\n<p>Tips f\u00f6r utskrift: Om namn och nummer p\u00e5 bilden \u00e4r exakt vad du vill ha, beh\u00f6ver du inte ange dem igen. Om inte, ska du ange \u00f6nskat namn och nummer.<\/p>\n<p>Tips f\u00f6r tv\u00e4tt: Det \u00e4r rekommenderat att tv\u00e4tta fotbollstr\u00f6jor f\u00f6r hand. Om du vill anv\u00e4nda tv\u00e4ttmaskinen ska du komma ih\u00e5g att v\u00e4nda fotbollstr\u00f6jorna ut och in och sedan tv\u00e4tta dem. Fyll maskinen med kallt vatten och anv\u00e4nd ett skonsamt program f\u00f6r att b\u00e4ttre skydda f\u00e4rgerna.<\/p>","protected":false},"excerpt":{"rendered":"<p>Hier kommt das Nike FC Barcelona Herren Heim Trikot 2021\/22 und mit ihm ein klassisches Design im neuen Look. Greif gleich zu und hol dir das Trikot, das dich deinen Idolen ganz nah sein l\u00e4sst! Mit dem neuen Trikot im Original Look deiner Helden Messi, Su\u00e1rez, Demb\u00e9l\u00e9 und Co, zollst du deiner Lieblingself vollen Tribut. [&hellip;]<\/p>","protected":false},"featured_media":430,"comment_status":"open","ping_status":"closed","template":"","meta":[],"product_brand":[],"product_cat":[31],"product_tag":[32,20,33,21,22,23,24],"class_list":{"0":"post-395","1":"product","2":"type-product","3":"status-publish","4":"has-post-thumbnail","6":"product_cat-fc-barcelona","7":"product_tag-barcelona-heimtrikot","8":"product_tag-coole-fussballtrikots","9":"product_tag-fc-barcelona-trikots","10":"product_tag-fussballtrikot-fuer-herren","11":"product_tag-fussballtrikot-guenstig-kaufen","12":"product_tag-fussballtrikot-kurzarm","13":"product_tag-guenstiges-fussballtrikot","15":"first","16":"instock","17":"shipping-taxable","18":"purchasable","19":"product-type-variable"},"_links":{"self":[{"href":"https:\/\/www.billigtrikotde.com\/sv\/wp-json\/wp\/v2\/product\/395","targetHints":{"allow":["GET"]}}],"collection":[{"href":"https:\/\/www.billigtrikotde.com\/sv\/wp-json\/wp\/v2\/product"}],"about":[{"href":"https:\/\/www.billigtrikotde.com\/sv\/wp-json\/wp\/v2\/types\/product"}],"replies":[{"embeddable":true,"href":"https:\/\/www.billigtrikotde.com\/sv\/wp-json\/wp\/v2\/comments?post=395"}],"wp:featuredmedia":[{"embeddable":true,"href":"https:\/\/www.billigtrikotde.com\/sv\/wp-json\/wp\/v2\/media\/430"}],"wp:attachment":[{"href":"https:\/\/www.billigtrikotde.com\/sv\/wp-json\/wp\/v2\/media?parent=395"}],"wp:term":[{"taxonomy":"product_brand","embeddable":true,"href":"https:\/\/www.billigtrikotde.com\/sv\/wp-json\/wp\/v2\/product_brand?post=395"},{"taxonomy":"product_cat","embeddable":true,"href":"https:\/\/www.billigtrikotde.com\/sv\/wp-json\/wp\/v2\/product_cat?post=395"},{"taxonomy":"product_tag","embeddable":true,"href":"https:\/\/www.billigtrikotde.com\/sv\/wp-json\/wp\/v2\/product_tag?post=395"}],"curies":[{"name":"wp","href":"https:\/\/api.w.org\/{rel}","templated":true}]}}