{"id":3948,"date":"2024-10-23T15:26:16","date_gmt":"2024-10-23T13:26:16","guid":{"rendered":"http:\/\/billigtrikots.com\/?post_type=product&#038;p=3948"},"modified":"2024-10-23T15:28:25","modified_gmt":"2024-10-23T13:28:25","slug":"ssc-napoli-heimtrikot-trikotsatz-kit-blau-weiss-mit-aufdruck-insigne-24","status":"publish","type":"product","link":"https:\/\/www.billigtrikotde.com\/sv\/ssc-napoli-heimtrikot-trikotsatz-kit-blau-weiss-mit-aufdruck-insigne-24\/","title":{"rendered":"SSC Napoli hemmatr\u00f6ja kit bl\u00e5 vit med tryck INSIGNE 24"},"content":{"rendered":"<p>Tips f\u00f6r tv\u00e4tt: Det \u00e4r rekommenderat att tv\u00e4tta fotbollstr\u00f6jor f\u00f6r hand. Om du vill anv\u00e4nda tv\u00e4ttmaskinen ska du komma ih\u00e5g att v\u00e4nda fotbollstr\u00f6jorna ut och in och sedan tv\u00e4tta dem. Fyll maskinen med kallt vatten och anv\u00e4nd ett skonsamt program f\u00f6r att b\u00e4ttre skydda f\u00e4rgerna.<\/p>\n<p>Fotbollstr\u00f6jor tryck online<br \/>\nDu har m\u00f6jlighet att designa dina fotbollstr\u00f6jor. Antingen v\u00e4ljer du din favoritspelare fr\u00e5n ditt lag eller s\u00e5 v\u00e4ljer du ditt eget namn inklusive nummer.<\/p>","protected":false},"excerpt":{"rendered":"<p>Tips f\u00f6r tv\u00e4tt: Det rekommenderas att fotbollstr\u00f6jor tv\u00e4ttas f\u00f6r hand. Om du vill anv\u00e4nda tv\u00e4ttmaskinen, t\u00e4nk p\u00e5 att v\u00e4nda fotbollstr\u00f6jorna och sedan tv\u00e4tta dem. Fyll maskinen med kallt vatten och anv\u00e4nd en skonsam tv\u00e4ttcykel f\u00f6r att b\u00e4ttre skydda f\u00e4rgerna. Fotbollstr\u00f6jor Tryck Online Du har m\u00f6jlighet att utforma dina fotbollstr\u00f6jor. Antingen [\u2026]<\/p>","protected":false},"featured_media":3987,"comment_status":"open","ping_status":"closed","template":"","meta":[],"product_brand":[],"product_cat":[192],"product_tag":[20,21,22,23,24,193],"class_list":{"0":"post-3948","1":"product","2":"type-product","3":"status-publish","4":"has-post-thumbnail","6":"product_cat-ssc-napoli","7":"product_tag-coole-fussballtrikots","8":"product_tag-fussballtrikot-fuer-herren","9":"product_tag-fussballtrikot-guenstig-kaufen","10":"product_tag-fussballtrikot-kurzarm","11":"product_tag-guenstiges-fussballtrikot","12":"product_tag-napoli-kits","14":"first","15":"instock","16":"shipping-taxable","17":"purchasable","18":"product-type-variable"},"_links":{"self":[{"href":"https:\/\/www.billigtrikotde.com\/sv\/wp-json\/wp\/v2\/product\/3948","targetHints":{"allow":["GET"]}}],"collection":[{"href":"https:\/\/www.billigtrikotde.com\/sv\/wp-json\/wp\/v2\/product"}],"about":[{"href":"https:\/\/www.billigtrikotde.com\/sv\/wp-json\/wp\/v2\/types\/product"}],"replies":[{"embeddable":true,"href":"https:\/\/www.billigtrikotde.com\/sv\/wp-json\/wp\/v2\/comments?post=3948"}],"wp:featuredmedia":[{"embeddable":true,"href":"https:\/\/www.billigtrikotde.com\/sv\/wp-json\/wp\/v2\/media\/3987"}],"wp:attachment":[{"href":"https:\/\/www.billigtrikotde.com\/sv\/wp-json\/wp\/v2\/media?parent=3948"}],"wp:term":[{"taxonomy":"product_brand","embeddable":true,"href":"https:\/\/www.billigtrikotde.com\/sv\/wp-json\/wp\/v2\/product_brand?post=3948"},{"taxonomy":"product_cat","embeddable":true,"href":"https:\/\/www.billigtrikotde.com\/sv\/wp-json\/wp\/v2\/product_cat?post=3948"},{"taxonomy":"product_tag","embeddable":true,"href":"https:\/\/www.billigtrikotde.com\/sv\/wp-json\/wp\/v2\/product_tag?post=3948"}],"curies":[{"name":"wp","href":"https:\/\/api.w.org\/{rel}","templated":true}]}}