{"id":3936,"date":"2024-10-23T15:25:41","date_gmt":"2024-10-23T13:25:41","guid":{"rendered":"http:\/\/billigtrikots.com\/?post_type=product&#038;p=3936"},"modified":"2024-10-23T15:27:50","modified_gmt":"2024-10-23T13:27:50","slug":"ssc-naepel-maradona-fussballtrikot-2021-2022-marineblau-mit-aufdruck-mertens-14","status":"publish","type":"product","link":"https:\/\/www.billigtrikotde.com\/sv\/ssc-naepel-maradona-fussballtrikot-2021-2022-marineblau-mit-aufdruck-mertens-14\/","title":{"rendered":"SSC Naepel Maradona Fotbollstr\u00f6ja 2021-2022 Marinbl\u00e5 med tryck MERTENS 14"},"content":{"rendered":"<p>Grundf\u00e4rgen p\u00e5 EA7 Napoli Maradona 2021-2022-fotbollstr\u00f6jan \u00e4r marinbl\u00e5 och inneh\u00e5ller en avbildning av Maradona i den argentinska fotbollstr\u00f6jan p\u00e5 undersidan. Denna tryck \u00e4r framtagen i ett fingeravtrycksliknande design. Trycket \u00e4r inspirerat av ett konstverk av den neapolitanske konstn\u00e4ren Guiseppe Klain. Dessutom inneh\u00e5ller tr\u00f6jan \u00e4ven ljusbl\u00e5a accenter, inspirerade av klubbens f\u00e4rger av SSC Napoli. Bandet l\u00e4ngst ned p\u00e5 \u00e4rmarna \u00e4r ljusbl\u00e5tt, likas\u00e5 rundhalsutsk\u00e4rningen och ett tejp p\u00e5 axlarna. Emporio Armani Sportswear-logotypen finns p\u00e5 h\u00f6ger br\u00f6st och p\u00e5 v\u00e4nster br\u00f6st finns klubbemblemet. Lete- och MSC-logotyperna syns i mitten av tr\u00f6jan. Den v\u00e4nstra \u00e4rmen p\u00e5 tr\u00f6jan b\u00e4r logotypen f\u00f6r \u00e4rmsponsor Amazon. Startbokst\u00e4verna f\u00f6r klubben \u00e4r inarbetade i nacken p\u00e5 baksidan av Napoli Maradona-fotbollstr\u00f6jan: SSCN.<\/p>\n<p>Tips f\u00f6r tv\u00e4tt: Det \u00e4r rekommenderat att tv\u00e4tta fotbollstr\u00f6jor f\u00f6r hand. Om du vill anv\u00e4nda tv\u00e4ttmaskinen ska du komma ih\u00e5g att v\u00e4nda fotbollstr\u00f6jorna ut och in och sedan tv\u00e4tta dem. Fyll maskinen med kallt vatten och anv\u00e4nd ett skonsamt program f\u00f6r att b\u00e4ttre skydda f\u00e4rgerna.<\/p>\n<p>Fotbollstr\u00f6jor tryck online<br \/>\nDu har m\u00f6jlighet att designa dina fotbollstr\u00f6jor. Antingen v\u00e4ljer du din favoritspelare fr\u00e5n ditt lag eller s\u00e5 v\u00e4ljer du ditt eget namn inklusive nummer.<\/p>","protected":false},"excerpt":{"rendered":"<p>Die Grundfarbe des EA7 Napoli Maradona 2021-2022 Fu\u00dfballtrikots ist Marineblau und enth\u00e4lt einen Aufdruck von Maradona im argentinischen Fu\u00dfballtrikot auf der Unterseite. Dieser Druck ist in einem fingerabdruck\u00e4hnlichen Design verarbeitet. Der Druck ist von einem Kunstwerk des neapolitanischen K\u00fcnstlers Guiseppe Klain inspiriert. Dar\u00fcber hinaus enth\u00e4lt das Trikot auch hellblaue Akzente, inspiriert von den Vereinsfarben des [&hellip;]<\/p>","protected":false},"featured_media":3975,"comment_status":"open","ping_status":"closed","template":"","meta":[],"product_brand":[],"product_cat":[192],"product_tag":[20,21,22,23,24,193],"class_list":{"0":"post-3936","1":"product","2":"type-product","3":"status-publish","4":"has-post-thumbnail","6":"product_cat-ssc-napoli","7":"product_tag-coole-fussballtrikots","8":"product_tag-fussballtrikot-fuer-herren","9":"product_tag-fussballtrikot-guenstig-kaufen","10":"product_tag-fussballtrikot-kurzarm","11":"product_tag-guenstiges-fussballtrikot","12":"product_tag-napoli-kits","14":"first","15":"instock","16":"shipping-taxable","17":"purchasable","18":"product-type-variable"},"_links":{"self":[{"href":"https:\/\/www.billigtrikotde.com\/sv\/wp-json\/wp\/v2\/product\/3936","targetHints":{"allow":["GET"]}}],"collection":[{"href":"https:\/\/www.billigtrikotde.com\/sv\/wp-json\/wp\/v2\/product"}],"about":[{"href":"https:\/\/www.billigtrikotde.com\/sv\/wp-json\/wp\/v2\/types\/product"}],"replies":[{"embeddable":true,"href":"https:\/\/www.billigtrikotde.com\/sv\/wp-json\/wp\/v2\/comments?post=3936"}],"wp:featuredmedia":[{"embeddable":true,"href":"https:\/\/www.billigtrikotde.com\/sv\/wp-json\/wp\/v2\/media\/3975"}],"wp:attachment":[{"href":"https:\/\/www.billigtrikotde.com\/sv\/wp-json\/wp\/v2\/media?parent=3936"}],"wp:term":[{"taxonomy":"product_brand","embeddable":true,"href":"https:\/\/www.billigtrikotde.com\/sv\/wp-json\/wp\/v2\/product_brand?post=3936"},{"taxonomy":"product_cat","embeddable":true,"href":"https:\/\/www.billigtrikotde.com\/sv\/wp-json\/wp\/v2\/product_cat?post=3936"},{"taxonomy":"product_tag","embeddable":true,"href":"https:\/\/www.billigtrikotde.com\/sv\/wp-json\/wp\/v2\/product_tag?post=3936"}],"curies":[{"name":"wp","href":"https:\/\/api.w.org\/{rel}","templated":true}]}}